{"id":7766,"date":"2023-10-17T15:36:07","date_gmt":"2023-10-17T15:36:07","guid":{"rendered":"https:\/\/offroadfinnmark.no\/?page_id=7766"},"modified":"2024-07-25T09:34:04","modified_gmt":"2024-07-25T09:34:04","slug":"de-jeunesse-2","status":"publish","type":"page","link":"https:\/\/offroadfinnmark.no\/fr\/de-jeunesse-2\/","title":{"rendered":"OF Jeunes Personnes \u00e2g\u00e9es"},"content":{"rendered":"<div id=\"cs-content\" class=\"cs-content\"><\/div>\n","protected":false},"excerpt":{"rendered":"<p>Coop Finnmark OF Jeunesse 30\/50 km Pour vous entre 13 et 23 ans &nbsp; Primes \u00c9quipement Pistes et cartes Programme Forfait balade Primes \u00c9quipement Pistes et cartes Programme FORFAIT RIDE Coop Finnmark est l&rsquo;une des plus grandes entreprises priv\u00e9es du Finnmark, d\u00e9tenue par plus de 24 000 membres r\u00e9partis dans tout le Finnmark. L&rsquo;\u00e9quipe compte actuellement 409 employ\u00e9s r\u00e9partis dans &#8230; <\/p>\n<div><a href=\"https:\/\/offroadfinnmark.no\/fr\/de-jeunesse-2\/\" class=\"more-link\">Read More<\/a><\/div>\n","protected":false},"author":13,"featured_media":0,"parent":0,"menu_order":0,"comment_status":"closed","ping_status":"closed","template":"","meta":{"_acf_changed":false,"_breakdance_hide_in_design_set":false,"_breakdance_tags":"","footnotes":""},"class_list":["post-7766","page","type-page","status-publish","hentry","no-post-thumbnail"],"acf":[],"yoast_head":"<!-- This site is optimized with the Yoast SEO plugin v22.7 - https:\/\/yoast.com\/wordpress\/plugins\/seo\/ -->\n<title>OF Jeunes Personnes \u00e2g\u00e9es - Offroad Finnmark<\/title>\n<meta name=\"robots\" content=\"index, follow, max-snippet:-1, max-image-preview:large, max-video-preview:-1\" \/>\n<link rel=\"canonical\" href=\"https:\/\/offroadfinnmark.no\/fr\/de-jeunesse-2\/\" \/>\n<meta property=\"og:locale\" content=\"fr_FR\" \/>\n<meta property=\"og:type\" content=\"article\" \/>\n<meta property=\"og:title\" content=\"OF Jeunes Personnes \u00e2g\u00e9es - Offroad Finnmark\" \/>\n<meta property=\"og:description\" content=\"Coop Finnmark OF Jeunesse 30\/50 km Pour vous entre 13 et 23 ans &nbsp; Primes \u00c9quipement Pistes et cartes Programme Forfait balade Primes \u00c9quipement Pistes et cartes Programme FORFAIT RIDE Coop Finnmark est l&#039;une des plus grandes entreprises priv\u00e9es du Finnmark, d\u00e9tenue par plus de 24 000 membres r\u00e9partis dans tout le Finnmark. L&#039;\u00e9quipe compte actuellement 409 employ\u00e9s r\u00e9partis dans ... Read More\" \/>\n<meta property=\"og:url\" content=\"https:\/\/offroadfinnmark.no\/fr\/de-jeunesse-2\/\" \/>\n<meta property=\"og:site_name\" content=\"Offroad Finnmark\" \/>\n<meta property=\"article:modified_time\" content=\"2024-07-25T09:34:04+00:00\" \/>\n<meta property=\"og:image\" content=\"http:\/\/offroadfinnmar.wpengine.com\/wp-content\/uploads\/2017\/12\/price_price-06.png\" \/>\n<meta name=\"twitter:card\" content=\"summary_large_image\" \/>\n<meta name=\"twitter:label1\" content=\"Dur\u00e9e de lecture estim\u00e9e\" \/>\n\t<meta name=\"twitter:data1\" content=\"10 minutes\" \/>\n<script type=\"application\/ld+json\" class=\"yoast-schema-graph\">{\"@context\":\"https:\/\/schema.org\",\"@graph\":[{\"@type\":\"WebPage\",\"@id\":\"https:\/\/offroadfinnmark.no\/fr\/de-jeunesse-2\/\",\"url\":\"https:\/\/offroadfinnmark.no\/fr\/de-jeunesse-2\/\",\"name\":\"OF Jeunes Personnes \u00e2g\u00e9es - Offroad Finnmark\",\"isPartOf\":{\"@id\":\"https:\/\/offroadfinnmark.no\/#website\"},\"primaryImageOfPage\":{\"@id\":\"https:\/\/offroadfinnmark.no\/fr\/de-jeunesse-2\/#primaryimage\"},\"image\":{\"@id\":\"https:\/\/offroadfinnmark.no\/fr\/de-jeunesse-2\/#primaryimage\"},\"thumbnailUrl\":\"https:\/\/offroadfinnmark.no\/wp-content\/uploads\/2017\/12\/price_price-06.png\",\"datePublished\":\"2023-10-17T15:36:07+00:00\",\"dateModified\":\"2024-07-25T09:34:04+00:00\",\"breadcrumb\":{\"@id\":\"https:\/\/offroadfinnmark.no\/fr\/de-jeunesse-2\/#breadcrumb\"},\"inLanguage\":\"fr-FR\",\"potentialAction\":[{\"@type\":\"ReadAction\",\"target\":[\"https:\/\/offroadfinnmark.no\/fr\/de-jeunesse-2\/\"]}]},{\"@type\":\"ImageObject\",\"inLanguage\":\"fr-FR\",\"@id\":\"https:\/\/offroadfinnmark.no\/fr\/de-jeunesse-2\/#primaryimage\",\"url\":\"https:\/\/offroadfinnmark.no\/wp-content\/uploads\/2017\/12\/price_price-06.png\",\"contentUrl\":\"https:\/\/offroadfinnmark.no\/wp-content\/uploads\/2017\/12\/price_price-06.png\"},{\"@type\":\"BreadcrumbList\",\"@id\":\"https:\/\/offroadfinnmark.no\/fr\/de-jeunesse-2\/#breadcrumb\",\"itemListElement\":[{\"@type\":\"ListItem\",\"position\":1,\"name\":\"Home\",\"item\":\"https:\/\/offroadfinnmark.no\/fr\/maison-2-2\/\"},{\"@type\":\"ListItem\",\"position\":2,\"name\":\"OF Jeunes Personnes \u00e2g\u00e9es\"}]},{\"@type\":\"WebSite\",\"@id\":\"https:\/\/offroadfinnmark.no\/#website\",\"url\":\"https:\/\/offroadfinnmark.no\/\",\"name\":\"https:\/\/offroadfinnmark.no\/\",\"description\":\"We make people bike in the arctic\",\"publisher\":{\"@id\":\"https:\/\/offroadfinnmark.no\/#organization\"},\"potentialAction\":[{\"@type\":\"SearchAction\",\"target\":{\"@type\":\"EntryPoint\",\"urlTemplate\":\"https:\/\/offroadfinnmark.no\/?s={search_term_string}\"},\"query-input\":\"required name=search_term_string\"}],\"inLanguage\":\"fr-FR\"},{\"@type\":\"Organization\",\"@id\":\"https:\/\/offroadfinnmark.no\/#organization\",\"name\":\"Offroad Finmark\",\"url\":\"https:\/\/offroadfinnmark.no\/\",\"logo\":{\"@type\":\"ImageObject\",\"inLanguage\":\"fr-FR\",\"@id\":\"https:\/\/offroadfinnmark.no\/#\/schema\/logo\/image\/\",\"url\":\"https:\/\/offroadfinnmark.no\/wp-content\/uploads\/2017\/11\/of_logo_original_web.jpg\",\"contentUrl\":\"https:\/\/offroadfinnmark.no\/wp-content\/uploads\/2017\/11\/of_logo_original_web.jpg\",\"width\":649,\"height\":172,\"caption\":\"Offroad Finmark\"},\"image\":{\"@id\":\"https:\/\/offroadfinnmark.no\/#\/schema\/logo\/image\/\"}}]}<\/script>\n<!-- \/ Yoast SEO plugin. -->","yoast_head_json":{"title":"OF Jeunes Personnes \u00e2g\u00e9es - Offroad Finnmark","robots":{"index":"index","follow":"follow","max-snippet":"max-snippet:-1","max-image-preview":"max-image-preview:large","max-video-preview":"max-video-preview:-1"},"canonical":"https:\/\/offroadfinnmark.no\/fr\/de-jeunesse-2\/","og_locale":"fr_FR","og_type":"article","og_title":"OF Jeunes Personnes \u00e2g\u00e9es - Offroad Finnmark","og_description":"Coop Finnmark OF Jeunesse 30\/50 km Pour vous entre 13 et 23 ans &nbsp; Primes \u00c9quipement Pistes et cartes Programme Forfait balade Primes \u00c9quipement Pistes et cartes Programme FORFAIT RIDE Coop Finnmark est l'une des plus grandes entreprises priv\u00e9es du Finnmark, d\u00e9tenue par plus de 24 000 membres r\u00e9partis dans tout le Finnmark. L'\u00e9quipe compte actuellement 409 employ\u00e9s r\u00e9partis dans ... Read More","og_url":"https:\/\/offroadfinnmark.no\/fr\/de-jeunesse-2\/","og_site_name":"Offroad Finnmark","article_modified_time":"2024-07-25T09:34:04+00:00","og_image":[{"url":"http:\/\/offroadfinnmar.wpengine.com\/wp-content\/uploads\/2017\/12\/price_price-06.png"}],"twitter_card":"summary_large_image","twitter_misc":{"Dur\u00e9e de lecture estim\u00e9e":"10 minutes"},"schema":{"@context":"https:\/\/schema.org","@graph":[{"@type":"WebPage","@id":"https:\/\/offroadfinnmark.no\/fr\/de-jeunesse-2\/","url":"https:\/\/offroadfinnmark.no\/fr\/de-jeunesse-2\/","name":"OF Jeunes Personnes \u00e2g\u00e9es - Offroad Finnmark","isPartOf":{"@id":"https:\/\/offroadfinnmark.no\/#website"},"primaryImageOfPage":{"@id":"https:\/\/offroadfinnmark.no\/fr\/de-jeunesse-2\/#primaryimage"},"image":{"@id":"https:\/\/offroadfinnmark.no\/fr\/de-jeunesse-2\/#primaryimage"},"thumbnailUrl":"https:\/\/offroadfinnmark.no\/wp-content\/uploads\/2017\/12\/price_price-06.png","datePublished":"2023-10-17T15:36:07+00:00","dateModified":"2024-07-25T09:34:04+00:00","breadcrumb":{"@id":"https:\/\/offroadfinnmark.no\/fr\/de-jeunesse-2\/#breadcrumb"},"inLanguage":"fr-FR","potentialAction":[{"@type":"ReadAction","target":["https:\/\/offroadfinnmark.no\/fr\/de-jeunesse-2\/"]}]},{"@type":"ImageObject","inLanguage":"fr-FR","@id":"https:\/\/offroadfinnmark.no\/fr\/de-jeunesse-2\/#primaryimage","url":"https:\/\/offroadfinnmark.no\/wp-content\/uploads\/2017\/12\/price_price-06.png","contentUrl":"https:\/\/offroadfinnmark.no\/wp-content\/uploads\/2017\/12\/price_price-06.png"},{"@type":"BreadcrumbList","@id":"https:\/\/offroadfinnmark.no\/fr\/de-jeunesse-2\/#breadcrumb","itemListElement":[{"@type":"ListItem","position":1,"name":"Home","item":"https:\/\/offroadfinnmark.no\/fr\/maison-2-2\/"},{"@type":"ListItem","position":2,"name":"OF Jeunes Personnes \u00e2g\u00e9es"}]},{"@type":"WebSite","@id":"https:\/\/offroadfinnmark.no\/#website","url":"https:\/\/offroadfinnmark.no\/","name":"https:\/\/offroadfinnmark.no\/","description":"We make people bike in the arctic","publisher":{"@id":"https:\/\/offroadfinnmark.no\/#organization"},"potentialAction":[{"@type":"SearchAction","target":{"@type":"EntryPoint","urlTemplate":"https:\/\/offroadfinnmark.no\/?s={search_term_string}"},"query-input":"required name=search_term_string"}],"inLanguage":"fr-FR"},{"@type":"Organization","@id":"https:\/\/offroadfinnmark.no\/#organization","name":"Offroad Finmark","url":"https:\/\/offroadfinnmark.no\/","logo":{"@type":"ImageObject","inLanguage":"fr-FR","@id":"https:\/\/offroadfinnmark.no\/#\/schema\/logo\/image\/","url":"https:\/\/offroadfinnmark.no\/wp-content\/uploads\/2017\/11\/of_logo_original_web.jpg","contentUrl":"https:\/\/offroadfinnmark.no\/wp-content\/uploads\/2017\/11\/of_logo_original_web.jpg","width":649,"height":172,"caption":"Offroad Finmark"},"image":{"@id":"https:\/\/offroadfinnmark.no\/#\/schema\/logo\/image\/"}}]}},"_links":{"self":[{"href":"https:\/\/offroadfinnmark.no\/fr\/wp-json\/wp\/v2\/pages\/7766","targetHints":{"allow":["GET"]}}],"collection":[{"href":"https:\/\/offroadfinnmark.no\/fr\/wp-json\/wp\/v2\/pages"}],"about":[{"href":"https:\/\/offroadfinnmark.no\/fr\/wp-json\/wp\/v2\/types\/page"}],"author":[{"embeddable":true,"href":"https:\/\/offroadfinnmark.no\/fr\/wp-json\/wp\/v2\/users\/13"}],"replies":[{"embeddable":true,"href":"https:\/\/offroadfinnmark.no\/fr\/wp-json\/wp\/v2\/comments?post=7766"}],"version-history":[{"count":0,"href":"https:\/\/offroadfinnmark.no\/fr\/wp-json\/wp\/v2\/pages\/7766\/revisions"}],"wp:attachment":[{"href":"https:\/\/offroadfinnmark.no\/fr\/wp-json\/wp\/v2\/media?parent=7766"}],"curies":[{"name":"wp","href":"https:\/\/api.w.org\/{rel}","templated":true}]}}