{"id":7582,"date":"2018-02-05T08:36:21","date_gmt":"2018-02-05T08:36:21","guid":{"rendered":"https:\/\/offroadfinnmark.no\/temple-de-la-renommee\/"},"modified":"2023-09-19T10:39:37","modified_gmt":"2023-09-19T10:39:37","slug":"temple-de-la-renommee","status":"publish","type":"page","link":"https:\/\/offroadfinnmark.no\/fr\/temple-de-la-renommee\/","title":{"rendered":"Temple de la renomm\u00e9e"},"content":{"rendered":"<div id=\"cs-content\" class=\"cs-content\"><\/div>\n","protected":false},"excerpt":{"rendered":"<p>Des finisseurs Temple de la renomm\u00e9e Nom Nombre Ann\u00e9e Entretoises Alf Christian Losvar 18 2008, 2009, 2010, 2011, 2013, 2014, 2015, 2016, 2017, 2018, 2019,2020, 2021, 2022 OF300 x7, OF150 x6, OF700 x4, 700 Solo x1 Tor-Erling Johansen 16 2009, 2010, 2011, 2012, 2013, 2014, 2015, 2018, 2019, 2020, 2021, 2022 OF150 x5, OF300 x1, OF700 x9, OF700 Solo x1 &#8230; <\/p>\n<div><a href=\"https:\/\/offroadfinnmark.no\/fr\/temple-de-la-renommee\/\" class=\"more-link\">Read More<\/a><\/div>\n","protected":false},"author":2,"featured_media":0,"parent":0,"menu_order":0,"comment_status":"closed","ping_status":"closed","template":"template-blank-4.php","meta":{"_acf_changed":false,"_breakdance_hide_in_design_set":false,"_breakdance_tags":"","footnotes":""},"class_list":["post-7582","page","type-page","status-publish","hentry","no-post-thumbnail"],"acf":[],"yoast_head":"<!-- This site is optimized with the Yoast SEO plugin v22.7 - https:\/\/yoast.com\/wordpress\/plugins\/seo\/ -->\n<title>Temple de la renomm\u00e9e - Offroad Finnmark<\/title>\n<meta name=\"robots\" content=\"index, follow, max-snippet:-1, max-image-preview:large, max-video-preview:-1\" \/>\n<link rel=\"canonical\" href=\"https:\/\/offroadfinnmark.no\/fr\/temple-de-la-renommee\/\" \/>\n<meta property=\"og:locale\" content=\"fr_FR\" \/>\n<meta property=\"og:type\" content=\"article\" \/>\n<meta property=\"og:title\" content=\"Temple de la renomm\u00e9e - Offroad Finnmark\" \/>\n<meta property=\"og:description\" content=\"Des finisseurs Temple de la renomm\u00e9e Nom Nombre Ann\u00e9e Entretoises Alf Christian Losvar 18 2008, 2009, 2010, 2011, 2013, 2014, 2015, 2016, 2017, 2018, 2019,2020, 2021, 2022 OF300 x7, OF150 x6, OF700 x4, 700 Solo x1 Tor-Erling Johansen 16 2009, 2010, 2011, 2012, 2013, 2014, 2015, 2018, 2019, 2020, 2021, 2022 OF150 x5, OF300 x1, OF700 x9, OF700 Solo x1 ... Read More\" \/>\n<meta property=\"og:url\" content=\"https:\/\/offroadfinnmark.no\/fr\/temple-de-la-renommee\/\" \/>\n<meta property=\"og:site_name\" content=\"Offroad Finnmark\" \/>\n<meta property=\"article:modified_time\" content=\"2023-09-19T10:39:37+00:00\" \/>\n<meta name=\"twitter:card\" content=\"summary_large_image\" \/>\n<meta name=\"twitter:label1\" content=\"Dur\u00e9e de lecture estim\u00e9e\" \/>\n\t<meta name=\"twitter:data1\" content=\"26 minutes\" \/>\n<script type=\"application\/ld+json\" class=\"yoast-schema-graph\">{\"@context\":\"https:\/\/schema.org\",\"@graph\":[{\"@type\":\"WebPage\",\"@id\":\"https:\/\/offroadfinnmark.no\/fr\/temple-de-la-renommee\/\",\"url\":\"https:\/\/offroadfinnmark.no\/fr\/temple-de-la-renommee\/\",\"name\":\"Temple de la renomm\u00e9e - Offroad Finnmark\",\"isPartOf\":{\"@id\":\"https:\/\/offroadfinnmark.no\/#website\"},\"datePublished\":\"2018-02-05T08:36:21+00:00\",\"dateModified\":\"2023-09-19T10:39:37+00:00\",\"breadcrumb\":{\"@id\":\"https:\/\/offroadfinnmark.no\/fr\/temple-de-la-renommee\/#breadcrumb\"},\"inLanguage\":\"fr-FR\",\"potentialAction\":[{\"@type\":\"ReadAction\",\"target\":[\"https:\/\/offroadfinnmark.no\/fr\/temple-de-la-renommee\/\"]}]},{\"@type\":\"BreadcrumbList\",\"@id\":\"https:\/\/offroadfinnmark.no\/fr\/temple-de-la-renommee\/#breadcrumb\",\"itemListElement\":[{\"@type\":\"ListItem\",\"position\":1,\"name\":\"Home\",\"item\":\"https:\/\/offroadfinnmark.no\/fr\/maison-2-2\/\"},{\"@type\":\"ListItem\",\"position\":2,\"name\":\"Temple de la renomm\u00e9e\"}]},{\"@type\":\"WebSite\",\"@id\":\"https:\/\/offroadfinnmark.no\/#website\",\"url\":\"https:\/\/offroadfinnmark.no\/\",\"name\":\"https:\/\/offroadfinnmark.no\/\",\"description\":\"We make people bike in the arctic\",\"publisher\":{\"@id\":\"https:\/\/offroadfinnmark.no\/#organization\"},\"potentialAction\":[{\"@type\":\"SearchAction\",\"target\":{\"@type\":\"EntryPoint\",\"urlTemplate\":\"https:\/\/offroadfinnmark.no\/?s={search_term_string}\"},\"query-input\":\"required name=search_term_string\"}],\"inLanguage\":\"fr-FR\"},{\"@type\":\"Organization\",\"@id\":\"https:\/\/offroadfinnmark.no\/#organization\",\"name\":\"Offroad Finmark\",\"url\":\"https:\/\/offroadfinnmark.no\/\",\"logo\":{\"@type\":\"ImageObject\",\"inLanguage\":\"fr-FR\",\"@id\":\"https:\/\/offroadfinnmark.no\/#\/schema\/logo\/image\/\",\"url\":\"https:\/\/offroadfinnmark.no\/wp-content\/uploads\/2017\/11\/of_logo_original_web.jpg\",\"contentUrl\":\"https:\/\/offroadfinnmark.no\/wp-content\/uploads\/2017\/11\/of_logo_original_web.jpg\",\"width\":649,\"height\":172,\"caption\":\"Offroad Finmark\"},\"image\":{\"@id\":\"https:\/\/offroadfinnmark.no\/#\/schema\/logo\/image\/\"}}]}<\/script>\n<!-- \/ Yoast SEO plugin. -->","yoast_head_json":{"title":"Temple de la renomm\u00e9e - Offroad Finnmark","robots":{"index":"index","follow":"follow","max-snippet":"max-snippet:-1","max-image-preview":"max-image-preview:large","max-video-preview":"max-video-preview:-1"},"canonical":"https:\/\/offroadfinnmark.no\/fr\/temple-de-la-renommee\/","og_locale":"fr_FR","og_type":"article","og_title":"Temple de la renomm\u00e9e - Offroad Finnmark","og_description":"Des finisseurs Temple de la renomm\u00e9e Nom Nombre Ann\u00e9e Entretoises Alf Christian Losvar 18 2008, 2009, 2010, 2011, 2013, 2014, 2015, 2016, 2017, 2018, 2019,2020, 2021, 2022 OF300 x7, OF150 x6, OF700 x4, 700 Solo x1 Tor-Erling Johansen 16 2009, 2010, 2011, 2012, 2013, 2014, 2015, 2018, 2019, 2020, 2021, 2022 OF150 x5, OF300 x1, OF700 x9, OF700 Solo x1 ... Read More","og_url":"https:\/\/offroadfinnmark.no\/fr\/temple-de-la-renommee\/","og_site_name":"Offroad Finnmark","article_modified_time":"2023-09-19T10:39:37+00:00","twitter_card":"summary_large_image","twitter_misc":{"Dur\u00e9e de lecture estim\u00e9e":"26 minutes"},"schema":{"@context":"https:\/\/schema.org","@graph":[{"@type":"WebPage","@id":"https:\/\/offroadfinnmark.no\/fr\/temple-de-la-renommee\/","url":"https:\/\/offroadfinnmark.no\/fr\/temple-de-la-renommee\/","name":"Temple de la renomm\u00e9e - Offroad Finnmark","isPartOf":{"@id":"https:\/\/offroadfinnmark.no\/#website"},"datePublished":"2018-02-05T08:36:21+00:00","dateModified":"2023-09-19T10:39:37+00:00","breadcrumb":{"@id":"https:\/\/offroadfinnmark.no\/fr\/temple-de-la-renommee\/#breadcrumb"},"inLanguage":"fr-FR","potentialAction":[{"@type":"ReadAction","target":["https:\/\/offroadfinnmark.no\/fr\/temple-de-la-renommee\/"]}]},{"@type":"BreadcrumbList","@id":"https:\/\/offroadfinnmark.no\/fr\/temple-de-la-renommee\/#breadcrumb","itemListElement":[{"@type":"ListItem","position":1,"name":"Home","item":"https:\/\/offroadfinnmark.no\/fr\/maison-2-2\/"},{"@type":"ListItem","position":2,"name":"Temple de la renomm\u00e9e"}]},{"@type":"WebSite","@id":"https:\/\/offroadfinnmark.no\/#website","url":"https:\/\/offroadfinnmark.no\/","name":"https:\/\/offroadfinnmark.no\/","description":"We make people bike in the arctic","publisher":{"@id":"https:\/\/offroadfinnmark.no\/#organization"},"potentialAction":[{"@type":"SearchAction","target":{"@type":"EntryPoint","urlTemplate":"https:\/\/offroadfinnmark.no\/?s={search_term_string}"},"query-input":"required name=search_term_string"}],"inLanguage":"fr-FR"},{"@type":"Organization","@id":"https:\/\/offroadfinnmark.no\/#organization","name":"Offroad Finmark","url":"https:\/\/offroadfinnmark.no\/","logo":{"@type":"ImageObject","inLanguage":"fr-FR","@id":"https:\/\/offroadfinnmark.no\/#\/schema\/logo\/image\/","url":"https:\/\/offroadfinnmark.no\/wp-content\/uploads\/2017\/11\/of_logo_original_web.jpg","contentUrl":"https:\/\/offroadfinnmark.no\/wp-content\/uploads\/2017\/11\/of_logo_original_web.jpg","width":649,"height":172,"caption":"Offroad Finmark"},"image":{"@id":"https:\/\/offroadfinnmark.no\/#\/schema\/logo\/image\/"}}]}},"_links":{"self":[{"href":"https:\/\/offroadfinnmark.no\/fr\/wp-json\/wp\/v2\/pages\/7582","targetHints":{"allow":["GET"]}}],"collection":[{"href":"https:\/\/offroadfinnmark.no\/fr\/wp-json\/wp\/v2\/pages"}],"about":[{"href":"https:\/\/offroadfinnmark.no\/fr\/wp-json\/wp\/v2\/types\/page"}],"author":[{"embeddable":true,"href":"https:\/\/offroadfinnmark.no\/fr\/wp-json\/wp\/v2\/users\/2"}],"replies":[{"embeddable":true,"href":"https:\/\/offroadfinnmark.no\/fr\/wp-json\/wp\/v2\/comments?post=7582"}],"version-history":[{"count":0,"href":"https:\/\/offroadfinnmark.no\/fr\/wp-json\/wp\/v2\/pages\/7582\/revisions"}],"wp:attachment":[{"href":"https:\/\/offroadfinnmark.no\/fr\/wp-json\/wp\/v2\/media?parent=7582"}],"curies":[{"name":"wp","href":"https:\/\/api.w.org\/{rel}","templated":true}]}}