{"id":7542,"date":"2024-03-01T13:00:24","date_gmt":"2024-03-01T13:00:24","guid":{"rendered":"https:\/\/offroadfinnmark.no\/of700-solo\/"},"modified":"2026-03-22T10:56:55","modified_gmt":"2026-03-22T10:56:55","slug":"of700-solo","status":"publish","type":"page","link":"https:\/\/offroadfinnmark.no\/fr\/of700-solo\/","title":{"rendered":"OF700 Solo"},"content":{"rendered":"<div id=\"cs-content\" class=\"cs-content\"><\/div>\n","protected":false},"excerpt":{"rendered":"<p>Norr\u00f8na OF700 km Solo &#8211; le plus long et le plus difficile ultramarathon non-stop de VTT au monde Difficile &#8211; \u00e9puisant &#8211; Euphorique &nbsp;Norr\u00f8na OF700 km Solo tout ce que tu as besoin de savoir Primes \u00c9quipement Offres aux points de contr\u00f4le Pistes et cartes Programme Frais d&rsquo;inscription R\u00c8GLEMENTS H\u00c9BERGEMENT Primes \u00c9quipement Offre de point de contr\u00f4le Pistes et cartes &#8230; <\/p>\n<div><a href=\"https:\/\/offroadfinnmark.no\/fr\/of700-solo\/\" class=\"more-link\">Read More<\/a><\/div>\n","protected":false},"author":11,"featured_media":0,"parent":0,"menu_order":0,"comment_status":"closed","ping_status":"closed","template":"template-blank-4.php","meta":{"_acf_changed":false,"_breakdance_hide_in_design_set":false,"_breakdance_tags":"","footnotes":""},"class_list":["post-7542","page","type-page","status-publish","hentry","no-post-thumbnail"],"acf":[],"yoast_head":"<!-- This site is optimized with the Yoast SEO plugin v22.7 - https:\/\/yoast.com\/wordpress\/plugins\/seo\/ -->\n<title>OF700 Solo - Offroad Finnmark<\/title>\n<meta name=\"robots\" content=\"index, follow, max-snippet:-1, max-image-preview:large, max-video-preview:-1\" \/>\n<link rel=\"canonical\" href=\"https:\/\/offroadfinnmark.no\/fr\/of700-solo\/\" \/>\n<meta property=\"og:locale\" content=\"fr_FR\" \/>\n<meta property=\"og:type\" content=\"article\" \/>\n<meta property=\"og:title\" content=\"OF700 Solo - Offroad Finnmark\" \/>\n<meta property=\"og:description\" content=\"Norr\u00f8na OF700 km Solo - le plus long et le plus difficile ultramarathon non-stop de VTT au monde Difficile - \u00e9puisant - Euphorique &nbsp;Norr\u00f8na OF700 km Solo tout ce que tu as besoin de savoir Primes \u00c9quipement Offres aux points de contr\u00f4le Pistes et cartes Programme Frais d&#039;inscription R\u00c8GLEMENTS H\u00c9BERGEMENT Primes \u00c9quipement Offre de point de contr\u00f4le Pistes et cartes ... Read More\" \/>\n<meta property=\"og:url\" content=\"https:\/\/offroadfinnmark.no\/fr\/of700-solo\/\" \/>\n<meta property=\"og:site_name\" content=\"Offroad Finnmark\" \/>\n<meta property=\"article:modified_time\" content=\"2026-03-22T10:56:55+00:00\" \/>\n<meta property=\"og:image\" content=\"https:\/\/offroadfinnmark.no\/wp-content\/uploads\/2017\/12\/price_price-06.png\" \/>\n<meta name=\"twitter:card\" content=\"summary_large_image\" \/>\n<meta name=\"twitter:label1\" content=\"Dur\u00e9e de lecture estim\u00e9e\" \/>\n\t<meta name=\"twitter:data1\" content=\"4 minutes\" \/>\n<script type=\"application\/ld+json\" class=\"yoast-schema-graph\">{\"@context\":\"https:\/\/schema.org\",\"@graph\":[{\"@type\":\"WebPage\",\"@id\":\"https:\/\/offroadfinnmark.no\/fr\/of700-solo\/\",\"url\":\"https:\/\/offroadfinnmark.no\/fr\/of700-solo\/\",\"name\":\"OF700 Solo - Offroad Finnmark\",\"isPartOf\":{\"@id\":\"https:\/\/offroadfinnmark.no\/#website\"},\"primaryImageOfPage\":{\"@id\":\"https:\/\/offroadfinnmark.no\/fr\/of700-solo\/#primaryimage\"},\"image\":{\"@id\":\"https:\/\/offroadfinnmark.no\/fr\/of700-solo\/#primaryimage\"},\"thumbnailUrl\":\"https:\/\/offroadfinnmark.no\/wp-content\/uploads\/2017\/12\/price_price-06.png\",\"datePublished\":\"2024-03-01T13:00:24+00:00\",\"dateModified\":\"2026-03-22T10:56:55+00:00\",\"breadcrumb\":{\"@id\":\"https:\/\/offroadfinnmark.no\/fr\/of700-solo\/#breadcrumb\"},\"inLanguage\":\"fr-FR\",\"potentialAction\":[{\"@type\":\"ReadAction\",\"target\":[\"https:\/\/offroadfinnmark.no\/fr\/of700-solo\/\"]}]},{\"@type\":\"ImageObject\",\"inLanguage\":\"fr-FR\",\"@id\":\"https:\/\/offroadfinnmark.no\/fr\/of700-solo\/#primaryimage\",\"url\":\"https:\/\/offroadfinnmark.no\/wp-content\/uploads\/2017\/12\/price_price-06.png\",\"contentUrl\":\"https:\/\/offroadfinnmark.no\/wp-content\/uploads\/2017\/12\/price_price-06.png\"},{\"@type\":\"BreadcrumbList\",\"@id\":\"https:\/\/offroadfinnmark.no\/fr\/of700-solo\/#breadcrumb\",\"itemListElement\":[{\"@type\":\"ListItem\",\"position\":1,\"name\":\"Home\",\"item\":\"https:\/\/offroadfinnmark.no\/fr\/maison-2-2\/\"},{\"@type\":\"ListItem\",\"position\":2,\"name\":\"OF700 Solo\"}]},{\"@type\":\"WebSite\",\"@id\":\"https:\/\/offroadfinnmark.no\/#website\",\"url\":\"https:\/\/offroadfinnmark.no\/\",\"name\":\"https:\/\/offroadfinnmark.no\/\",\"description\":\"We make people bike in the arctic\",\"publisher\":{\"@id\":\"https:\/\/offroadfinnmark.no\/#organization\"},\"potentialAction\":[{\"@type\":\"SearchAction\",\"target\":{\"@type\":\"EntryPoint\",\"urlTemplate\":\"https:\/\/offroadfinnmark.no\/?s={search_term_string}\"},\"query-input\":\"required name=search_term_string\"}],\"inLanguage\":\"fr-FR\"},{\"@type\":\"Organization\",\"@id\":\"https:\/\/offroadfinnmark.no\/#organization\",\"name\":\"Offroad Finmark\",\"url\":\"https:\/\/offroadfinnmark.no\/\",\"logo\":{\"@type\":\"ImageObject\",\"inLanguage\":\"fr-FR\",\"@id\":\"https:\/\/offroadfinnmark.no\/#\/schema\/logo\/image\/\",\"url\":\"https:\/\/offroadfinnmark.no\/wp-content\/uploads\/2017\/11\/of_logo_original_web.jpg\",\"contentUrl\":\"https:\/\/offroadfinnmark.no\/wp-content\/uploads\/2017\/11\/of_logo_original_web.jpg\",\"width\":649,\"height\":172,\"caption\":\"Offroad Finmark\"},\"image\":{\"@id\":\"https:\/\/offroadfinnmark.no\/#\/schema\/logo\/image\/\"}}]}<\/script>\n<!-- \/ Yoast SEO plugin. -->","yoast_head_json":{"title":"OF700 Solo - Offroad Finnmark","robots":{"index":"index","follow":"follow","max-snippet":"max-snippet:-1","max-image-preview":"max-image-preview:large","max-video-preview":"max-video-preview:-1"},"canonical":"https:\/\/offroadfinnmark.no\/fr\/of700-solo\/","og_locale":"fr_FR","og_type":"article","og_title":"OF700 Solo - Offroad Finnmark","og_description":"Norr\u00f8na OF700 km Solo - le plus long et le plus difficile ultramarathon non-stop de VTT au monde Difficile - \u00e9puisant - Euphorique &nbsp;Norr\u00f8na OF700 km Solo tout ce que tu as besoin de savoir Primes \u00c9quipement Offres aux points de contr\u00f4le Pistes et cartes Programme Frais d'inscription R\u00c8GLEMENTS H\u00c9BERGEMENT Primes \u00c9quipement Offre de point de contr\u00f4le Pistes et cartes ... Read More","og_url":"https:\/\/offroadfinnmark.no\/fr\/of700-solo\/","og_site_name":"Offroad Finnmark","article_modified_time":"2026-03-22T10:56:55+00:00","og_image":[{"url":"https:\/\/offroadfinnmark.no\/wp-content\/uploads\/2017\/12\/price_price-06.png"}],"twitter_card":"summary_large_image","twitter_misc":{"Dur\u00e9e de lecture estim\u00e9e":"4 minutes"},"schema":{"@context":"https:\/\/schema.org","@graph":[{"@type":"WebPage","@id":"https:\/\/offroadfinnmark.no\/fr\/of700-solo\/","url":"https:\/\/offroadfinnmark.no\/fr\/of700-solo\/","name":"OF700 Solo - Offroad Finnmark","isPartOf":{"@id":"https:\/\/offroadfinnmark.no\/#website"},"primaryImageOfPage":{"@id":"https:\/\/offroadfinnmark.no\/fr\/of700-solo\/#primaryimage"},"image":{"@id":"https:\/\/offroadfinnmark.no\/fr\/of700-solo\/#primaryimage"},"thumbnailUrl":"https:\/\/offroadfinnmark.no\/wp-content\/uploads\/2017\/12\/price_price-06.png","datePublished":"2024-03-01T13:00:24+00:00","dateModified":"2026-03-22T10:56:55+00:00","breadcrumb":{"@id":"https:\/\/offroadfinnmark.no\/fr\/of700-solo\/#breadcrumb"},"inLanguage":"fr-FR","potentialAction":[{"@type":"ReadAction","target":["https:\/\/offroadfinnmark.no\/fr\/of700-solo\/"]}]},{"@type":"ImageObject","inLanguage":"fr-FR","@id":"https:\/\/offroadfinnmark.no\/fr\/of700-solo\/#primaryimage","url":"https:\/\/offroadfinnmark.no\/wp-content\/uploads\/2017\/12\/price_price-06.png","contentUrl":"https:\/\/offroadfinnmark.no\/wp-content\/uploads\/2017\/12\/price_price-06.png"},{"@type":"BreadcrumbList","@id":"https:\/\/offroadfinnmark.no\/fr\/of700-solo\/#breadcrumb","itemListElement":[{"@type":"ListItem","position":1,"name":"Home","item":"https:\/\/offroadfinnmark.no\/fr\/maison-2-2\/"},{"@type":"ListItem","position":2,"name":"OF700 Solo"}]},{"@type":"WebSite","@id":"https:\/\/offroadfinnmark.no\/#website","url":"https:\/\/offroadfinnmark.no\/","name":"https:\/\/offroadfinnmark.no\/","description":"We make people bike in the arctic","publisher":{"@id":"https:\/\/offroadfinnmark.no\/#organization"},"potentialAction":[{"@type":"SearchAction","target":{"@type":"EntryPoint","urlTemplate":"https:\/\/offroadfinnmark.no\/?s={search_term_string}"},"query-input":"required name=search_term_string"}],"inLanguage":"fr-FR"},{"@type":"Organization","@id":"https:\/\/offroadfinnmark.no\/#organization","name":"Offroad Finmark","url":"https:\/\/offroadfinnmark.no\/","logo":{"@type":"ImageObject","inLanguage":"fr-FR","@id":"https:\/\/offroadfinnmark.no\/#\/schema\/logo\/image\/","url":"https:\/\/offroadfinnmark.no\/wp-content\/uploads\/2017\/11\/of_logo_original_web.jpg","contentUrl":"https:\/\/offroadfinnmark.no\/wp-content\/uploads\/2017\/11\/of_logo_original_web.jpg","width":649,"height":172,"caption":"Offroad Finmark"},"image":{"@id":"https:\/\/offroadfinnmark.no\/#\/schema\/logo\/image\/"}}]}},"_links":{"self":[{"href":"https:\/\/offroadfinnmark.no\/fr\/wp-json\/wp\/v2\/pages\/7542","targetHints":{"allow":["GET"]}}],"collection":[{"href":"https:\/\/offroadfinnmark.no\/fr\/wp-json\/wp\/v2\/pages"}],"about":[{"href":"https:\/\/offroadfinnmark.no\/fr\/wp-json\/wp\/v2\/types\/page"}],"author":[{"embeddable":true,"href":"https:\/\/offroadfinnmark.no\/fr\/wp-json\/wp\/v2\/users\/11"}],"replies":[{"embeddable":true,"href":"https:\/\/offroadfinnmark.no\/fr\/wp-json\/wp\/v2\/comments?post=7542"}],"version-history":[{"count":23,"href":"https:\/\/offroadfinnmark.no\/fr\/wp-json\/wp\/v2\/pages\/7542\/revisions"}],"predecessor-version":[{"id":8835,"href":"https:\/\/offroadfinnmark.no\/fr\/wp-json\/wp\/v2\/pages\/7542\/revisions\/8835"}],"wp:attachment":[{"href":"https:\/\/offroadfinnmark.no\/fr\/wp-json\/wp\/v2\/media?parent=7542"}],"curies":[{"name":"wp","href":"https:\/\/api.w.org\/{rel}","templated":true}]}}