{"id":7511,"date":"2024-03-01T13:00:59","date_gmt":"2024-03-01T13:00:59","guid":{"rendered":"https:\/\/offroadfinnmark.no\/de300\/"},"modified":"2025-10-02T05:58:17","modified_gmt":"2025-10-02T05:58:17","slug":"de300","status":"publish","type":"page","link":"https:\/\/offroadfinnmark.no\/fr\/de300\/","title":{"rendered":"DE300"},"content":{"rendered":"<div id=\"cs-content\" class=\"cs-content\"><\/div>\n","protected":false},"excerpt":{"rendered":"<p>L\u2019\u00e9quipe SmartDok OF300 km laisse une marque durable Te changera pour toujours &nbsp;L&rsquo;\u00e9quipe SmartDok OF300 Km tout ce que tu as besoin de savoir Primes \u00c9quipement offre de point de contr\u00f4le Pistes et cartes Programme Forfait balade R\u00e8glements H\u00e9bergement Primes \u00c9quipement Offres aux points de contr\u00f4le Pistes et cartes Programme Forfait balade R\u00c8GLEMENTS H\u00e9bergement Augmentation du profit dans votre projet&nbsp;! &#8230; <\/p>\n<div><a href=\"https:\/\/offroadfinnmark.no\/fr\/de300\/\" class=\"more-link\">Read More<\/a><\/div>\n","protected":false},"author":2,"featured_media":0,"parent":0,"menu_order":0,"comment_status":"closed","ping_status":"closed","template":"","meta":{"_acf_changed":false,"_breakdance_hide_in_design_set":false,"_breakdance_tags":"","footnotes":""},"class_list":["post-7511","page","type-page","status-publish","hentry","no-post-thumbnail"],"acf":[],"yoast_head":"<!-- This site is optimized with the Yoast SEO plugin v22.7 - https:\/\/yoast.com\/wordpress\/plugins\/seo\/ -->\n<title>DE300 - Offroad Finnmark<\/title>\n<meta name=\"robots\" content=\"index, follow, max-snippet:-1, max-image-preview:large, max-video-preview:-1\" \/>\n<link rel=\"canonical\" href=\"https:\/\/offroadfinnmark.no\/fr\/de300\/\" \/>\n<meta property=\"og:locale\" content=\"fr_FR\" \/>\n<meta property=\"og:type\" content=\"article\" \/>\n<meta property=\"og:title\" content=\"DE300 - Offroad Finnmark\" \/>\n<meta property=\"og:description\" content=\"L\u2019\u00e9quipe SmartDok OF300 km laisse une marque durable Te changera pour toujours &nbsp;L&#039;\u00e9quipe SmartDok OF300 Km tout ce que tu as besoin de savoir Primes \u00c9quipement offre de point de contr\u00f4le Pistes et cartes Programme Forfait balade R\u00e8glements H\u00e9bergement Primes \u00c9quipement Offres aux points de contr\u00f4le Pistes et cartes Programme Forfait balade R\u00c8GLEMENTS H\u00e9bergement Augmentation du profit dans votre projet&nbsp;! ... Read More\" \/>\n<meta property=\"og:url\" content=\"https:\/\/offroadfinnmark.no\/fr\/de300\/\" \/>\n<meta property=\"og:site_name\" content=\"Offroad Finnmark\" \/>\n<meta property=\"article:modified_time\" content=\"2025-10-02T05:58:17+00:00\" \/>\n<meta property=\"og:image\" content=\"http:\/\/offroadfinnmar.wpengine.com\/wp-content\/uploads\/2017\/12\/price_price-06.png\" \/>\n<meta name=\"twitter:card\" content=\"summary_large_image\" \/>\n<meta name=\"twitter:label1\" content=\"Dur\u00e9e de lecture estim\u00e9e\" \/>\n\t<meta name=\"twitter:data1\" content=\"16 minutes\" \/>\n<script type=\"application\/ld+json\" class=\"yoast-schema-graph\">{\"@context\":\"https:\/\/schema.org\",\"@graph\":[{\"@type\":\"WebPage\",\"@id\":\"https:\/\/offroadfinnmark.no\/fr\/de300\/\",\"url\":\"https:\/\/offroadfinnmark.no\/fr\/de300\/\",\"name\":\"DE300 - Offroad Finnmark\",\"isPartOf\":{\"@id\":\"https:\/\/offroadfinnmark.no\/#website\"},\"primaryImageOfPage\":{\"@id\":\"https:\/\/offroadfinnmark.no\/fr\/de300\/#primaryimage\"},\"image\":{\"@id\":\"https:\/\/offroadfinnmark.no\/fr\/de300\/#primaryimage\"},\"thumbnailUrl\":\"https:\/\/offroadfinnmark.no\/wp-content\/uploads\/2017\/12\/price_price-06.png\",\"datePublished\":\"2024-03-01T13:00:59+00:00\",\"dateModified\":\"2025-10-02T05:58:17+00:00\",\"breadcrumb\":{\"@id\":\"https:\/\/offroadfinnmark.no\/fr\/de300\/#breadcrumb\"},\"inLanguage\":\"fr-FR\",\"potentialAction\":[{\"@type\":\"ReadAction\",\"target\":[\"https:\/\/offroadfinnmark.no\/fr\/de300\/\"]}]},{\"@type\":\"ImageObject\",\"inLanguage\":\"fr-FR\",\"@id\":\"https:\/\/offroadfinnmark.no\/fr\/de300\/#primaryimage\",\"url\":\"https:\/\/offroadfinnmark.no\/wp-content\/uploads\/2017\/12\/price_price-06.png\",\"contentUrl\":\"https:\/\/offroadfinnmark.no\/wp-content\/uploads\/2017\/12\/price_price-06.png\"},{\"@type\":\"BreadcrumbList\",\"@id\":\"https:\/\/offroadfinnmark.no\/fr\/de300\/#breadcrumb\",\"itemListElement\":[{\"@type\":\"ListItem\",\"position\":1,\"name\":\"Home\",\"item\":\"https:\/\/offroadfinnmark.no\/fr\/maison-2-2\/\"},{\"@type\":\"ListItem\",\"position\":2,\"name\":\"DE300\"}]},{\"@type\":\"WebSite\",\"@id\":\"https:\/\/offroadfinnmark.no\/#website\",\"url\":\"https:\/\/offroadfinnmark.no\/\",\"name\":\"https:\/\/offroadfinnmark.no\/\",\"description\":\"We make people bike in the arctic\",\"publisher\":{\"@id\":\"https:\/\/offroadfinnmark.no\/#organization\"},\"potentialAction\":[{\"@type\":\"SearchAction\",\"target\":{\"@type\":\"EntryPoint\",\"urlTemplate\":\"https:\/\/offroadfinnmark.no\/?s={search_term_string}\"},\"query-input\":\"required name=search_term_string\"}],\"inLanguage\":\"fr-FR\"},{\"@type\":\"Organization\",\"@id\":\"https:\/\/offroadfinnmark.no\/#organization\",\"name\":\"Offroad Finmark\",\"url\":\"https:\/\/offroadfinnmark.no\/\",\"logo\":{\"@type\":\"ImageObject\",\"inLanguage\":\"fr-FR\",\"@id\":\"https:\/\/offroadfinnmark.no\/#\/schema\/logo\/image\/\",\"url\":\"https:\/\/offroadfinnmark.no\/wp-content\/uploads\/2017\/11\/of_logo_original_web.jpg\",\"contentUrl\":\"https:\/\/offroadfinnmark.no\/wp-content\/uploads\/2017\/11\/of_logo_original_web.jpg\",\"width\":649,\"height\":172,\"caption\":\"Offroad Finmark\"},\"image\":{\"@id\":\"https:\/\/offroadfinnmark.no\/#\/schema\/logo\/image\/\"}}]}<\/script>\n<!-- \/ Yoast SEO plugin. -->","yoast_head_json":{"title":"DE300 - Offroad Finnmark","robots":{"index":"index","follow":"follow","max-snippet":"max-snippet:-1","max-image-preview":"max-image-preview:large","max-video-preview":"max-video-preview:-1"},"canonical":"https:\/\/offroadfinnmark.no\/fr\/de300\/","og_locale":"fr_FR","og_type":"article","og_title":"DE300 - Offroad Finnmark","og_description":"L\u2019\u00e9quipe SmartDok OF300 km laisse une marque durable Te changera pour toujours &nbsp;L'\u00e9quipe SmartDok OF300 Km tout ce que tu as besoin de savoir Primes \u00c9quipement offre de point de contr\u00f4le Pistes et cartes Programme Forfait balade R\u00e8glements H\u00e9bergement Primes \u00c9quipement Offres aux points de contr\u00f4le Pistes et cartes Programme Forfait balade R\u00c8GLEMENTS H\u00e9bergement Augmentation du profit dans votre projet&nbsp;! ... Read More","og_url":"https:\/\/offroadfinnmark.no\/fr\/de300\/","og_site_name":"Offroad Finnmark","article_modified_time":"2025-10-02T05:58:17+00:00","og_image":[{"url":"http:\/\/offroadfinnmar.wpengine.com\/wp-content\/uploads\/2017\/12\/price_price-06.png"}],"twitter_card":"summary_large_image","twitter_misc":{"Dur\u00e9e de lecture estim\u00e9e":"16 minutes"},"schema":{"@context":"https:\/\/schema.org","@graph":[{"@type":"WebPage","@id":"https:\/\/offroadfinnmark.no\/fr\/de300\/","url":"https:\/\/offroadfinnmark.no\/fr\/de300\/","name":"DE300 - Offroad Finnmark","isPartOf":{"@id":"https:\/\/offroadfinnmark.no\/#website"},"primaryImageOfPage":{"@id":"https:\/\/offroadfinnmark.no\/fr\/de300\/#primaryimage"},"image":{"@id":"https:\/\/offroadfinnmark.no\/fr\/de300\/#primaryimage"},"thumbnailUrl":"https:\/\/offroadfinnmark.no\/wp-content\/uploads\/2017\/12\/price_price-06.png","datePublished":"2024-03-01T13:00:59+00:00","dateModified":"2025-10-02T05:58:17+00:00","breadcrumb":{"@id":"https:\/\/offroadfinnmark.no\/fr\/de300\/#breadcrumb"},"inLanguage":"fr-FR","potentialAction":[{"@type":"ReadAction","target":["https:\/\/offroadfinnmark.no\/fr\/de300\/"]}]},{"@type":"ImageObject","inLanguage":"fr-FR","@id":"https:\/\/offroadfinnmark.no\/fr\/de300\/#primaryimage","url":"https:\/\/offroadfinnmark.no\/wp-content\/uploads\/2017\/12\/price_price-06.png","contentUrl":"https:\/\/offroadfinnmark.no\/wp-content\/uploads\/2017\/12\/price_price-06.png"},{"@type":"BreadcrumbList","@id":"https:\/\/offroadfinnmark.no\/fr\/de300\/#breadcrumb","itemListElement":[{"@type":"ListItem","position":1,"name":"Home","item":"https:\/\/offroadfinnmark.no\/fr\/maison-2-2\/"},{"@type":"ListItem","position":2,"name":"DE300"}]},{"@type":"WebSite","@id":"https:\/\/offroadfinnmark.no\/#website","url":"https:\/\/offroadfinnmark.no\/","name":"https:\/\/offroadfinnmark.no\/","description":"We make people bike in the arctic","publisher":{"@id":"https:\/\/offroadfinnmark.no\/#organization"},"potentialAction":[{"@type":"SearchAction","target":{"@type":"EntryPoint","urlTemplate":"https:\/\/offroadfinnmark.no\/?s={search_term_string}"},"query-input":"required name=search_term_string"}],"inLanguage":"fr-FR"},{"@type":"Organization","@id":"https:\/\/offroadfinnmark.no\/#organization","name":"Offroad Finmark","url":"https:\/\/offroadfinnmark.no\/","logo":{"@type":"ImageObject","inLanguage":"fr-FR","@id":"https:\/\/offroadfinnmark.no\/#\/schema\/logo\/image\/","url":"https:\/\/offroadfinnmark.no\/wp-content\/uploads\/2017\/11\/of_logo_original_web.jpg","contentUrl":"https:\/\/offroadfinnmark.no\/wp-content\/uploads\/2017\/11\/of_logo_original_web.jpg","width":649,"height":172,"caption":"Offroad Finmark"},"image":{"@id":"https:\/\/offroadfinnmark.no\/#\/schema\/logo\/image\/"}}]}},"_links":{"self":[{"href":"https:\/\/offroadfinnmark.no\/fr\/wp-json\/wp\/v2\/pages\/7511","targetHints":{"allow":["GET"]}}],"collection":[{"href":"https:\/\/offroadfinnmark.no\/fr\/wp-json\/wp\/v2\/pages"}],"about":[{"href":"https:\/\/offroadfinnmark.no\/fr\/wp-json\/wp\/v2\/types\/page"}],"author":[{"embeddable":true,"href":"https:\/\/offroadfinnmark.no\/fr\/wp-json\/wp\/v2\/users\/2"}],"replies":[{"embeddable":true,"href":"https:\/\/offroadfinnmark.no\/fr\/wp-json\/wp\/v2\/comments?post=7511"}],"version-history":[{"count":0,"href":"https:\/\/offroadfinnmark.no\/fr\/wp-json\/wp\/v2\/pages\/7511\/revisions"}],"wp:attachment":[{"href":"https:\/\/offroadfinnmark.no\/fr\/wp-json\/wp\/v2\/media?parent=7511"}],"curies":[{"name":"wp","href":"https:\/\/api.w.org\/{rel}","templated":true}]}}