{"id":7510,"date":"2023-02-06T14:47:24","date_gmt":"2023-02-06T14:47:24","guid":{"rendered":"https:\/\/offroadfinnmark.no\/durabilite\/"},"modified":"2023-09-19T09:39:03","modified_gmt":"2023-09-19T09:39:03","slug":"durabilite","status":"publish","type":"page","link":"https:\/\/offroadfinnmark.no\/fr\/durabilite\/","title":{"rendered":"Durabilit\u00e9"},"content":{"rendered":"<div id=\"cs-content\" class=\"cs-content\"><\/div>\n","protected":false},"excerpt":{"rendered":"<p>Durabilit\u00e9 Statut de balise environnementale pour Offroad Finnmark Offroad Finnmark, l&rsquo;un des rares \u00e9v\u00e9nements sportifs, est d\u00e9sormais certifi\u00e9 phare environnemental. Cela oblige \u00e0 organiser une comp\u00e9tition sportive dans la seule v\u00e9ritable zone sauvage de Norv\u00e8ge et d&rsquo;Europe ! &#8211; Nous sommes heureux et fiers de pouvoir annoncer qu&rsquo;Offroad Finnmark est d\u00e9sormais certifi\u00e9 phare environnemental.. Cela signifie pour nous et dans &#8230; <\/p>\n<div><a href=\"https:\/\/offroadfinnmark.no\/fr\/durabilite\/\" class=\"more-link\">Read More<\/a><\/div>\n","protected":false},"author":10,"featured_media":6386,"parent":0,"menu_order":0,"comment_status":"closed","ping_status":"closed","template":"","meta":{"_acf_changed":false,"_breakdance_hide_in_design_set":false,"_breakdance_tags":"","footnotes":""},"class_list":["post-7510","page","type-page","status-publish","has-post-thumbnail","hentry"],"acf":[],"yoast_head":"<!-- This site is optimized with the Yoast SEO plugin v22.7 - https:\/\/yoast.com\/wordpress\/plugins\/seo\/ -->\n<title>Durabilit\u00e9 - Offroad Finnmark<\/title>\n<meta name=\"robots\" content=\"index, follow, max-snippet:-1, max-image-preview:large, max-video-preview:-1\" \/>\n<link rel=\"canonical\" href=\"https:\/\/offroadfinnmark.no\/fr\/durabilite\/\" \/>\n<meta property=\"og:locale\" content=\"fr_FR\" \/>\n<meta property=\"og:type\" content=\"article\" \/>\n<meta property=\"og:title\" content=\"Durabilit\u00e9 - Offroad Finnmark\" \/>\n<meta property=\"og:description\" content=\"Durabilit\u00e9 Statut de balise environnementale pour Offroad Finnmark Offroad Finnmark, l&#039;un des rares \u00e9v\u00e9nements sportifs, est d\u00e9sormais certifi\u00e9 phare environnemental. Cela oblige \u00e0 organiser une comp\u00e9tition sportive dans la seule v\u00e9ritable zone sauvage de Norv\u00e8ge et d&#039;Europe ! - Nous sommes heureux et fiers de pouvoir annoncer qu&#039;Offroad Finnmark est d\u00e9sormais certifi\u00e9 phare environnemental.. Cela signifie pour nous et dans ... Read More\" \/>\n<meta property=\"og:url\" content=\"https:\/\/offroadfinnmark.no\/fr\/durabilite\/\" \/>\n<meta property=\"og:site_name\" content=\"Offroad Finnmark\" \/>\n<meta property=\"article:modified_time\" content=\"2023-09-19T09:39:03+00:00\" \/>\n<meta property=\"og:image\" content=\"https:\/\/offroadfinnmark.no\/wp-content\/uploads\/2022\/07\/Overlevering.jpg\" \/>\n\t<meta property=\"og:image:width\" content=\"1672\" \/>\n\t<meta property=\"og:image:height\" content=\"941\" \/>\n\t<meta property=\"og:image:type\" content=\"image\/jpeg\" \/>\n<meta name=\"twitter:card\" content=\"summary_large_image\" \/>\n<meta name=\"twitter:label1\" content=\"Dur\u00e9e de lecture estim\u00e9e\" \/>\n\t<meta name=\"twitter:data1\" content=\"2 minutes\" \/>\n<script type=\"application\/ld+json\" class=\"yoast-schema-graph\">{\"@context\":\"https:\/\/schema.org\",\"@graph\":[{\"@type\":\"WebPage\",\"@id\":\"https:\/\/offroadfinnmark.no\/fr\/durabilite\/\",\"url\":\"https:\/\/offroadfinnmark.no\/fr\/durabilite\/\",\"name\":\"Durabilit\u00e9 - Offroad Finnmark\",\"isPartOf\":{\"@id\":\"https:\/\/offroadfinnmark.no\/#website\"},\"primaryImageOfPage\":{\"@id\":\"https:\/\/offroadfinnmark.no\/fr\/durabilite\/#primaryimage\"},\"image\":{\"@id\":\"https:\/\/offroadfinnmark.no\/fr\/durabilite\/#primaryimage\"},\"thumbnailUrl\":\"https:\/\/offroadfinnmark.no\/wp-content\/uploads\/2022\/07\/Overlevering.jpg\",\"datePublished\":\"2023-02-06T14:47:24+00:00\",\"dateModified\":\"2023-09-19T09:39:03+00:00\",\"breadcrumb\":{\"@id\":\"https:\/\/offroadfinnmark.no\/fr\/durabilite\/#breadcrumb\"},\"inLanguage\":\"fr-FR\",\"potentialAction\":[{\"@type\":\"ReadAction\",\"target\":[\"https:\/\/offroadfinnmark.no\/fr\/durabilite\/\"]}]},{\"@type\":\"ImageObject\",\"inLanguage\":\"fr-FR\",\"@id\":\"https:\/\/offroadfinnmark.no\/fr\/durabilite\/#primaryimage\",\"url\":\"https:\/\/offroadfinnmark.no\/wp-content\/uploads\/2022\/07\/Overlevering.jpg\",\"contentUrl\":\"https:\/\/offroadfinnmark.no\/wp-content\/uploads\/2022\/07\/Overlevering.jpg\",\"width\":1672,\"height\":941},{\"@type\":\"BreadcrumbList\",\"@id\":\"https:\/\/offroadfinnmark.no\/fr\/durabilite\/#breadcrumb\",\"itemListElement\":[{\"@type\":\"ListItem\",\"position\":1,\"name\":\"Home\",\"item\":\"https:\/\/offroadfinnmark.no\/fr\/maison-2-2\/\"},{\"@type\":\"ListItem\",\"position\":2,\"name\":\"Durabilit\u00e9\"}]},{\"@type\":\"WebSite\",\"@id\":\"https:\/\/offroadfinnmark.no\/#website\",\"url\":\"https:\/\/offroadfinnmark.no\/\",\"name\":\"https:\/\/offroadfinnmark.no\/\",\"description\":\"We make people bike in the arctic\",\"publisher\":{\"@id\":\"https:\/\/offroadfinnmark.no\/#organization\"},\"potentialAction\":[{\"@type\":\"SearchAction\",\"target\":{\"@type\":\"EntryPoint\",\"urlTemplate\":\"https:\/\/offroadfinnmark.no\/?s={search_term_string}\"},\"query-input\":\"required name=search_term_string\"}],\"inLanguage\":\"fr-FR\"},{\"@type\":\"Organization\",\"@id\":\"https:\/\/offroadfinnmark.no\/#organization\",\"name\":\"Offroad Finmark\",\"url\":\"https:\/\/offroadfinnmark.no\/\",\"logo\":{\"@type\":\"ImageObject\",\"inLanguage\":\"fr-FR\",\"@id\":\"https:\/\/offroadfinnmark.no\/#\/schema\/logo\/image\/\",\"url\":\"https:\/\/offroadfinnmark.no\/wp-content\/uploads\/2017\/11\/of_logo_original_web.jpg\",\"contentUrl\":\"https:\/\/offroadfinnmark.no\/wp-content\/uploads\/2017\/11\/of_logo_original_web.jpg\",\"width\":649,\"height\":172,\"caption\":\"Offroad Finmark\"},\"image\":{\"@id\":\"https:\/\/offroadfinnmark.no\/#\/schema\/logo\/image\/\"}}]}<\/script>\n<!-- \/ Yoast SEO plugin. -->","yoast_head_json":{"title":"Durabilit\u00e9 - Offroad Finnmark","robots":{"index":"index","follow":"follow","max-snippet":"max-snippet:-1","max-image-preview":"max-image-preview:large","max-video-preview":"max-video-preview:-1"},"canonical":"https:\/\/offroadfinnmark.no\/fr\/durabilite\/","og_locale":"fr_FR","og_type":"article","og_title":"Durabilit\u00e9 - Offroad Finnmark","og_description":"Durabilit\u00e9 Statut de balise environnementale pour Offroad Finnmark Offroad Finnmark, l'un des rares \u00e9v\u00e9nements sportifs, est d\u00e9sormais certifi\u00e9 phare environnemental. Cela oblige \u00e0 organiser une comp\u00e9tition sportive dans la seule v\u00e9ritable zone sauvage de Norv\u00e8ge et d'Europe ! - Nous sommes heureux et fiers de pouvoir annoncer qu'Offroad Finnmark est d\u00e9sormais certifi\u00e9 phare environnemental.. Cela signifie pour nous et dans ... Read More","og_url":"https:\/\/offroadfinnmark.no\/fr\/durabilite\/","og_site_name":"Offroad Finnmark","article_modified_time":"2023-09-19T09:39:03+00:00","og_image":[{"width":1672,"height":941,"url":"https:\/\/offroadfinnmark.no\/wp-content\/uploads\/2022\/07\/Overlevering.jpg","type":"image\/jpeg"}],"twitter_card":"summary_large_image","twitter_misc":{"Dur\u00e9e de lecture estim\u00e9e":"2 minutes"},"schema":{"@context":"https:\/\/schema.org","@graph":[{"@type":"WebPage","@id":"https:\/\/offroadfinnmark.no\/fr\/durabilite\/","url":"https:\/\/offroadfinnmark.no\/fr\/durabilite\/","name":"Durabilit\u00e9 - Offroad Finnmark","isPartOf":{"@id":"https:\/\/offroadfinnmark.no\/#website"},"primaryImageOfPage":{"@id":"https:\/\/offroadfinnmark.no\/fr\/durabilite\/#primaryimage"},"image":{"@id":"https:\/\/offroadfinnmark.no\/fr\/durabilite\/#primaryimage"},"thumbnailUrl":"https:\/\/offroadfinnmark.no\/wp-content\/uploads\/2022\/07\/Overlevering.jpg","datePublished":"2023-02-06T14:47:24+00:00","dateModified":"2023-09-19T09:39:03+00:00","breadcrumb":{"@id":"https:\/\/offroadfinnmark.no\/fr\/durabilite\/#breadcrumb"},"inLanguage":"fr-FR","potentialAction":[{"@type":"ReadAction","target":["https:\/\/offroadfinnmark.no\/fr\/durabilite\/"]}]},{"@type":"ImageObject","inLanguage":"fr-FR","@id":"https:\/\/offroadfinnmark.no\/fr\/durabilite\/#primaryimage","url":"https:\/\/offroadfinnmark.no\/wp-content\/uploads\/2022\/07\/Overlevering.jpg","contentUrl":"https:\/\/offroadfinnmark.no\/wp-content\/uploads\/2022\/07\/Overlevering.jpg","width":1672,"height":941},{"@type":"BreadcrumbList","@id":"https:\/\/offroadfinnmark.no\/fr\/durabilite\/#breadcrumb","itemListElement":[{"@type":"ListItem","position":1,"name":"Home","item":"https:\/\/offroadfinnmark.no\/fr\/maison-2-2\/"},{"@type":"ListItem","position":2,"name":"Durabilit\u00e9"}]},{"@type":"WebSite","@id":"https:\/\/offroadfinnmark.no\/#website","url":"https:\/\/offroadfinnmark.no\/","name":"https:\/\/offroadfinnmark.no\/","description":"We make people bike in the arctic","publisher":{"@id":"https:\/\/offroadfinnmark.no\/#organization"},"potentialAction":[{"@type":"SearchAction","target":{"@type":"EntryPoint","urlTemplate":"https:\/\/offroadfinnmark.no\/?s={search_term_string}"},"query-input":"required name=search_term_string"}],"inLanguage":"fr-FR"},{"@type":"Organization","@id":"https:\/\/offroadfinnmark.no\/#organization","name":"Offroad Finmark","url":"https:\/\/offroadfinnmark.no\/","logo":{"@type":"ImageObject","inLanguage":"fr-FR","@id":"https:\/\/offroadfinnmark.no\/#\/schema\/logo\/image\/","url":"https:\/\/offroadfinnmark.no\/wp-content\/uploads\/2017\/11\/of_logo_original_web.jpg","contentUrl":"https:\/\/offroadfinnmark.no\/wp-content\/uploads\/2017\/11\/of_logo_original_web.jpg","width":649,"height":172,"caption":"Offroad Finmark"},"image":{"@id":"https:\/\/offroadfinnmark.no\/#\/schema\/logo\/image\/"}}]}},"_links":{"self":[{"href":"https:\/\/offroadfinnmark.no\/fr\/wp-json\/wp\/v2\/pages\/7510","targetHints":{"allow":["GET"]}}],"collection":[{"href":"https:\/\/offroadfinnmark.no\/fr\/wp-json\/wp\/v2\/pages"}],"about":[{"href":"https:\/\/offroadfinnmark.no\/fr\/wp-json\/wp\/v2\/types\/page"}],"author":[{"embeddable":true,"href":"https:\/\/offroadfinnmark.no\/fr\/wp-json\/wp\/v2\/users\/10"}],"replies":[{"embeddable":true,"href":"https:\/\/offroadfinnmark.no\/fr\/wp-json\/wp\/v2\/comments?post=7510"}],"version-history":[{"count":0,"href":"https:\/\/offroadfinnmark.no\/fr\/wp-json\/wp\/v2\/pages\/7510\/revisions"}],"wp:featuredmedia":[{"embeddable":true,"href":"https:\/\/offroadfinnmark.no\/fr\/wp-json\/wp\/v2\/media\/6386"}],"wp:attachment":[{"href":"https:\/\/offroadfinnmark.no\/fr\/wp-json\/wp\/v2\/media?parent=7510"}],"curies":[{"name":"wp","href":"https:\/\/api.w.org\/{rel}","templated":true}]}}