{"id":7509,"date":"2021-07-01T05:03:00","date_gmt":"2021-07-01T05:03:00","guid":{"rendered":"https:\/\/offroadfinnmark.no\/hast-nord-of20\/"},"modified":"2025-08-13T15:51:15","modified_gmt":"2025-08-13T15:51:15","slug":"hast-nord-of20","status":"publish","type":"page","link":"https:\/\/offroadfinnmark.no\/fr\/hast-nord-of20\/","title":{"rendered":"Hast Nord OF20"},"content":{"rendered":"<div id=\"cs-content\" class=\"cs-content\"><\/div>\n","protected":false},"excerpt":{"rendered":"<p>\u00c9v\u00e9nement Offroad Finnmark &#8211; des exp\u00e9riences pour tous Courses cyclistes pour tous Hast Nord OF20 km de randonn\u00e9e pour les personnes Hast Nord OF20 km Folkeritt en coop\u00e9ration avec Offroad Finnmark. Offroad Finnmark se concentre fortement sur la transmission d&rsquo;histoires et d&rsquo;impressions. Offroad Finnmark invite les enfants et les adultes de tous \u00e2ges \u00e0 Hast Nord OF20 km Folkeritt le &#8230; <\/p>\n<div><a href=\"https:\/\/offroadfinnmark.no\/fr\/hast-nord-of20\/\" class=\"more-link\">Read More<\/a><\/div>\n","protected":false},"author":10,"featured_media":0,"parent":0,"menu_order":0,"comment_status":"closed","ping_status":"closed","template":"","meta":{"_acf_changed":false,"_breakdance_hide_in_design_set":false,"_breakdance_tags":"","footnotes":""},"class_list":["post-7509","page","type-page","status-publish","hentry","no-post-thumbnail"],"acf":[],"yoast_head":"<!-- This site is optimized with the Yoast SEO plugin v22.7 - https:\/\/yoast.com\/wordpress\/plugins\/seo\/ -->\n<title>Hast Nord OF20 - Offroad Finnmark<\/title>\n<meta name=\"robots\" content=\"index, follow, max-snippet:-1, max-image-preview:large, max-video-preview:-1\" \/>\n<link rel=\"canonical\" href=\"https:\/\/offroadfinnmark.no\/fr\/hast-nord-of20\/\" \/>\n<meta property=\"og:locale\" content=\"fr_FR\" \/>\n<meta property=\"og:type\" content=\"article\" \/>\n<meta property=\"og:title\" content=\"Hast Nord OF20 - Offroad Finnmark\" \/>\n<meta property=\"og:description\" content=\"\u00c9v\u00e9nement Offroad Finnmark - des exp\u00e9riences pour tous Courses cyclistes pour tous Hast Nord OF20 km de randonn\u00e9e pour les personnes Hast Nord OF20 km Folkeritt en coop\u00e9ration avec Offroad Finnmark. Offroad Finnmark se concentre fortement sur la transmission d&#039;histoires et d&#039;impressions. Offroad Finnmark invite les enfants et les adultes de tous \u00e2ges \u00e0 Hast Nord OF20 km Folkeritt le ... Read More\" \/>\n<meta property=\"og:url\" content=\"https:\/\/offroadfinnmark.no\/fr\/hast-nord-of20\/\" \/>\n<meta property=\"og:site_name\" content=\"Offroad Finnmark\" \/>\n<meta property=\"article:modified_time\" content=\"2025-08-13T15:51:15+00:00\" \/>\n<meta property=\"og:image\" content=\"http:\/\/offroadfinnmar.wpengine.com\/wp-content\/uploads\/2017\/12\/distance_distance.png\" \/>\n<meta name=\"twitter:card\" content=\"summary_large_image\" \/>\n<meta name=\"twitter:label1\" content=\"Dur\u00e9e de lecture estim\u00e9e\" \/>\n\t<meta name=\"twitter:data1\" content=\"4 minutes\" \/>\n<script type=\"application\/ld+json\" class=\"yoast-schema-graph\">{\"@context\":\"https:\/\/schema.org\",\"@graph\":[{\"@type\":\"WebPage\",\"@id\":\"https:\/\/offroadfinnmark.no\/fr\/hast-nord-of20\/\",\"url\":\"https:\/\/offroadfinnmark.no\/fr\/hast-nord-of20\/\",\"name\":\"Hast Nord OF20 - Offroad Finnmark\",\"isPartOf\":{\"@id\":\"https:\/\/offroadfinnmark.no\/#website\"},\"primaryImageOfPage\":{\"@id\":\"https:\/\/offroadfinnmark.no\/fr\/hast-nord-of20\/#primaryimage\"},\"image\":{\"@id\":\"https:\/\/offroadfinnmark.no\/fr\/hast-nord-of20\/#primaryimage\"},\"thumbnailUrl\":\"https:\/\/offroadfinnmark.no\/wp-content\/uploads\/2017\/12\/distance_distance.png\",\"datePublished\":\"2021-07-01T05:03:00+00:00\",\"dateModified\":\"2025-08-13T15:51:15+00:00\",\"breadcrumb\":{\"@id\":\"https:\/\/offroadfinnmark.no\/fr\/hast-nord-of20\/#breadcrumb\"},\"inLanguage\":\"fr-FR\",\"potentialAction\":[{\"@type\":\"ReadAction\",\"target\":[\"https:\/\/offroadfinnmark.no\/fr\/hast-nord-of20\/\"]}]},{\"@type\":\"ImageObject\",\"inLanguage\":\"fr-FR\",\"@id\":\"https:\/\/offroadfinnmark.no\/fr\/hast-nord-of20\/#primaryimage\",\"url\":\"https:\/\/offroadfinnmark.no\/wp-content\/uploads\/2017\/12\/distance_distance.png\",\"contentUrl\":\"https:\/\/offroadfinnmark.no\/wp-content\/uploads\/2017\/12\/distance_distance.png\"},{\"@type\":\"BreadcrumbList\",\"@id\":\"https:\/\/offroadfinnmark.no\/fr\/hast-nord-of20\/#breadcrumb\",\"itemListElement\":[{\"@type\":\"ListItem\",\"position\":1,\"name\":\"Home\",\"item\":\"https:\/\/offroadfinnmark.no\/fr\/maison-2-2\/\"},{\"@type\":\"ListItem\",\"position\":2,\"name\":\"Hast Nord OF20\"}]},{\"@type\":\"WebSite\",\"@id\":\"https:\/\/offroadfinnmark.no\/#website\",\"url\":\"https:\/\/offroadfinnmark.no\/\",\"name\":\"https:\/\/offroadfinnmark.no\/\",\"description\":\"We make people bike in the arctic\",\"publisher\":{\"@id\":\"https:\/\/offroadfinnmark.no\/#organization\"},\"potentialAction\":[{\"@type\":\"SearchAction\",\"target\":{\"@type\":\"EntryPoint\",\"urlTemplate\":\"https:\/\/offroadfinnmark.no\/?s={search_term_string}\"},\"query-input\":\"required name=search_term_string\"}],\"inLanguage\":\"fr-FR\"},{\"@type\":\"Organization\",\"@id\":\"https:\/\/offroadfinnmark.no\/#organization\",\"name\":\"Offroad Finmark\",\"url\":\"https:\/\/offroadfinnmark.no\/\",\"logo\":{\"@type\":\"ImageObject\",\"inLanguage\":\"fr-FR\",\"@id\":\"https:\/\/offroadfinnmark.no\/#\/schema\/logo\/image\/\",\"url\":\"https:\/\/offroadfinnmark.no\/wp-content\/uploads\/2017\/11\/of_logo_original_web.jpg\",\"contentUrl\":\"https:\/\/offroadfinnmark.no\/wp-content\/uploads\/2017\/11\/of_logo_original_web.jpg\",\"width\":649,\"height\":172,\"caption\":\"Offroad Finmark\"},\"image\":{\"@id\":\"https:\/\/offroadfinnmark.no\/#\/schema\/logo\/image\/\"}}]}<\/script>\n<!-- \/ Yoast SEO plugin. -->","yoast_head_json":{"title":"Hast Nord OF20 - Offroad Finnmark","robots":{"index":"index","follow":"follow","max-snippet":"max-snippet:-1","max-image-preview":"max-image-preview:large","max-video-preview":"max-video-preview:-1"},"canonical":"https:\/\/offroadfinnmark.no\/fr\/hast-nord-of20\/","og_locale":"fr_FR","og_type":"article","og_title":"Hast Nord OF20 - Offroad Finnmark","og_description":"\u00c9v\u00e9nement Offroad Finnmark - des exp\u00e9riences pour tous Courses cyclistes pour tous Hast Nord OF20 km de randonn\u00e9e pour les personnes Hast Nord OF20 km Folkeritt en coop\u00e9ration avec Offroad Finnmark. Offroad Finnmark se concentre fortement sur la transmission d'histoires et d'impressions. Offroad Finnmark invite les enfants et les adultes de tous \u00e2ges \u00e0 Hast Nord OF20 km Folkeritt le ... Read More","og_url":"https:\/\/offroadfinnmark.no\/fr\/hast-nord-of20\/","og_site_name":"Offroad Finnmark","article_modified_time":"2025-08-13T15:51:15+00:00","og_image":[{"url":"http:\/\/offroadfinnmar.wpengine.com\/wp-content\/uploads\/2017\/12\/distance_distance.png"}],"twitter_card":"summary_large_image","twitter_misc":{"Dur\u00e9e de lecture estim\u00e9e":"4 minutes"},"schema":{"@context":"https:\/\/schema.org","@graph":[{"@type":"WebPage","@id":"https:\/\/offroadfinnmark.no\/fr\/hast-nord-of20\/","url":"https:\/\/offroadfinnmark.no\/fr\/hast-nord-of20\/","name":"Hast Nord OF20 - Offroad Finnmark","isPartOf":{"@id":"https:\/\/offroadfinnmark.no\/#website"},"primaryImageOfPage":{"@id":"https:\/\/offroadfinnmark.no\/fr\/hast-nord-of20\/#primaryimage"},"image":{"@id":"https:\/\/offroadfinnmark.no\/fr\/hast-nord-of20\/#primaryimage"},"thumbnailUrl":"https:\/\/offroadfinnmark.no\/wp-content\/uploads\/2017\/12\/distance_distance.png","datePublished":"2021-07-01T05:03:00+00:00","dateModified":"2025-08-13T15:51:15+00:00","breadcrumb":{"@id":"https:\/\/offroadfinnmark.no\/fr\/hast-nord-of20\/#breadcrumb"},"inLanguage":"fr-FR","potentialAction":[{"@type":"ReadAction","target":["https:\/\/offroadfinnmark.no\/fr\/hast-nord-of20\/"]}]},{"@type":"ImageObject","inLanguage":"fr-FR","@id":"https:\/\/offroadfinnmark.no\/fr\/hast-nord-of20\/#primaryimage","url":"https:\/\/offroadfinnmark.no\/wp-content\/uploads\/2017\/12\/distance_distance.png","contentUrl":"https:\/\/offroadfinnmark.no\/wp-content\/uploads\/2017\/12\/distance_distance.png"},{"@type":"BreadcrumbList","@id":"https:\/\/offroadfinnmark.no\/fr\/hast-nord-of20\/#breadcrumb","itemListElement":[{"@type":"ListItem","position":1,"name":"Home","item":"https:\/\/offroadfinnmark.no\/fr\/maison-2-2\/"},{"@type":"ListItem","position":2,"name":"Hast Nord OF20"}]},{"@type":"WebSite","@id":"https:\/\/offroadfinnmark.no\/#website","url":"https:\/\/offroadfinnmark.no\/","name":"https:\/\/offroadfinnmark.no\/","description":"We make people bike in the arctic","publisher":{"@id":"https:\/\/offroadfinnmark.no\/#organization"},"potentialAction":[{"@type":"SearchAction","target":{"@type":"EntryPoint","urlTemplate":"https:\/\/offroadfinnmark.no\/?s={search_term_string}"},"query-input":"required name=search_term_string"}],"inLanguage":"fr-FR"},{"@type":"Organization","@id":"https:\/\/offroadfinnmark.no\/#organization","name":"Offroad Finmark","url":"https:\/\/offroadfinnmark.no\/","logo":{"@type":"ImageObject","inLanguage":"fr-FR","@id":"https:\/\/offroadfinnmark.no\/#\/schema\/logo\/image\/","url":"https:\/\/offroadfinnmark.no\/wp-content\/uploads\/2017\/11\/of_logo_original_web.jpg","contentUrl":"https:\/\/offroadfinnmark.no\/wp-content\/uploads\/2017\/11\/of_logo_original_web.jpg","width":649,"height":172,"caption":"Offroad Finmark"},"image":{"@id":"https:\/\/offroadfinnmark.no\/#\/schema\/logo\/image\/"}}]}},"_links":{"self":[{"href":"https:\/\/offroadfinnmark.no\/fr\/wp-json\/wp\/v2\/pages\/7509","targetHints":{"allow":["GET"]}}],"collection":[{"href":"https:\/\/offroadfinnmark.no\/fr\/wp-json\/wp\/v2\/pages"}],"about":[{"href":"https:\/\/offroadfinnmark.no\/fr\/wp-json\/wp\/v2\/types\/page"}],"author":[{"embeddable":true,"href":"https:\/\/offroadfinnmark.no\/fr\/wp-json\/wp\/v2\/users\/10"}],"replies":[{"embeddable":true,"href":"https:\/\/offroadfinnmark.no\/fr\/wp-json\/wp\/v2\/comments?post=7509"}],"version-history":[{"count":0,"href":"https:\/\/offroadfinnmark.no\/fr\/wp-json\/wp\/v2\/pages\/7509\/revisions"}],"wp:attachment":[{"href":"https:\/\/offroadfinnmark.no\/fr\/wp-json\/wp\/v2\/media?parent=7509"}],"curies":[{"name":"wp","href":"https:\/\/api.w.org\/{rel}","templated":true}]}}