{"id":7503,"date":"2018-03-24T10:35:07","date_gmt":"2018-03-24T10:35:07","guid":{"rendered":"https:\/\/offroadfinnmark.no\/archives-des-resultats\/"},"modified":"2025-08-22T07:36:45","modified_gmt":"2025-08-22T07:36:45","slug":"archives-des-resultats","status":"publish","type":"page","link":"https:\/\/offroadfinnmark.no\/fr\/archives-des-resultats\/","title":{"rendered":"Archives des r\u00e9sultats"},"content":{"rendered":"<div id=\"cs-content\" class=\"cs-content\"><\/div>\n","protected":false},"excerpt":{"rendered":"<p>&nbsp;R\u00c9SULTATS R\u00e9sultats des courses pr\u00e9c\u00e9dentes DE700 R\u00e9sultat 2025R\u00e9sultat 2024R\u00e9sultat 2023R\u00e9sultat 2022R\u00e9sultat 2021R\u00e9sultat 2019R\u00e9sultat 2018R\u00e9sultats 2017R\u00e9sultats 2016R\u00e9sultats 2015R\u00e9sultats 2014R\u00e9sultats 2013R\u00e9sultat 2011R\u00e9sultat 2010 DE300 R\u00e9sultat 2025R\u00e9sultat 2024R\u00e9sultat 2023R\u00e9sultat 2022R\u00e9sultat 2021R\u00e9sultat 2019R\u00e9sultat 2018R\u00e9sultats 2017R\u00e9sultats 2016R\u00e9sultats 2015R\u00e9sultats 2014R\u00e9sultats 2013R\u00e9sultat 2012R\u00e9sultat 2011R\u00e9sultat 2010 DE150 R\u00e9sultat 2025R\u00e9sultat 2024R\u00e9sultat 2023R\u00e9sultat 2022R\u00e9sultat 2021R\u00e9sultat 2020R\u00e9sultat 2019R\u00e9sultat 2018R\u00e9sultats 2017R\u00e9sultats 2016 R\u00e9sultats pr\u00e9c\u00e9dents LE R\u00c9SULTAT 2008 LE R\u00c9SULTAT 2009<\/p>\n","protected":false},"author":2,"featured_media":0,"parent":0,"menu_order":0,"comment_status":"closed","ping_status":"closed","template":"","meta":{"_acf_changed":false,"_breakdance_hide_in_design_set":false,"_breakdance_tags":"","footnotes":""},"class_list":["post-7503","page","type-page","status-publish","hentry","no-post-thumbnail"],"acf":[],"yoast_head":"<!-- This site is optimized with the Yoast SEO plugin v22.7 - https:\/\/yoast.com\/wordpress\/plugins\/seo\/ -->\n<title>Archives des r\u00e9sultats - Offroad Finnmark<\/title>\n<meta name=\"robots\" content=\"index, follow, max-snippet:-1, max-image-preview:large, max-video-preview:-1\" \/>\n<link rel=\"canonical\" href=\"https:\/\/offroadfinnmark.no\/fr\/archives-des-resultats\/\" \/>\n<meta property=\"og:locale\" content=\"fr_FR\" \/>\n<meta property=\"og:type\" content=\"article\" \/>\n<meta property=\"og:title\" content=\"Archives des r\u00e9sultats - Offroad Finnmark\" \/>\n<meta property=\"og:description\" content=\"&nbsp;R\u00c9SULTATS R\u00e9sultats des courses pr\u00e9c\u00e9dentes DE700 R\u00e9sultat 2025R\u00e9sultat 2024R\u00e9sultat 2023R\u00e9sultat 2022R\u00e9sultat 2021R\u00e9sultat 2019R\u00e9sultat 2018R\u00e9sultats 2017R\u00e9sultats 2016R\u00e9sultats 2015R\u00e9sultats 2014R\u00e9sultats 2013R\u00e9sultat 2011R\u00e9sultat 2010 DE300 R\u00e9sultat 2025R\u00e9sultat 2024R\u00e9sultat 2023R\u00e9sultat 2022R\u00e9sultat 2021R\u00e9sultat 2019R\u00e9sultat 2018R\u00e9sultats 2017R\u00e9sultats 2016R\u00e9sultats 2015R\u00e9sultats 2014R\u00e9sultats 2013R\u00e9sultat 2012R\u00e9sultat 2011R\u00e9sultat 2010 DE150 R\u00e9sultat 2025R\u00e9sultat 2024R\u00e9sultat 2023R\u00e9sultat 2022R\u00e9sultat 2021R\u00e9sultat 2020R\u00e9sultat 2019R\u00e9sultat 2018R\u00e9sultats 2017R\u00e9sultats 2016 R\u00e9sultats pr\u00e9c\u00e9dents LE R\u00c9SULTAT 2008 LE R\u00c9SULTAT 2009\" \/>\n<meta property=\"og:url\" content=\"https:\/\/offroadfinnmark.no\/fr\/archives-des-resultats\/\" \/>\n<meta property=\"og:site_name\" content=\"Offroad Finnmark\" \/>\n<meta property=\"article:modified_time\" content=\"2025-08-22T07:36:45+00:00\" \/>\n<meta property=\"og:image\" content=\"http:\/\/offroadfinnmark.no\/wp-content\/uploads\/2018\/05\/ikon_sykkel-negativ.png\" \/>\n<meta name=\"twitter:card\" content=\"summary_large_image\" \/>\n<meta name=\"twitter:label1\" content=\"Dur\u00e9e de lecture estim\u00e9e\" \/>\n\t<meta name=\"twitter:data1\" content=\"1 minute\" \/>\n<script type=\"application\/ld+json\" class=\"yoast-schema-graph\">{\"@context\":\"https:\/\/schema.org\",\"@graph\":[{\"@type\":\"WebPage\",\"@id\":\"https:\/\/offroadfinnmark.no\/fr\/archives-des-resultats\/\",\"url\":\"https:\/\/offroadfinnmark.no\/fr\/archives-des-resultats\/\",\"name\":\"Archives des r\u00e9sultats - Offroad Finnmark\",\"isPartOf\":{\"@id\":\"https:\/\/offroadfinnmark.no\/#website\"},\"primaryImageOfPage\":{\"@id\":\"https:\/\/offroadfinnmark.no\/fr\/archives-des-resultats\/#primaryimage\"},\"image\":{\"@id\":\"https:\/\/offroadfinnmark.no\/fr\/archives-des-resultats\/#primaryimage\"},\"thumbnailUrl\":\"http:\/\/offroadfinnmark.no\/wp-content\/uploads\/2018\/05\/ikon_sykkel-negativ.png\",\"datePublished\":\"2018-03-24T10:35:07+00:00\",\"dateModified\":\"2025-08-22T07:36:45+00:00\",\"breadcrumb\":{\"@id\":\"https:\/\/offroadfinnmark.no\/fr\/archives-des-resultats\/#breadcrumb\"},\"inLanguage\":\"fr-FR\",\"potentialAction\":[{\"@type\":\"ReadAction\",\"target\":[\"https:\/\/offroadfinnmark.no\/fr\/archives-des-resultats\/\"]}]},{\"@type\":\"ImageObject\",\"inLanguage\":\"fr-FR\",\"@id\":\"https:\/\/offroadfinnmark.no\/fr\/archives-des-resultats\/#primaryimage\",\"url\":\"http:\/\/offroadfinnmark.no\/wp-content\/uploads\/2018\/05\/ikon_sykkel-negativ.png\",\"contentUrl\":\"http:\/\/offroadfinnmark.no\/wp-content\/uploads\/2018\/05\/ikon_sykkel-negativ.png\"},{\"@type\":\"BreadcrumbList\",\"@id\":\"https:\/\/offroadfinnmark.no\/fr\/archives-des-resultats\/#breadcrumb\",\"itemListElement\":[{\"@type\":\"ListItem\",\"position\":1,\"name\":\"Home\",\"item\":\"https:\/\/offroadfinnmark.no\/fr\/maison-2-2\/\"},{\"@type\":\"ListItem\",\"position\":2,\"name\":\"Archives des r\u00e9sultats\"}]},{\"@type\":\"WebSite\",\"@id\":\"https:\/\/offroadfinnmark.no\/#website\",\"url\":\"https:\/\/offroadfinnmark.no\/\",\"name\":\"https:\/\/offroadfinnmark.no\/\",\"description\":\"We make people bike in the arctic\",\"publisher\":{\"@id\":\"https:\/\/offroadfinnmark.no\/#organization\"},\"potentialAction\":[{\"@type\":\"SearchAction\",\"target\":{\"@type\":\"EntryPoint\",\"urlTemplate\":\"https:\/\/offroadfinnmark.no\/?s={search_term_string}\"},\"query-input\":\"required name=search_term_string\"}],\"inLanguage\":\"fr-FR\"},{\"@type\":\"Organization\",\"@id\":\"https:\/\/offroadfinnmark.no\/#organization\",\"name\":\"Offroad Finmark\",\"url\":\"https:\/\/offroadfinnmark.no\/\",\"logo\":{\"@type\":\"ImageObject\",\"inLanguage\":\"fr-FR\",\"@id\":\"https:\/\/offroadfinnmark.no\/#\/schema\/logo\/image\/\",\"url\":\"https:\/\/offroadfinnmark.no\/wp-content\/uploads\/2017\/11\/of_logo_original_web.jpg\",\"contentUrl\":\"https:\/\/offroadfinnmark.no\/wp-content\/uploads\/2017\/11\/of_logo_original_web.jpg\",\"width\":649,\"height\":172,\"caption\":\"Offroad Finmark\"},\"image\":{\"@id\":\"https:\/\/offroadfinnmark.no\/#\/schema\/logo\/image\/\"}}]}<\/script>\n<!-- \/ Yoast SEO plugin. -->","yoast_head_json":{"title":"Archives des r\u00e9sultats - Offroad Finnmark","robots":{"index":"index","follow":"follow","max-snippet":"max-snippet:-1","max-image-preview":"max-image-preview:large","max-video-preview":"max-video-preview:-1"},"canonical":"https:\/\/offroadfinnmark.no\/fr\/archives-des-resultats\/","og_locale":"fr_FR","og_type":"article","og_title":"Archives des r\u00e9sultats - Offroad Finnmark","og_description":"&nbsp;R\u00c9SULTATS R\u00e9sultats des courses pr\u00e9c\u00e9dentes DE700 R\u00e9sultat 2025R\u00e9sultat 2024R\u00e9sultat 2023R\u00e9sultat 2022R\u00e9sultat 2021R\u00e9sultat 2019R\u00e9sultat 2018R\u00e9sultats 2017R\u00e9sultats 2016R\u00e9sultats 2015R\u00e9sultats 2014R\u00e9sultats 2013R\u00e9sultat 2011R\u00e9sultat 2010 DE300 R\u00e9sultat 2025R\u00e9sultat 2024R\u00e9sultat 2023R\u00e9sultat 2022R\u00e9sultat 2021R\u00e9sultat 2019R\u00e9sultat 2018R\u00e9sultats 2017R\u00e9sultats 2016R\u00e9sultats 2015R\u00e9sultats 2014R\u00e9sultats 2013R\u00e9sultat 2012R\u00e9sultat 2011R\u00e9sultat 2010 DE150 R\u00e9sultat 2025R\u00e9sultat 2024R\u00e9sultat 2023R\u00e9sultat 2022R\u00e9sultat 2021R\u00e9sultat 2020R\u00e9sultat 2019R\u00e9sultat 2018R\u00e9sultats 2017R\u00e9sultats 2016 R\u00e9sultats pr\u00e9c\u00e9dents LE R\u00c9SULTAT 2008 LE R\u00c9SULTAT 2009","og_url":"https:\/\/offroadfinnmark.no\/fr\/archives-des-resultats\/","og_site_name":"Offroad Finnmark","article_modified_time":"2025-08-22T07:36:45+00:00","og_image":[{"url":"http:\/\/offroadfinnmark.no\/wp-content\/uploads\/2018\/05\/ikon_sykkel-negativ.png"}],"twitter_card":"summary_large_image","twitter_misc":{"Dur\u00e9e de lecture estim\u00e9e":"1 minute"},"schema":{"@context":"https:\/\/schema.org","@graph":[{"@type":"WebPage","@id":"https:\/\/offroadfinnmark.no\/fr\/archives-des-resultats\/","url":"https:\/\/offroadfinnmark.no\/fr\/archives-des-resultats\/","name":"Archives des r\u00e9sultats - Offroad Finnmark","isPartOf":{"@id":"https:\/\/offroadfinnmark.no\/#website"},"primaryImageOfPage":{"@id":"https:\/\/offroadfinnmark.no\/fr\/archives-des-resultats\/#primaryimage"},"image":{"@id":"https:\/\/offroadfinnmark.no\/fr\/archives-des-resultats\/#primaryimage"},"thumbnailUrl":"http:\/\/offroadfinnmark.no\/wp-content\/uploads\/2018\/05\/ikon_sykkel-negativ.png","datePublished":"2018-03-24T10:35:07+00:00","dateModified":"2025-08-22T07:36:45+00:00","breadcrumb":{"@id":"https:\/\/offroadfinnmark.no\/fr\/archives-des-resultats\/#breadcrumb"},"inLanguage":"fr-FR","potentialAction":[{"@type":"ReadAction","target":["https:\/\/offroadfinnmark.no\/fr\/archives-des-resultats\/"]}]},{"@type":"ImageObject","inLanguage":"fr-FR","@id":"https:\/\/offroadfinnmark.no\/fr\/archives-des-resultats\/#primaryimage","url":"http:\/\/offroadfinnmark.no\/wp-content\/uploads\/2018\/05\/ikon_sykkel-negativ.png","contentUrl":"http:\/\/offroadfinnmark.no\/wp-content\/uploads\/2018\/05\/ikon_sykkel-negativ.png"},{"@type":"BreadcrumbList","@id":"https:\/\/offroadfinnmark.no\/fr\/archives-des-resultats\/#breadcrumb","itemListElement":[{"@type":"ListItem","position":1,"name":"Home","item":"https:\/\/offroadfinnmark.no\/fr\/maison-2-2\/"},{"@type":"ListItem","position":2,"name":"Archives des r\u00e9sultats"}]},{"@type":"WebSite","@id":"https:\/\/offroadfinnmark.no\/#website","url":"https:\/\/offroadfinnmark.no\/","name":"https:\/\/offroadfinnmark.no\/","description":"We make people bike in the arctic","publisher":{"@id":"https:\/\/offroadfinnmark.no\/#organization"},"potentialAction":[{"@type":"SearchAction","target":{"@type":"EntryPoint","urlTemplate":"https:\/\/offroadfinnmark.no\/?s={search_term_string}"},"query-input":"required name=search_term_string"}],"inLanguage":"fr-FR"},{"@type":"Organization","@id":"https:\/\/offroadfinnmark.no\/#organization","name":"Offroad Finmark","url":"https:\/\/offroadfinnmark.no\/","logo":{"@type":"ImageObject","inLanguage":"fr-FR","@id":"https:\/\/offroadfinnmark.no\/#\/schema\/logo\/image\/","url":"https:\/\/offroadfinnmark.no\/wp-content\/uploads\/2017\/11\/of_logo_original_web.jpg","contentUrl":"https:\/\/offroadfinnmark.no\/wp-content\/uploads\/2017\/11\/of_logo_original_web.jpg","width":649,"height":172,"caption":"Offroad Finmark"},"image":{"@id":"https:\/\/offroadfinnmark.no\/#\/schema\/logo\/image\/"}}]}},"_links":{"self":[{"href":"https:\/\/offroadfinnmark.no\/fr\/wp-json\/wp\/v2\/pages\/7503","targetHints":{"allow":["GET"]}}],"collection":[{"href":"https:\/\/offroadfinnmark.no\/fr\/wp-json\/wp\/v2\/pages"}],"about":[{"href":"https:\/\/offroadfinnmark.no\/fr\/wp-json\/wp\/v2\/types\/page"}],"author":[{"embeddable":true,"href":"https:\/\/offroadfinnmark.no\/fr\/wp-json\/wp\/v2\/users\/2"}],"replies":[{"embeddable":true,"href":"https:\/\/offroadfinnmark.no\/fr\/wp-json\/wp\/v2\/comments?post=7503"}],"version-history":[{"count":0,"href":"https:\/\/offroadfinnmark.no\/fr\/wp-json\/wp\/v2\/pages\/7503\/revisions"}],"wp:attachment":[{"href":"https:\/\/offroadfinnmark.no\/fr\/wp-json\/wp\/v2\/media?parent=7503"}],"curies":[{"name":"wp","href":"https:\/\/api.w.org\/{rel}","templated":true}]}}