{"id":7500,"date":"2018-02-08T15:35:21","date_gmt":"2018-02-08T15:35:21","guid":{"rendered":"https:\/\/offroadfinnmark.no\/informations-pratiques\/"},"modified":"2025-09-14T20:20:00","modified_gmt":"2025-09-14T20:20:00","slug":"informations-pratiques","status":"publish","type":"page","link":"https:\/\/offroadfinnmark.no\/fr\/informations-pratiques\/","title":{"rendered":"Informations pratiques"},"content":{"rendered":"<div id=\"cs-content\" class=\"cs-content\"><\/div>\n","protected":false},"excerpt":{"rendered":"<p>&nbsp;Offroad Finnmark Informations pratiques H\u00e9bergement Voyage en avion Prise en charge \u00e0 l&rsquo;a\u00e9roport Carte Banquet H\u00c9BERGEMENT VOYAGE EN AVION REPRISE \u00c0 L&rsquo;A\u00c9ROPORT CARTE BANQUET H\u00e9bergement H\u00e9bergement dans un h\u00f4tel H\u00e9bergement dans un h\u00f4tel Nous recommandons chaleureusement Scandic Alta. L&rsquo;h\u00f4tel est au c\u0153ur de l&rsquo;action, avec l&rsquo;aire de d\u00e9part et d&rsquo;arriv\u00e9e juste devant la porte d&rsquo;entr\u00e9e, et le secr\u00e9tariat et les &#8230; <\/p>\n<div><a href=\"https:\/\/offroadfinnmark.no\/fr\/informations-pratiques\/\" class=\"more-link\">Read More<\/a><\/div>\n","protected":false},"author":2,"featured_media":0,"parent":0,"menu_order":0,"comment_status":"closed","ping_status":"closed","template":"","meta":{"_acf_changed":false,"_breakdance_hide_in_design_set":false,"_breakdance_tags":"","footnotes":""},"class_list":["post-7500","page","type-page","status-publish","hentry","no-post-thumbnail"],"acf":[],"yoast_head":"<!-- This site is optimized with the Yoast SEO plugin v22.7 - https:\/\/yoast.com\/wordpress\/plugins\/seo\/ -->\n<title>Informations pratiques - Offroad Finnmark<\/title>\n<meta name=\"robots\" content=\"index, follow, max-snippet:-1, max-image-preview:large, max-video-preview:-1\" \/>\n<link rel=\"canonical\" href=\"https:\/\/offroadfinnmark.no\/fr\/informations-pratiques\/\" \/>\n<meta property=\"og:locale\" content=\"fr_FR\" \/>\n<meta property=\"og:type\" content=\"article\" \/>\n<meta property=\"og:title\" content=\"Informations pratiques - Offroad Finnmark\" \/>\n<meta property=\"og:description\" content=\"&nbsp;Offroad Finnmark Informations pratiques H\u00e9bergement Voyage en avion Prise en charge \u00e0 l&#039;a\u00e9roport Carte Banquet H\u00c9BERGEMENT VOYAGE EN AVION REPRISE \u00c0 L&#039;A\u00c9ROPORT CARTE BANQUET H\u00e9bergement H\u00e9bergement dans un h\u00f4tel H\u00e9bergement dans un h\u00f4tel Nous recommandons chaleureusement Scandic Alta. L&#039;h\u00f4tel est au c\u0153ur de l&#039;action, avec l&#039;aire de d\u00e9part et d&#039;arriv\u00e9e juste devant la porte d&#039;entr\u00e9e, et le secr\u00e9tariat et les ... Read More\" \/>\n<meta property=\"og:url\" content=\"https:\/\/offroadfinnmark.no\/fr\/informations-pratiques\/\" \/>\n<meta property=\"og:site_name\" content=\"Offroad Finnmark\" \/>\n<meta property=\"article:modified_time\" content=\"2025-09-14T20:20:00+00:00\" \/>\n<meta property=\"og:image\" content=\"http:\/\/offroadfinnmar.wpengine.com\/wp-content\/uploads\/2018\/02\/ikon_sleeping-1.png\" \/>\n<meta name=\"twitter:card\" content=\"summary_large_image\" \/>\n<meta name=\"twitter:label1\" content=\"Dur\u00e9e de lecture estim\u00e9e\" \/>\n\t<meta name=\"twitter:data1\" content=\"4 minutes\" \/>\n<script type=\"application\/ld+json\" class=\"yoast-schema-graph\">{\"@context\":\"https:\/\/schema.org\",\"@graph\":[{\"@type\":\"WebPage\",\"@id\":\"https:\/\/offroadfinnmark.no\/fr\/informations-pratiques\/\",\"url\":\"https:\/\/offroadfinnmark.no\/fr\/informations-pratiques\/\",\"name\":\"Informations pratiques - Offroad Finnmark\",\"isPartOf\":{\"@id\":\"https:\/\/offroadfinnmark.no\/#website\"},\"primaryImageOfPage\":{\"@id\":\"https:\/\/offroadfinnmark.no\/fr\/informations-pratiques\/#primaryimage\"},\"image\":{\"@id\":\"https:\/\/offroadfinnmark.no\/fr\/informations-pratiques\/#primaryimage\"},\"thumbnailUrl\":\"https:\/\/offroadfinnmark.no\/wp-content\/uploads\/2018\/02\/ikon_sleeping-1.png\",\"datePublished\":\"2018-02-08T15:35:21+00:00\",\"dateModified\":\"2025-09-14T20:20:00+00:00\",\"breadcrumb\":{\"@id\":\"https:\/\/offroadfinnmark.no\/fr\/informations-pratiques\/#breadcrumb\"},\"inLanguage\":\"fr-FR\",\"potentialAction\":[{\"@type\":\"ReadAction\",\"target\":[\"https:\/\/offroadfinnmark.no\/fr\/informations-pratiques\/\"]}]},{\"@type\":\"ImageObject\",\"inLanguage\":\"fr-FR\",\"@id\":\"https:\/\/offroadfinnmark.no\/fr\/informations-pratiques\/#primaryimage\",\"url\":\"https:\/\/offroadfinnmark.no\/wp-content\/uploads\/2018\/02\/ikon_sleeping-1.png\",\"contentUrl\":\"https:\/\/offroadfinnmark.no\/wp-content\/uploads\/2018\/02\/ikon_sleeping-1.png\"},{\"@type\":\"BreadcrumbList\",\"@id\":\"https:\/\/offroadfinnmark.no\/fr\/informations-pratiques\/#breadcrumb\",\"itemListElement\":[{\"@type\":\"ListItem\",\"position\":1,\"name\":\"Home\",\"item\":\"https:\/\/offroadfinnmark.no\/fr\/maison-2-2\/\"},{\"@type\":\"ListItem\",\"position\":2,\"name\":\"Informations pratiques\"}]},{\"@type\":\"WebSite\",\"@id\":\"https:\/\/offroadfinnmark.no\/#website\",\"url\":\"https:\/\/offroadfinnmark.no\/\",\"name\":\"https:\/\/offroadfinnmark.no\/\",\"description\":\"We make people bike in the arctic\",\"publisher\":{\"@id\":\"https:\/\/offroadfinnmark.no\/#organization\"},\"potentialAction\":[{\"@type\":\"SearchAction\",\"target\":{\"@type\":\"EntryPoint\",\"urlTemplate\":\"https:\/\/offroadfinnmark.no\/?s={search_term_string}\"},\"query-input\":\"required name=search_term_string\"}],\"inLanguage\":\"fr-FR\"},{\"@type\":\"Organization\",\"@id\":\"https:\/\/offroadfinnmark.no\/#organization\",\"name\":\"Offroad Finmark\",\"url\":\"https:\/\/offroadfinnmark.no\/\",\"logo\":{\"@type\":\"ImageObject\",\"inLanguage\":\"fr-FR\",\"@id\":\"https:\/\/offroadfinnmark.no\/#\/schema\/logo\/image\/\",\"url\":\"https:\/\/offroadfinnmark.no\/wp-content\/uploads\/2017\/11\/of_logo_original_web.jpg\",\"contentUrl\":\"https:\/\/offroadfinnmark.no\/wp-content\/uploads\/2017\/11\/of_logo_original_web.jpg\",\"width\":649,\"height\":172,\"caption\":\"Offroad Finmark\"},\"image\":{\"@id\":\"https:\/\/offroadfinnmark.no\/#\/schema\/logo\/image\/\"}}]}<\/script>\n<!-- \/ Yoast SEO plugin. -->","yoast_head_json":{"title":"Informations pratiques - Offroad Finnmark","robots":{"index":"index","follow":"follow","max-snippet":"max-snippet:-1","max-image-preview":"max-image-preview:large","max-video-preview":"max-video-preview:-1"},"canonical":"https:\/\/offroadfinnmark.no\/fr\/informations-pratiques\/","og_locale":"fr_FR","og_type":"article","og_title":"Informations pratiques - Offroad Finnmark","og_description":"&nbsp;Offroad Finnmark Informations pratiques H\u00e9bergement Voyage en avion Prise en charge \u00e0 l'a\u00e9roport Carte Banquet H\u00c9BERGEMENT VOYAGE EN AVION REPRISE \u00c0 L'A\u00c9ROPORT CARTE BANQUET H\u00e9bergement H\u00e9bergement dans un h\u00f4tel H\u00e9bergement dans un h\u00f4tel Nous recommandons chaleureusement Scandic Alta. L'h\u00f4tel est au c\u0153ur de l'action, avec l'aire de d\u00e9part et d'arriv\u00e9e juste devant la porte d'entr\u00e9e, et le secr\u00e9tariat et les ... Read More","og_url":"https:\/\/offroadfinnmark.no\/fr\/informations-pratiques\/","og_site_name":"Offroad Finnmark","article_modified_time":"2025-09-14T20:20:00+00:00","og_image":[{"url":"http:\/\/offroadfinnmar.wpengine.com\/wp-content\/uploads\/2018\/02\/ikon_sleeping-1.png"}],"twitter_card":"summary_large_image","twitter_misc":{"Dur\u00e9e de lecture estim\u00e9e":"4 minutes"},"schema":{"@context":"https:\/\/schema.org","@graph":[{"@type":"WebPage","@id":"https:\/\/offroadfinnmark.no\/fr\/informations-pratiques\/","url":"https:\/\/offroadfinnmark.no\/fr\/informations-pratiques\/","name":"Informations pratiques - Offroad Finnmark","isPartOf":{"@id":"https:\/\/offroadfinnmark.no\/#website"},"primaryImageOfPage":{"@id":"https:\/\/offroadfinnmark.no\/fr\/informations-pratiques\/#primaryimage"},"image":{"@id":"https:\/\/offroadfinnmark.no\/fr\/informations-pratiques\/#primaryimage"},"thumbnailUrl":"https:\/\/offroadfinnmark.no\/wp-content\/uploads\/2018\/02\/ikon_sleeping-1.png","datePublished":"2018-02-08T15:35:21+00:00","dateModified":"2025-09-14T20:20:00+00:00","breadcrumb":{"@id":"https:\/\/offroadfinnmark.no\/fr\/informations-pratiques\/#breadcrumb"},"inLanguage":"fr-FR","potentialAction":[{"@type":"ReadAction","target":["https:\/\/offroadfinnmark.no\/fr\/informations-pratiques\/"]}]},{"@type":"ImageObject","inLanguage":"fr-FR","@id":"https:\/\/offroadfinnmark.no\/fr\/informations-pratiques\/#primaryimage","url":"https:\/\/offroadfinnmark.no\/wp-content\/uploads\/2018\/02\/ikon_sleeping-1.png","contentUrl":"https:\/\/offroadfinnmark.no\/wp-content\/uploads\/2018\/02\/ikon_sleeping-1.png"},{"@type":"BreadcrumbList","@id":"https:\/\/offroadfinnmark.no\/fr\/informations-pratiques\/#breadcrumb","itemListElement":[{"@type":"ListItem","position":1,"name":"Home","item":"https:\/\/offroadfinnmark.no\/fr\/maison-2-2\/"},{"@type":"ListItem","position":2,"name":"Informations pratiques"}]},{"@type":"WebSite","@id":"https:\/\/offroadfinnmark.no\/#website","url":"https:\/\/offroadfinnmark.no\/","name":"https:\/\/offroadfinnmark.no\/","description":"We make people bike in the arctic","publisher":{"@id":"https:\/\/offroadfinnmark.no\/#organization"},"potentialAction":[{"@type":"SearchAction","target":{"@type":"EntryPoint","urlTemplate":"https:\/\/offroadfinnmark.no\/?s={search_term_string}"},"query-input":"required name=search_term_string"}],"inLanguage":"fr-FR"},{"@type":"Organization","@id":"https:\/\/offroadfinnmark.no\/#organization","name":"Offroad Finmark","url":"https:\/\/offroadfinnmark.no\/","logo":{"@type":"ImageObject","inLanguage":"fr-FR","@id":"https:\/\/offroadfinnmark.no\/#\/schema\/logo\/image\/","url":"https:\/\/offroadfinnmark.no\/wp-content\/uploads\/2017\/11\/of_logo_original_web.jpg","contentUrl":"https:\/\/offroadfinnmark.no\/wp-content\/uploads\/2017\/11\/of_logo_original_web.jpg","width":649,"height":172,"caption":"Offroad Finmark"},"image":{"@id":"https:\/\/offroadfinnmark.no\/#\/schema\/logo\/image\/"}}]}},"_links":{"self":[{"href":"https:\/\/offroadfinnmark.no\/fr\/wp-json\/wp\/v2\/pages\/7500","targetHints":{"allow":["GET"]}}],"collection":[{"href":"https:\/\/offroadfinnmark.no\/fr\/wp-json\/wp\/v2\/pages"}],"about":[{"href":"https:\/\/offroadfinnmark.no\/fr\/wp-json\/wp\/v2\/types\/page"}],"author":[{"embeddable":true,"href":"https:\/\/offroadfinnmark.no\/fr\/wp-json\/wp\/v2\/users\/2"}],"replies":[{"embeddable":true,"href":"https:\/\/offroadfinnmark.no\/fr\/wp-json\/wp\/v2\/comments?post=7500"}],"version-history":[{"count":0,"href":"https:\/\/offroadfinnmark.no\/fr\/wp-json\/wp\/v2\/pages\/7500\/revisions"}],"wp:attachment":[{"href":"https:\/\/offroadfinnmark.no\/fr\/wp-json\/wp\/v2\/media?parent=7500"}],"curies":[{"name":"wp","href":"https:\/\/api.w.org\/{rel}","templated":true}]}}