{"id":7497,"date":"2018-01-24T15:22:27","date_gmt":"2018-01-24T15:22:27","guid":{"rendered":"https:\/\/offroadfinnmark.no\/archive-a-propos-de-dnb-of150\/"},"modified":"2023-09-19T09:38:26","modified_gmt":"2023-09-19T09:38:26","slug":"archive-a-propos-de-dnb-of150","status":"publish","type":"page","link":"https:\/\/offroadfinnmark.no\/fr\/archive-a-propos-de-dnb-of150\/","title":{"rendered":"ARCHIVE &#8211; \u00c0 propos de DNB Of150"},"content":{"rendered":"<div id=\"cs-content\" class=\"cs-content\"><\/div>\n","protected":false},"excerpt":{"rendered":"<p>Notre offre Formule 1 pour les cyclistes VTT Plus court que le plus long, mais loin d&rsquo;\u00eatre facile s&rsquo;inscrire Une balade en solo pour tous Un avant-go\u00fbt de la Finlande Le DNB OF150 vous donne un v\u00e9ritable aper\u00e7u de ce qu&rsquo;est Offroad Finnmark. Alors que sur les SmartDok OF300 et Ishavskraft OF700 il faut rouler en \u00e9quipe (le 700 a &#8230; <\/p>\n<div><a href=\"https:\/\/offroadfinnmark.no\/fr\/inscription-doffroad-finnmark-a-la-coop-early-bird-finnmark-of-youth-ifinnmark-folkeritt-et-lentrepreneur-harald-nilsen-of-barneritt-le-mercredi-3-novembre-a-20h00-jusquau-mercredi-10-nov\/\" class=\"more-link\">Read More<\/a><\/div>\n","protected":false},"author":2,"featured_media":0,"parent":0,"menu_order":0,"comment_status":"closed","ping_status":"closed","template":"","meta":{"_acf_changed":false,"_breakdance_hide_in_design_set":false,"_breakdance_tags":"","footnotes":""},"class_list":["post-7497","page","type-page","status-publish","hentry","no-post-thumbnail"],"acf":[],"yoast_head":"<!-- This site is optimized with the Yoast SEO plugin v22.7 - https:\/\/yoast.com\/wordpress\/plugins\/seo\/ -->\n<title>ARCHIVE - \u00c0 propos de DNB Of150 - Offroad Finnmark<\/title>\n<meta name=\"robots\" content=\"index, follow, max-snippet:-1, max-image-preview:large, max-video-preview:-1\" \/>\n<link rel=\"canonical\" href=\"https:\/\/offroadfinnmark.no\/fr\/archive-a-propos-de-dnb-of150\/\" \/>\n<meta property=\"og:locale\" content=\"fr_FR\" \/>\n<meta property=\"og:type\" content=\"article\" \/>\n<meta property=\"og:title\" content=\"ARCHIVE - \u00c0 propos de DNB Of150 - Offroad Finnmark\" \/>\n<meta property=\"og:description\" content=\"Notre offre Formule 1 pour les cyclistes VTT Plus court que le plus long, mais loin d&#039;\u00eatre facile s&#039;inscrire Une balade en solo pour tous Un avant-go\u00fbt de la Finlande Le DNB OF150 vous donne un v\u00e9ritable aper\u00e7u de ce qu&#039;est Offroad Finnmark. Alors que sur les SmartDok OF300 et Ishavskraft OF700 il faut rouler en \u00e9quipe (le 700 a ... Read More\" \/>\n<meta property=\"og:url\" content=\"https:\/\/offroadfinnmark.no\/fr\/archive-a-propos-de-dnb-of150\/\" \/>\n<meta property=\"og:site_name\" content=\"Offroad Finnmark\" \/>\n<meta property=\"article:modified_time\" content=\"2023-09-19T09:38:26+00:00\" \/>\n<meta name=\"twitter:card\" content=\"summary_large_image\" \/>\n<meta name=\"twitter:label1\" content=\"Dur\u00e9e de lecture estim\u00e9e\" \/>\n\t<meta name=\"twitter:data1\" content=\"4 minutes\" \/>\n<script type=\"application\/ld+json\" class=\"yoast-schema-graph\">{\"@context\":\"https:\/\/schema.org\",\"@graph\":[{\"@type\":\"WebPage\",\"@id\":\"https:\/\/offroadfinnmark.no\/fr\/archive-a-propos-de-dnb-of150\/\",\"url\":\"https:\/\/offroadfinnmark.no\/fr\/archive-a-propos-de-dnb-of150\/\",\"name\":\"ARCHIVE - \u00c0 propos de DNB Of150 - Offroad Finnmark\",\"isPartOf\":{\"@id\":\"https:\/\/offroadfinnmark.no\/#website\"},\"datePublished\":\"2018-01-24T15:22:27+00:00\",\"dateModified\":\"2023-09-19T09:38:26+00:00\",\"breadcrumb\":{\"@id\":\"https:\/\/offroadfinnmark.no\/fr\/archive-a-propos-de-dnb-of150\/#breadcrumb\"},\"inLanguage\":\"fr-FR\",\"potentialAction\":[{\"@type\":\"ReadAction\",\"target\":[\"https:\/\/offroadfinnmark.no\/fr\/archive-a-propos-de-dnb-of150\/\"]}]},{\"@type\":\"BreadcrumbList\",\"@id\":\"https:\/\/offroadfinnmark.no\/fr\/archive-a-propos-de-dnb-of150\/#breadcrumb\",\"itemListElement\":[{\"@type\":\"ListItem\",\"position\":1,\"name\":\"Home\",\"item\":\"https:\/\/offroadfinnmark.no\/fr\/maison-2-2\/\"},{\"@type\":\"ListItem\",\"position\":2,\"name\":\"ARCHIVE &#8211; \u00c0 propos de DNB Of150\"}]},{\"@type\":\"WebSite\",\"@id\":\"https:\/\/offroadfinnmark.no\/#website\",\"url\":\"https:\/\/offroadfinnmark.no\/\",\"name\":\"https:\/\/offroadfinnmark.no\/\",\"description\":\"We make people bike in the arctic\",\"publisher\":{\"@id\":\"https:\/\/offroadfinnmark.no\/#organization\"},\"potentialAction\":[{\"@type\":\"SearchAction\",\"target\":{\"@type\":\"EntryPoint\",\"urlTemplate\":\"https:\/\/offroadfinnmark.no\/?s={search_term_string}\"},\"query-input\":\"required name=search_term_string\"}],\"inLanguage\":\"fr-FR\"},{\"@type\":\"Organization\",\"@id\":\"https:\/\/offroadfinnmark.no\/#organization\",\"name\":\"Offroad Finmark\",\"url\":\"https:\/\/offroadfinnmark.no\/\",\"logo\":{\"@type\":\"ImageObject\",\"inLanguage\":\"fr-FR\",\"@id\":\"https:\/\/offroadfinnmark.no\/#\/schema\/logo\/image\/\",\"url\":\"https:\/\/offroadfinnmark.no\/wp-content\/uploads\/2017\/11\/of_logo_original_web.jpg\",\"contentUrl\":\"https:\/\/offroadfinnmark.no\/wp-content\/uploads\/2017\/11\/of_logo_original_web.jpg\",\"width\":649,\"height\":172,\"caption\":\"Offroad Finmark\"},\"image\":{\"@id\":\"https:\/\/offroadfinnmark.no\/#\/schema\/logo\/image\/\"}}]}<\/script>\n<!-- \/ Yoast SEO plugin. -->","yoast_head_json":{"title":"ARCHIVE - \u00c0 propos de DNB Of150 - Offroad Finnmark","robots":{"index":"index","follow":"follow","max-snippet":"max-snippet:-1","max-image-preview":"max-image-preview:large","max-video-preview":"max-video-preview:-1"},"canonical":"https:\/\/offroadfinnmark.no\/fr\/archive-a-propos-de-dnb-of150\/","og_locale":"fr_FR","og_type":"article","og_title":"ARCHIVE - \u00c0 propos de DNB Of150 - Offroad Finnmark","og_description":"Notre offre Formule 1 pour les cyclistes VTT Plus court que le plus long, mais loin d'\u00eatre facile s'inscrire Une balade en solo pour tous Un avant-go\u00fbt de la Finlande Le DNB OF150 vous donne un v\u00e9ritable aper\u00e7u de ce qu'est Offroad Finnmark. Alors que sur les SmartDok OF300 et Ishavskraft OF700 il faut rouler en \u00e9quipe (le 700 a ... Read More","og_url":"https:\/\/offroadfinnmark.no\/fr\/archive-a-propos-de-dnb-of150\/","og_site_name":"Offroad Finnmark","article_modified_time":"2023-09-19T09:38:26+00:00","twitter_card":"summary_large_image","twitter_misc":{"Dur\u00e9e de lecture estim\u00e9e":"4 minutes"},"schema":{"@context":"https:\/\/schema.org","@graph":[{"@type":"WebPage","@id":"https:\/\/offroadfinnmark.no\/fr\/archive-a-propos-de-dnb-of150\/","url":"https:\/\/offroadfinnmark.no\/fr\/archive-a-propos-de-dnb-of150\/","name":"ARCHIVE - \u00c0 propos de DNB Of150 - Offroad Finnmark","isPartOf":{"@id":"https:\/\/offroadfinnmark.no\/#website"},"datePublished":"2018-01-24T15:22:27+00:00","dateModified":"2023-09-19T09:38:26+00:00","breadcrumb":{"@id":"https:\/\/offroadfinnmark.no\/fr\/archive-a-propos-de-dnb-of150\/#breadcrumb"},"inLanguage":"fr-FR","potentialAction":[{"@type":"ReadAction","target":["https:\/\/offroadfinnmark.no\/fr\/archive-a-propos-de-dnb-of150\/"]}]},{"@type":"BreadcrumbList","@id":"https:\/\/offroadfinnmark.no\/fr\/archive-a-propos-de-dnb-of150\/#breadcrumb","itemListElement":[{"@type":"ListItem","position":1,"name":"Home","item":"https:\/\/offroadfinnmark.no\/fr\/maison-2-2\/"},{"@type":"ListItem","position":2,"name":"ARCHIVE &#8211; \u00c0 propos de DNB Of150"}]},{"@type":"WebSite","@id":"https:\/\/offroadfinnmark.no\/#website","url":"https:\/\/offroadfinnmark.no\/","name":"https:\/\/offroadfinnmark.no\/","description":"We make people bike in the arctic","publisher":{"@id":"https:\/\/offroadfinnmark.no\/#organization"},"potentialAction":[{"@type":"SearchAction","target":{"@type":"EntryPoint","urlTemplate":"https:\/\/offroadfinnmark.no\/?s={search_term_string}"},"query-input":"required name=search_term_string"}],"inLanguage":"fr-FR"},{"@type":"Organization","@id":"https:\/\/offroadfinnmark.no\/#organization","name":"Offroad Finmark","url":"https:\/\/offroadfinnmark.no\/","logo":{"@type":"ImageObject","inLanguage":"fr-FR","@id":"https:\/\/offroadfinnmark.no\/#\/schema\/logo\/image\/","url":"https:\/\/offroadfinnmark.no\/wp-content\/uploads\/2017\/11\/of_logo_original_web.jpg","contentUrl":"https:\/\/offroadfinnmark.no\/wp-content\/uploads\/2017\/11\/of_logo_original_web.jpg","width":649,"height":172,"caption":"Offroad Finmark"},"image":{"@id":"https:\/\/offroadfinnmark.no\/#\/schema\/logo\/image\/"}}]}},"_links":{"self":[{"href":"https:\/\/offroadfinnmark.no\/fr\/wp-json\/wp\/v2\/pages\/7497","targetHints":{"allow":["GET"]}}],"collection":[{"href":"https:\/\/offroadfinnmark.no\/fr\/wp-json\/wp\/v2\/pages"}],"about":[{"href":"https:\/\/offroadfinnmark.no\/fr\/wp-json\/wp\/v2\/types\/page"}],"author":[{"embeddable":true,"href":"https:\/\/offroadfinnmark.no\/fr\/wp-json\/wp\/v2\/users\/2"}],"replies":[{"embeddable":true,"href":"https:\/\/offroadfinnmark.no\/fr\/wp-json\/wp\/v2\/comments?post=7497"}],"version-history":[{"count":0,"href":"https:\/\/offroadfinnmark.no\/fr\/wp-json\/wp\/v2\/pages\/7497\/revisions"}],"wp:attachment":[{"href":"https:\/\/offroadfinnmark.no\/fr\/wp-json\/wp\/v2\/media?parent=7497"}],"curies":[{"name":"wp","href":"https:\/\/api.w.org\/{rel}","templated":true}]}}