{"id":7475,"date":"2018-01-24T17:59:28","date_gmt":"2018-01-24T17:59:28","guid":{"rendered":"https:\/\/offroadfinnmark.no\/archive-a-propos-de-lishavskraft-of700\/"},"modified":"2023-09-14T08:28:58","modified_gmt":"2023-09-14T08:28:58","slug":"archive-a-propos-de-lishavskraft-of700","status":"publish","type":"page","link":"https:\/\/offroadfinnmark.no\/fr\/archive-a-propos-de-lishavskraft-of700\/","title":{"rendered":"ARCHIVE &#8211; \u00c0 propos de l&rsquo;Ishavskraft OF700"},"content":{"rendered":"<div id=\"cs-content\" class=\"cs-content\"><\/div>\n","protected":false},"excerpt":{"rendered":"<p>La plus longue course de VTT au monde La balade pour l&rsquo;extr\u00eame s&rsquo;inscrire 700 kilom\u00e8tres \u00e0 travers les derni\u00e8res \u00e9tendues sauvages d&rsquo;Europe Effort brut Ishavskraft OFinnmark 700 est une course cycliste en une \u00e9tape d&rsquo;environ 700 km. Le parcours totalise entre 9 et 11 000 m\u00e8tres de d\u00e9nivel\u00e9 positif et est domin\u00e9 par le cyclisme technique et l&rsquo;orientation du v\u00e9lo &#8230; <\/p>\n<div><a href=\"https:\/\/offroadfinnmark.no\/fr\/inscription-doffroad-finnmark-a-la-coop-early-bird-finnmark-of-youth-ifinnmark-folkeritt-et-lentrepreneur-harald-nilsen-of-barneritt-le-mercredi-3-novembre-a-20h00-jusquau-mercredi-10-nov\/\" class=\"more-link\">Read More<\/a><\/div>\n","protected":false},"author":2,"featured_media":0,"parent":0,"menu_order":0,"comment_status":"closed","ping_status":"closed","template":"","meta":{"_acf_changed":false,"_breakdance_hide_in_design_set":false,"_breakdance_tags":"","footnotes":""},"class_list":["post-7475","page","type-page","status-publish","hentry","no-post-thumbnail"],"acf":[],"yoast_head":"<!-- This site is optimized with the Yoast SEO plugin v22.7 - https:\/\/yoast.com\/wordpress\/plugins\/seo\/ -->\n<title>ARCHIVE - \u00c0 propos de l&#039;Ishavskraft OF700 - Offroad Finnmark<\/title>\n<meta name=\"robots\" content=\"index, follow, max-snippet:-1, max-image-preview:large, max-video-preview:-1\" \/>\n<link rel=\"canonical\" href=\"https:\/\/offroadfinnmark.no\/fr\/archive-a-propos-de-lishavskraft-of700\/\" \/>\n<meta property=\"og:locale\" content=\"fr_FR\" \/>\n<meta property=\"og:type\" content=\"article\" \/>\n<meta property=\"og:title\" content=\"ARCHIVE - \u00c0 propos de l&#039;Ishavskraft OF700 - Offroad Finnmark\" \/>\n<meta property=\"og:description\" content=\"La plus longue course de VTT au monde La balade pour l&#039;extr\u00eame s&#039;inscrire 700 kilom\u00e8tres \u00e0 travers les derni\u00e8res \u00e9tendues sauvages d&#039;Europe Effort brut Ishavskraft OFinnmark 700 est une course cycliste en une \u00e9tape d&#039;environ 700 km. Le parcours totalise entre 9 et 11 000 m\u00e8tres de d\u00e9nivel\u00e9 positif et est domin\u00e9 par le cyclisme technique et l&#039;orientation du v\u00e9lo ... Read More\" \/>\n<meta property=\"og:url\" content=\"https:\/\/offroadfinnmark.no\/fr\/archive-a-propos-de-lishavskraft-of700\/\" \/>\n<meta property=\"og:site_name\" content=\"Offroad Finnmark\" \/>\n<meta property=\"article:modified_time\" content=\"2023-09-14T08:28:58+00:00\" \/>\n<meta name=\"twitter:card\" content=\"summary_large_image\" \/>\n<meta name=\"twitter:label1\" content=\"Dur\u00e9e de lecture estim\u00e9e\" \/>\n\t<meta name=\"twitter:data1\" content=\"2 minutes\" \/>\n<script type=\"application\/ld+json\" class=\"yoast-schema-graph\">{\"@context\":\"https:\/\/schema.org\",\"@graph\":[{\"@type\":\"WebPage\",\"@id\":\"https:\/\/offroadfinnmark.no\/fr\/archive-a-propos-de-lishavskraft-of700\/\",\"url\":\"https:\/\/offroadfinnmark.no\/fr\/archive-a-propos-de-lishavskraft-of700\/\",\"name\":\"ARCHIVE - \u00c0 propos de l'Ishavskraft OF700 - Offroad Finnmark\",\"isPartOf\":{\"@id\":\"https:\/\/offroadfinnmark.no\/#website\"},\"datePublished\":\"2018-01-24T17:59:28+00:00\",\"dateModified\":\"2023-09-14T08:28:58+00:00\",\"breadcrumb\":{\"@id\":\"https:\/\/offroadfinnmark.no\/fr\/archive-a-propos-de-lishavskraft-of700\/#breadcrumb\"},\"inLanguage\":\"fr-FR\",\"potentialAction\":[{\"@type\":\"ReadAction\",\"target\":[\"https:\/\/offroadfinnmark.no\/fr\/archive-a-propos-de-lishavskraft-of700\/\"]}]},{\"@type\":\"BreadcrumbList\",\"@id\":\"https:\/\/offroadfinnmark.no\/fr\/archive-a-propos-de-lishavskraft-of700\/#breadcrumb\",\"itemListElement\":[{\"@type\":\"ListItem\",\"position\":1,\"name\":\"Home\",\"item\":\"https:\/\/offroadfinnmark.no\/fr\/maison-2-2\/\"},{\"@type\":\"ListItem\",\"position\":2,\"name\":\"ARCHIVE &#8211; \u00c0 propos de l&rsquo;Ishavskraft OF700\"}]},{\"@type\":\"WebSite\",\"@id\":\"https:\/\/offroadfinnmark.no\/#website\",\"url\":\"https:\/\/offroadfinnmark.no\/\",\"name\":\"https:\/\/offroadfinnmark.no\/\",\"description\":\"We make people bike in the arctic\",\"publisher\":{\"@id\":\"https:\/\/offroadfinnmark.no\/#organization\"},\"potentialAction\":[{\"@type\":\"SearchAction\",\"target\":{\"@type\":\"EntryPoint\",\"urlTemplate\":\"https:\/\/offroadfinnmark.no\/?s={search_term_string}\"},\"query-input\":\"required name=search_term_string\"}],\"inLanguage\":\"fr-FR\"},{\"@type\":\"Organization\",\"@id\":\"https:\/\/offroadfinnmark.no\/#organization\",\"name\":\"Offroad Finmark\",\"url\":\"https:\/\/offroadfinnmark.no\/\",\"logo\":{\"@type\":\"ImageObject\",\"inLanguage\":\"fr-FR\",\"@id\":\"https:\/\/offroadfinnmark.no\/#\/schema\/logo\/image\/\",\"url\":\"https:\/\/offroadfinnmark.no\/wp-content\/uploads\/2017\/11\/of_logo_original_web.jpg\",\"contentUrl\":\"https:\/\/offroadfinnmark.no\/wp-content\/uploads\/2017\/11\/of_logo_original_web.jpg\",\"width\":649,\"height\":172,\"caption\":\"Offroad Finmark\"},\"image\":{\"@id\":\"https:\/\/offroadfinnmark.no\/#\/schema\/logo\/image\/\"}}]}<\/script>\n<!-- \/ Yoast SEO plugin. -->","yoast_head_json":{"title":"ARCHIVE - \u00c0 propos de l'Ishavskraft OF700 - Offroad Finnmark","robots":{"index":"index","follow":"follow","max-snippet":"max-snippet:-1","max-image-preview":"max-image-preview:large","max-video-preview":"max-video-preview:-1"},"canonical":"https:\/\/offroadfinnmark.no\/fr\/archive-a-propos-de-lishavskraft-of700\/","og_locale":"fr_FR","og_type":"article","og_title":"ARCHIVE - \u00c0 propos de l'Ishavskraft OF700 - Offroad Finnmark","og_description":"La plus longue course de VTT au monde La balade pour l'extr\u00eame s'inscrire 700 kilom\u00e8tres \u00e0 travers les derni\u00e8res \u00e9tendues sauvages d'Europe Effort brut Ishavskraft OFinnmark 700 est une course cycliste en une \u00e9tape d'environ 700 km. Le parcours totalise entre 9 et 11 000 m\u00e8tres de d\u00e9nivel\u00e9 positif et est domin\u00e9 par le cyclisme technique et l'orientation du v\u00e9lo ... Read More","og_url":"https:\/\/offroadfinnmark.no\/fr\/archive-a-propos-de-lishavskraft-of700\/","og_site_name":"Offroad Finnmark","article_modified_time":"2023-09-14T08:28:58+00:00","twitter_card":"summary_large_image","twitter_misc":{"Dur\u00e9e de lecture estim\u00e9e":"2 minutes"},"schema":{"@context":"https:\/\/schema.org","@graph":[{"@type":"WebPage","@id":"https:\/\/offroadfinnmark.no\/fr\/archive-a-propos-de-lishavskraft-of700\/","url":"https:\/\/offroadfinnmark.no\/fr\/archive-a-propos-de-lishavskraft-of700\/","name":"ARCHIVE - \u00c0 propos de l'Ishavskraft OF700 - Offroad Finnmark","isPartOf":{"@id":"https:\/\/offroadfinnmark.no\/#website"},"datePublished":"2018-01-24T17:59:28+00:00","dateModified":"2023-09-14T08:28:58+00:00","breadcrumb":{"@id":"https:\/\/offroadfinnmark.no\/fr\/archive-a-propos-de-lishavskraft-of700\/#breadcrumb"},"inLanguage":"fr-FR","potentialAction":[{"@type":"ReadAction","target":["https:\/\/offroadfinnmark.no\/fr\/archive-a-propos-de-lishavskraft-of700\/"]}]},{"@type":"BreadcrumbList","@id":"https:\/\/offroadfinnmark.no\/fr\/archive-a-propos-de-lishavskraft-of700\/#breadcrumb","itemListElement":[{"@type":"ListItem","position":1,"name":"Home","item":"https:\/\/offroadfinnmark.no\/fr\/maison-2-2\/"},{"@type":"ListItem","position":2,"name":"ARCHIVE &#8211; \u00c0 propos de l&rsquo;Ishavskraft OF700"}]},{"@type":"WebSite","@id":"https:\/\/offroadfinnmark.no\/#website","url":"https:\/\/offroadfinnmark.no\/","name":"https:\/\/offroadfinnmark.no\/","description":"We make people bike in the arctic","publisher":{"@id":"https:\/\/offroadfinnmark.no\/#organization"},"potentialAction":[{"@type":"SearchAction","target":{"@type":"EntryPoint","urlTemplate":"https:\/\/offroadfinnmark.no\/?s={search_term_string}"},"query-input":"required name=search_term_string"}],"inLanguage":"fr-FR"},{"@type":"Organization","@id":"https:\/\/offroadfinnmark.no\/#organization","name":"Offroad Finmark","url":"https:\/\/offroadfinnmark.no\/","logo":{"@type":"ImageObject","inLanguage":"fr-FR","@id":"https:\/\/offroadfinnmark.no\/#\/schema\/logo\/image\/","url":"https:\/\/offroadfinnmark.no\/wp-content\/uploads\/2017\/11\/of_logo_original_web.jpg","contentUrl":"https:\/\/offroadfinnmark.no\/wp-content\/uploads\/2017\/11\/of_logo_original_web.jpg","width":649,"height":172,"caption":"Offroad Finmark"},"image":{"@id":"https:\/\/offroadfinnmark.no\/#\/schema\/logo\/image\/"}}]}},"_links":{"self":[{"href":"https:\/\/offroadfinnmark.no\/fr\/wp-json\/wp\/v2\/pages\/7475","targetHints":{"allow":["GET"]}}],"collection":[{"href":"https:\/\/offroadfinnmark.no\/fr\/wp-json\/wp\/v2\/pages"}],"about":[{"href":"https:\/\/offroadfinnmark.no\/fr\/wp-json\/wp\/v2\/types\/page"}],"author":[{"embeddable":true,"href":"https:\/\/offroadfinnmark.no\/fr\/wp-json\/wp\/v2\/users\/2"}],"replies":[{"embeddable":true,"href":"https:\/\/offroadfinnmark.no\/fr\/wp-json\/wp\/v2\/comments?post=7475"}],"version-history":[{"count":0,"href":"https:\/\/offroadfinnmark.no\/fr\/wp-json\/wp\/v2\/pages\/7475\/revisions"}],"wp:attachment":[{"href":"https:\/\/offroadfinnmark.no\/fr\/wp-json\/wp\/v2\/media?parent=7475"}],"curies":[{"name":"wp","href":"https:\/\/api.w.org\/{rel}","templated":true}]}}