{"id":7471,"date":"2023-06-05T11:45:24","date_gmt":"2023-06-05T11:45:24","guid":{"rendered":"https:\/\/offroadfinnmark.no\/des-articles\/"},"modified":"2023-09-19T10:11:49","modified_gmt":"2023-09-19T10:11:49","slug":"des-articles","status":"publish","type":"page","link":"https:\/\/offroadfinnmark.no\/fr\/des-articles\/","title":{"rendered":"Des articles"},"content":{"rendered":"<div id=\"cs-content\" class=\"cs-content\"><\/div>\n","protected":false},"excerpt":{"rendered":"<p>Que se passe-t-il actuellement dans notre mondeseptembre 14, 2025Offroad Finnmark avec 3,9 millions de vues pendant la semaine de course : &#8211; Cela n&rsquo;aurait jamais \u00e9t\u00e9 possible sans l&rsquo;\u00e9quipe m\u00e9diaao\u00fbt 22, 2025Les films du banquet pour : Sparebank 1 Nord-Norge OF150 km, SmartDok OF300 km, Ishavskraft OF700 km &#8211; La plus dure et la plus longue course au monde.septembre 10, &#8230; <\/p>\n<div><a href=\"https:\/\/offroadfinnmark.no\/fr\/des-articles\/\" class=\"more-link\">Read More<\/a><\/div>\n","protected":false},"author":10,"featured_media":0,"parent":0,"menu_order":0,"comment_status":"closed","ping_status":"closed","template":"","meta":{"_acf_changed":false,"_breakdance_hide_in_design_set":false,"_breakdance_tags":"","footnotes":""},"class_list":["post-7471","page","type-page","status-publish","hentry","no-post-thumbnail"],"acf":[],"yoast_head":"<!-- This site is optimized with the Yoast SEO plugin v22.7 - https:\/\/yoast.com\/wordpress\/plugins\/seo\/ -->\n<title>Offroad Finnmak - Lisez le magazine Offroad Finnmark 2021 ici<\/title>\n<meta name=\"description\" content=\"Chers participants, partenaires b\u00e9n\u00e9voles, spectateurs et amis cyclistes ! Ici vous pouvez lire le magazine Offroad Finmmark de cette ann\u00e9e.\" \/>\n<meta name=\"robots\" content=\"index, follow, max-snippet:-1, max-image-preview:large, max-video-preview:-1\" \/>\n<link rel=\"canonical\" href=\"https:\/\/offroadfinnmark.no\/offroad-finnmark-artikler\/\" \/>\n<meta property=\"og:locale\" content=\"fr_FR\" \/>\n<meta property=\"og:type\" content=\"article\" \/>\n<meta property=\"og:title\" content=\"Offroad Finnmak - Lisez le magazine Offroad Finnmark 2021 ici\" \/>\n<meta property=\"og:description\" content=\"Chers participants, partenaires b\u00e9n\u00e9voles, spectateurs et amis cyclistes ! Ici vous pouvez lire le magazine Offroad Finmmark de cette ann\u00e9e.\" \/>\n<meta property=\"og:url\" content=\"https:\/\/offroadfinnmark.no\/offroad-finnmark-artikler\/\" \/>\n<meta property=\"og:site_name\" content=\"Offroad Finnmark\" \/>\n<meta property=\"article:modified_time\" content=\"2023-09-19T10:11:49+00:00\" \/>\n<meta name=\"twitter:card\" content=\"summary_large_image\" \/>\n<meta name=\"twitter:label1\" content=\"Dur\u00e9e de lecture estim\u00e9e\" \/>\n\t<meta name=\"twitter:data1\" content=\"1 minute\" \/>\n<script type=\"application\/ld+json\" class=\"yoast-schema-graph\">{\"@context\":\"https:\/\/schema.org\",\"@graph\":[{\"@type\":\"WebPage\",\"@id\":\"https:\/\/offroadfinnmark.no\/offroad-finnmark-artikler\/\",\"url\":\"https:\/\/offroadfinnmark.no\/offroad-finnmark-artikler\/\",\"name\":\"Offroad Finnmak - Lisez le magazine Offroad Finnmark 2021 ici\",\"isPartOf\":{\"@id\":\"https:\/\/offroadfinnmark.no\/#website\"},\"datePublished\":\"2023-06-05T11:45:24+00:00\",\"dateModified\":\"2023-09-19T10:11:49+00:00\",\"description\":\"Chers participants, partenaires b\u00e9n\u00e9voles, spectateurs et amis cyclistes ! Ici vous pouvez lire le magazine Offroad Finmmark de cette ann\u00e9e.\",\"breadcrumb\":{\"@id\":\"https:\/\/offroadfinnmark.no\/offroad-finnmark-artikler\/#breadcrumb\"},\"inLanguage\":\"fr-FR\",\"potentialAction\":[{\"@type\":\"ReadAction\",\"target\":[\"https:\/\/offroadfinnmark.no\/offroad-finnmark-artikler\/\"]}]},{\"@type\":\"BreadcrumbList\",\"@id\":\"https:\/\/offroadfinnmark.no\/offroad-finnmark-artikler\/#breadcrumb\",\"itemListElement\":[{\"@type\":\"ListItem\",\"position\":1,\"name\":\"Home\",\"item\":\"https:\/\/offroadfinnmark.no\/fr\/maison-2-2\/\"},{\"@type\":\"ListItem\",\"position\":2,\"name\":\"Des articles\"}]},{\"@type\":\"WebSite\",\"@id\":\"https:\/\/offroadfinnmark.no\/#website\",\"url\":\"https:\/\/offroadfinnmark.no\/\",\"name\":\"https:\/\/offroadfinnmark.no\/\",\"description\":\"We make people bike in the arctic\",\"publisher\":{\"@id\":\"https:\/\/offroadfinnmark.no\/#organization\"},\"potentialAction\":[{\"@type\":\"SearchAction\",\"target\":{\"@type\":\"EntryPoint\",\"urlTemplate\":\"https:\/\/offroadfinnmark.no\/?s={search_term_string}\"},\"query-input\":\"required name=search_term_string\"}],\"inLanguage\":\"fr-FR\"},{\"@type\":\"Organization\",\"@id\":\"https:\/\/offroadfinnmark.no\/#organization\",\"name\":\"Offroad Finmark\",\"url\":\"https:\/\/offroadfinnmark.no\/\",\"logo\":{\"@type\":\"ImageObject\",\"inLanguage\":\"fr-FR\",\"@id\":\"https:\/\/offroadfinnmark.no\/#\/schema\/logo\/image\/\",\"url\":\"https:\/\/offroadfinnmark.no\/wp-content\/uploads\/2017\/11\/of_logo_original_web.jpg\",\"contentUrl\":\"https:\/\/offroadfinnmark.no\/wp-content\/uploads\/2017\/11\/of_logo_original_web.jpg\",\"width\":649,\"height\":172,\"caption\":\"Offroad Finmark\"},\"image\":{\"@id\":\"https:\/\/offroadfinnmark.no\/#\/schema\/logo\/image\/\"}}]}<\/script>\n<!-- \/ Yoast SEO plugin. -->","yoast_head_json":{"title":"Offroad Finnmak - Lisez le magazine Offroad Finnmark 2021 ici","description":"Chers participants, partenaires b\u00e9n\u00e9voles, spectateurs et amis cyclistes ! Ici vous pouvez lire le magazine Offroad Finmmark de cette ann\u00e9e.","robots":{"index":"index","follow":"follow","max-snippet":"max-snippet:-1","max-image-preview":"max-image-preview:large","max-video-preview":"max-video-preview:-1"},"canonical":"https:\/\/offroadfinnmark.no\/offroad-finnmark-artikler\/","og_locale":"fr_FR","og_type":"article","og_title":"Offroad Finnmak - Lisez le magazine Offroad Finnmark 2021 ici","og_description":"Chers participants, partenaires b\u00e9n\u00e9voles, spectateurs et amis cyclistes ! Ici vous pouvez lire le magazine Offroad Finmmark de cette ann\u00e9e.","og_url":"https:\/\/offroadfinnmark.no\/offroad-finnmark-artikler\/","og_site_name":"Offroad Finnmark","article_modified_time":"2023-09-19T10:11:49+00:00","twitter_card":"summary_large_image","twitter_misc":{"Dur\u00e9e de lecture estim\u00e9e":"1 minute"},"schema":{"@context":"https:\/\/schema.org","@graph":[{"@type":"WebPage","@id":"https:\/\/offroadfinnmark.no\/offroad-finnmark-artikler\/","url":"https:\/\/offroadfinnmark.no\/offroad-finnmark-artikler\/","name":"Offroad Finnmak - Lisez le magazine Offroad Finnmark 2021 ici","isPartOf":{"@id":"https:\/\/offroadfinnmark.no\/#website"},"datePublished":"2023-06-05T11:45:24+00:00","dateModified":"2023-09-19T10:11:49+00:00","description":"Chers participants, partenaires b\u00e9n\u00e9voles, spectateurs et amis cyclistes ! Ici vous pouvez lire le magazine Offroad Finmmark de cette ann\u00e9e.","breadcrumb":{"@id":"https:\/\/offroadfinnmark.no\/offroad-finnmark-artikler\/#breadcrumb"},"inLanguage":"fr-FR","potentialAction":[{"@type":"ReadAction","target":["https:\/\/offroadfinnmark.no\/offroad-finnmark-artikler\/"]}]},{"@type":"BreadcrumbList","@id":"https:\/\/offroadfinnmark.no\/offroad-finnmark-artikler\/#breadcrumb","itemListElement":[{"@type":"ListItem","position":1,"name":"Home","item":"https:\/\/offroadfinnmark.no\/fr\/maison-2-2\/"},{"@type":"ListItem","position":2,"name":"Des articles"}]},{"@type":"WebSite","@id":"https:\/\/offroadfinnmark.no\/#website","url":"https:\/\/offroadfinnmark.no\/","name":"https:\/\/offroadfinnmark.no\/","description":"We make people bike in the arctic","publisher":{"@id":"https:\/\/offroadfinnmark.no\/#organization"},"potentialAction":[{"@type":"SearchAction","target":{"@type":"EntryPoint","urlTemplate":"https:\/\/offroadfinnmark.no\/?s={search_term_string}"},"query-input":"required name=search_term_string"}],"inLanguage":"fr-FR"},{"@type":"Organization","@id":"https:\/\/offroadfinnmark.no\/#organization","name":"Offroad Finmark","url":"https:\/\/offroadfinnmark.no\/","logo":{"@type":"ImageObject","inLanguage":"fr-FR","@id":"https:\/\/offroadfinnmark.no\/#\/schema\/logo\/image\/","url":"https:\/\/offroadfinnmark.no\/wp-content\/uploads\/2017\/11\/of_logo_original_web.jpg","contentUrl":"https:\/\/offroadfinnmark.no\/wp-content\/uploads\/2017\/11\/of_logo_original_web.jpg","width":649,"height":172,"caption":"Offroad Finmark"},"image":{"@id":"https:\/\/offroadfinnmark.no\/#\/schema\/logo\/image\/"}}]}},"_links":{"self":[{"href":"https:\/\/offroadfinnmark.no\/fr\/wp-json\/wp\/v2\/pages\/7471","targetHints":{"allow":["GET"]}}],"collection":[{"href":"https:\/\/offroadfinnmark.no\/fr\/wp-json\/wp\/v2\/pages"}],"about":[{"href":"https:\/\/offroadfinnmark.no\/fr\/wp-json\/wp\/v2\/types\/page"}],"author":[{"embeddable":true,"href":"https:\/\/offroadfinnmark.no\/fr\/wp-json\/wp\/v2\/users\/10"}],"replies":[{"embeddable":true,"href":"https:\/\/offroadfinnmark.no\/fr\/wp-json\/wp\/v2\/comments?post=7471"}],"version-history":[{"count":0,"href":"https:\/\/offroadfinnmark.no\/fr\/wp-json\/wp\/v2\/pages\/7471\/revisions"}],"wp:attachment":[{"href":"https:\/\/offroadfinnmark.no\/fr\/wp-json\/wp\/v2\/media?parent=7471"}],"curies":[{"name":"wp","href":"https:\/\/api.w.org\/{rel}","templated":true}]}}