{"id":7469,"date":"2017-12-17T19:27:11","date_gmt":"2017-12-17T19:27:11","guid":{"rendered":"https:\/\/offroadfinnmark.no\/archive-a-propos-de-smartdok-of300-2\/"},"modified":"2023-09-14T08:28:58","modified_gmt":"2023-09-14T08:28:58","slug":"archive-a-propos-de-smartdok-of300-2","status":"publish","type":"page","link":"https:\/\/offroadfinnmark.no\/fr\/archive-a-propos-de-smartdok-of300-2\/","title":{"rendered":"ARCHIVE &#8211; \u00c0 propos de Smartdok Of300"},"content":{"rendered":"<div id=\"cs-content\" class=\"cs-content\"><\/div>\n","protected":false},"excerpt":{"rendered":"<p>Le tour d&rsquo;aventure SmartDok OF300 Un tour et tu es accro s&rsquo;inscrire SmartDok OF300 est une course d&rsquo;aventure de classe mondiale Passion difficile, stimulante et pure SmartDok OF300 est une course d&rsquo;aventure de classe mondiale. Plus de 80 pour cent de ceux qui ont particip\u00e9 \u00e0 la course de VTT d\u00e9clarent qu&rsquo;ils reviendront. SmartDok OF300 est \u00e9galement le man\u00e8ge qui &#8230; <\/p>\n<div><a href=\"https:\/\/offroadfinnmark.no\/fr\/inscription-doffroad-finnmark-a-la-coop-early-bird-finnmark-of-youth-ifinnmark-folkeritt-et-lentrepreneur-harald-nilsen-of-barneritt-le-mercredi-3-novembre-a-20h00-jusquau-mercredi-10-nov\/\" class=\"more-link\">Read More<\/a><\/div>\n","protected":false},"author":2,"featured_media":0,"parent":0,"menu_order":0,"comment_status":"closed","ping_status":"closed","template":"","meta":{"_acf_changed":false,"_breakdance_hide_in_design_set":false,"_breakdance_tags":"","footnotes":""},"class_list":["post-7469","page","type-page","status-publish","hentry","no-post-thumbnail"],"acf":[],"yoast_head":"<!-- This site is optimized with the Yoast SEO plugin v22.7 - https:\/\/yoast.com\/wordpress\/plugins\/seo\/ -->\n<title>ARCHIVE - \u00c0 propos de Smartdok Of300 - Offroad Finnmark<\/title>\n<meta name=\"robots\" content=\"index, follow, max-snippet:-1, max-image-preview:large, max-video-preview:-1\" \/>\n<link rel=\"canonical\" href=\"https:\/\/offroadfinnmark.no\/fr\/archive-a-propos-de-smartdok-of300-2\/\" \/>\n<meta property=\"og:locale\" content=\"fr_FR\" \/>\n<meta property=\"og:type\" content=\"article\" \/>\n<meta property=\"og:title\" content=\"ARCHIVE - \u00c0 propos de Smartdok Of300 - Offroad Finnmark\" \/>\n<meta property=\"og:description\" content=\"Le tour d&#039;aventure SmartDok OF300 Un tour et tu es accro s&#039;inscrire SmartDok OF300 est une course d&#039;aventure de classe mondiale Passion difficile, stimulante et pure SmartDok OF300 est une course d&#039;aventure de classe mondiale. Plus de 80 pour cent de ceux qui ont particip\u00e9 \u00e0 la course de VTT d\u00e9clarent qu&#039;ils reviendront. SmartDok OF300 est \u00e9galement le man\u00e8ge qui ... Read More\" \/>\n<meta property=\"og:url\" content=\"https:\/\/offroadfinnmark.no\/fr\/archive-a-propos-de-smartdok-of300-2\/\" \/>\n<meta property=\"og:site_name\" content=\"Offroad Finnmark\" \/>\n<meta property=\"article:modified_time\" content=\"2023-09-14T08:28:58+00:00\" \/>\n<meta name=\"twitter:card\" content=\"summary_large_image\" \/>\n<meta name=\"twitter:label1\" content=\"Dur\u00e9e de lecture estim\u00e9e\" \/>\n\t<meta name=\"twitter:data1\" content=\"3 minutes\" \/>\n<script type=\"application\/ld+json\" class=\"yoast-schema-graph\">{\"@context\":\"https:\/\/schema.org\",\"@graph\":[{\"@type\":\"WebPage\",\"@id\":\"https:\/\/offroadfinnmark.no\/fr\/archive-a-propos-de-smartdok-of300-2\/\",\"url\":\"https:\/\/offroadfinnmark.no\/fr\/archive-a-propos-de-smartdok-of300-2\/\",\"name\":\"ARCHIVE - \u00c0 propos de Smartdok Of300 - Offroad Finnmark\",\"isPartOf\":{\"@id\":\"https:\/\/offroadfinnmark.no\/#website\"},\"datePublished\":\"2017-12-17T19:27:11+00:00\",\"dateModified\":\"2023-09-14T08:28:58+00:00\",\"breadcrumb\":{\"@id\":\"https:\/\/offroadfinnmark.no\/fr\/archive-a-propos-de-smartdok-of300-2\/#breadcrumb\"},\"inLanguage\":\"fr-FR\",\"potentialAction\":[{\"@type\":\"ReadAction\",\"target\":[\"https:\/\/offroadfinnmark.no\/fr\/archive-a-propos-de-smartdok-of300-2\/\"]}]},{\"@type\":\"BreadcrumbList\",\"@id\":\"https:\/\/offroadfinnmark.no\/fr\/archive-a-propos-de-smartdok-of300-2\/#breadcrumb\",\"itemListElement\":[{\"@type\":\"ListItem\",\"position\":1,\"name\":\"Home\",\"item\":\"https:\/\/offroadfinnmark.no\/fr\/maison-2-2\/\"},{\"@type\":\"ListItem\",\"position\":2,\"name\":\"ARCHIVE &#8211; \u00c0 propos de Smartdok Of300\"}]},{\"@type\":\"WebSite\",\"@id\":\"https:\/\/offroadfinnmark.no\/#website\",\"url\":\"https:\/\/offroadfinnmark.no\/\",\"name\":\"https:\/\/offroadfinnmark.no\/\",\"description\":\"We make people bike in the arctic\",\"publisher\":{\"@id\":\"https:\/\/offroadfinnmark.no\/#organization\"},\"potentialAction\":[{\"@type\":\"SearchAction\",\"target\":{\"@type\":\"EntryPoint\",\"urlTemplate\":\"https:\/\/offroadfinnmark.no\/?s={search_term_string}\"},\"query-input\":\"required name=search_term_string\"}],\"inLanguage\":\"fr-FR\"},{\"@type\":\"Organization\",\"@id\":\"https:\/\/offroadfinnmark.no\/#organization\",\"name\":\"Offroad Finmark\",\"url\":\"https:\/\/offroadfinnmark.no\/\",\"logo\":{\"@type\":\"ImageObject\",\"inLanguage\":\"fr-FR\",\"@id\":\"https:\/\/offroadfinnmark.no\/#\/schema\/logo\/image\/\",\"url\":\"https:\/\/offroadfinnmark.no\/wp-content\/uploads\/2017\/11\/of_logo_original_web.jpg\",\"contentUrl\":\"https:\/\/offroadfinnmark.no\/wp-content\/uploads\/2017\/11\/of_logo_original_web.jpg\",\"width\":649,\"height\":172,\"caption\":\"Offroad Finmark\"},\"image\":{\"@id\":\"https:\/\/offroadfinnmark.no\/#\/schema\/logo\/image\/\"}}]}<\/script>\n<!-- \/ Yoast SEO plugin. -->","yoast_head_json":{"title":"ARCHIVE - \u00c0 propos de Smartdok Of300 - Offroad Finnmark","robots":{"index":"index","follow":"follow","max-snippet":"max-snippet:-1","max-image-preview":"max-image-preview:large","max-video-preview":"max-video-preview:-1"},"canonical":"https:\/\/offroadfinnmark.no\/fr\/archive-a-propos-de-smartdok-of300-2\/","og_locale":"fr_FR","og_type":"article","og_title":"ARCHIVE - \u00c0 propos de Smartdok Of300 - Offroad Finnmark","og_description":"Le tour d'aventure SmartDok OF300 Un tour et tu es accro s'inscrire SmartDok OF300 est une course d'aventure de classe mondiale Passion difficile, stimulante et pure SmartDok OF300 est une course d'aventure de classe mondiale. Plus de 80 pour cent de ceux qui ont particip\u00e9 \u00e0 la course de VTT d\u00e9clarent qu'ils reviendront. SmartDok OF300 est \u00e9galement le man\u00e8ge qui ... Read More","og_url":"https:\/\/offroadfinnmark.no\/fr\/archive-a-propos-de-smartdok-of300-2\/","og_site_name":"Offroad Finnmark","article_modified_time":"2023-09-14T08:28:58+00:00","twitter_card":"summary_large_image","twitter_misc":{"Dur\u00e9e de lecture estim\u00e9e":"3 minutes"},"schema":{"@context":"https:\/\/schema.org","@graph":[{"@type":"WebPage","@id":"https:\/\/offroadfinnmark.no\/fr\/archive-a-propos-de-smartdok-of300-2\/","url":"https:\/\/offroadfinnmark.no\/fr\/archive-a-propos-de-smartdok-of300-2\/","name":"ARCHIVE - \u00c0 propos de Smartdok Of300 - Offroad Finnmark","isPartOf":{"@id":"https:\/\/offroadfinnmark.no\/#website"},"datePublished":"2017-12-17T19:27:11+00:00","dateModified":"2023-09-14T08:28:58+00:00","breadcrumb":{"@id":"https:\/\/offroadfinnmark.no\/fr\/archive-a-propos-de-smartdok-of300-2\/#breadcrumb"},"inLanguage":"fr-FR","potentialAction":[{"@type":"ReadAction","target":["https:\/\/offroadfinnmark.no\/fr\/archive-a-propos-de-smartdok-of300-2\/"]}]},{"@type":"BreadcrumbList","@id":"https:\/\/offroadfinnmark.no\/fr\/archive-a-propos-de-smartdok-of300-2\/#breadcrumb","itemListElement":[{"@type":"ListItem","position":1,"name":"Home","item":"https:\/\/offroadfinnmark.no\/fr\/maison-2-2\/"},{"@type":"ListItem","position":2,"name":"ARCHIVE &#8211; \u00c0 propos de Smartdok Of300"}]},{"@type":"WebSite","@id":"https:\/\/offroadfinnmark.no\/#website","url":"https:\/\/offroadfinnmark.no\/","name":"https:\/\/offroadfinnmark.no\/","description":"We make people bike in the arctic","publisher":{"@id":"https:\/\/offroadfinnmark.no\/#organization"},"potentialAction":[{"@type":"SearchAction","target":{"@type":"EntryPoint","urlTemplate":"https:\/\/offroadfinnmark.no\/?s={search_term_string}"},"query-input":"required name=search_term_string"}],"inLanguage":"fr-FR"},{"@type":"Organization","@id":"https:\/\/offroadfinnmark.no\/#organization","name":"Offroad Finmark","url":"https:\/\/offroadfinnmark.no\/","logo":{"@type":"ImageObject","inLanguage":"fr-FR","@id":"https:\/\/offroadfinnmark.no\/#\/schema\/logo\/image\/","url":"https:\/\/offroadfinnmark.no\/wp-content\/uploads\/2017\/11\/of_logo_original_web.jpg","contentUrl":"https:\/\/offroadfinnmark.no\/wp-content\/uploads\/2017\/11\/of_logo_original_web.jpg","width":649,"height":172,"caption":"Offroad Finmark"},"image":{"@id":"https:\/\/offroadfinnmark.no\/#\/schema\/logo\/image\/"}}]}},"_links":{"self":[{"href":"https:\/\/offroadfinnmark.no\/fr\/wp-json\/wp\/v2\/pages\/7469","targetHints":{"allow":["GET"]}}],"collection":[{"href":"https:\/\/offroadfinnmark.no\/fr\/wp-json\/wp\/v2\/pages"}],"about":[{"href":"https:\/\/offroadfinnmark.no\/fr\/wp-json\/wp\/v2\/types\/page"}],"author":[{"embeddable":true,"href":"https:\/\/offroadfinnmark.no\/fr\/wp-json\/wp\/v2\/users\/2"}],"replies":[{"embeddable":true,"href":"https:\/\/offroadfinnmark.no\/fr\/wp-json\/wp\/v2\/comments?post=7469"}],"version-history":[{"count":0,"href":"https:\/\/offroadfinnmark.no\/fr\/wp-json\/wp\/v2\/pages\/7469\/revisions"}],"wp:attachment":[{"href":"https:\/\/offroadfinnmark.no\/fr\/wp-json\/wp\/v2\/media?parent=7469"}],"curies":[{"name":"wp","href":"https:\/\/api.w.org\/{rel}","templated":true}]}}