{"id":7464,"date":"2017-11-03T12:24:20","date_gmt":"2017-11-03T12:24:20","guid":{"rendered":"https:\/\/offroadfinnmark.no\/maison\/"},"modified":"2026-03-17T20:42:52","modified_gmt":"2026-03-17T20:42:52","slug":"maison-2-2","status":"publish","type":"page","link":"https:\/\/offroadfinnmark.no\/fr\/","title":{"rendered":"Maison"},"content":{"rendered":"<div id=\"cs-content\" class=\"cs-content\"><\/div>\n","protected":false},"excerpt":{"rendered":"<p>C&rsquo;est une belle exp\u00e9rience et cela dure pour toujours.Principaux partenaires de coop\u00e9ration Offroad Finnmark 2026 Recommencement 00D00H00M00SInscrivez-vous d\u00e8s maintenant augmentation du prix le 24 mars. 23.59.59 voir les participants2026 Liste d&rsquo;attente Sparebank 1 Nord-Norge OF150kmAcheter un billet pour le banquet Acheter Ch\u00e8ques-cadeaux R\u00e9sultats 2025R\u00e9sultats historiques Semaines de festival \u00e0 venir Le festival de VTT Offroad Finnmark est organis\u00e9 chaque ann\u00e9e &#8230; <\/p>\n<div><a href=\"https:\/\/offroadfinnmark.no\/fr\/\" class=\"more-link\">Read More<\/a><\/div>\n","protected":false},"author":2,"featured_media":0,"parent":0,"menu_order":0,"comment_status":"closed","ping_status":"closed","template":"","meta":{"_acf_changed":false,"_breakdance_hide_in_design_set":false,"_breakdance_tags":"","footnotes":""},"class_list":["post-7464","page","type-page","status-publish","hentry","no-post-thumbnail"],"acf":[],"yoast_head":"<!-- This site is optimized with the Yoast SEO plugin v22.7 - https:\/\/yoast.com\/wordpress\/plugins\/seo\/ -->\n<title>Maison - Offroad Finnmark<\/title>\n<meta name=\"robots\" content=\"index, follow, max-snippet:-1, max-image-preview:large, max-video-preview:-1\" \/>\n<link rel=\"canonical\" href=\"https:\/\/offroadfinnmark.no\/fr\/maison-2-2\/\" \/>\n<meta property=\"og:locale\" content=\"fr_FR\" \/>\n<meta property=\"og:type\" content=\"article\" \/>\n<meta property=\"og:title\" content=\"Maison - Offroad Finnmark\" \/>\n<meta property=\"og:description\" content=\"C&#039;est une belle exp\u00e9rience et cela dure pour toujours.Principaux partenaires de coop\u00e9ration Offroad Finnmark 2026 Recommencement 00D00H00M00SInscrivez-vous d\u00e8s maintenant augmentation du prix le 24 mars. 23.59.59 voir les participants2026 Liste d&#039;attente Sparebank 1 Nord-Norge OF150kmAcheter un billet pour le banquet Acheter Ch\u00e8ques-cadeaux R\u00e9sultats 2025R\u00e9sultats historiques Semaines de festival \u00e0 venir Le festival de VTT Offroad Finnmark est organis\u00e9 chaque ann\u00e9e ... Read More\" \/>\n<meta property=\"og:url\" content=\"https:\/\/offroadfinnmark.no\/fr\/maison-2-2\/\" \/>\n<meta property=\"og:site_name\" content=\"Offroad Finnmark\" \/>\n<meta property=\"article:modified_time\" content=\"2026-03-17T20:42:52+00:00\" \/>\n<meta property=\"og:image\" content=\"http:\/\/offroadfinnmark.no\/wp-content\/uploads\/2018\/03\/logo_offroad_finnmark_stor-01.png\" \/>\n<meta name=\"twitter:card\" content=\"summary_large_image\" \/>\n<meta name=\"twitter:label1\" content=\"Dur\u00e9e de lecture estim\u00e9e\" \/>\n\t<meta name=\"twitter:data1\" content=\"15 minutes\" \/>\n<script type=\"application\/ld+json\" class=\"yoast-schema-graph\">{\"@context\":\"https:\/\/schema.org\",\"@graph\":[{\"@type\":\"WebPage\",\"@id\":\"https:\/\/offroadfinnmark.no\/fr\/maison-2-2\/\",\"url\":\"https:\/\/offroadfinnmark.no\/fr\/maison-2-2\/\",\"name\":\"Maison - Offroad Finnmark\",\"isPartOf\":{\"@id\":\"https:\/\/offroadfinnmark.no\/#website\"},\"primaryImageOfPage\":{\"@id\":\"https:\/\/offroadfinnmark.no\/fr\/maison-2-2\/#primaryimage\"},\"image\":{\"@id\":\"https:\/\/offroadfinnmark.no\/fr\/maison-2-2\/#primaryimage\"},\"thumbnailUrl\":\"http:\/\/offroadfinnmark.no\/wp-content\/uploads\/2018\/03\/logo_offroad_finnmark_stor-01.png\",\"datePublished\":\"2017-11-03T12:24:20+00:00\",\"dateModified\":\"2026-03-17T20:42:52+00:00\",\"breadcrumb\":{\"@id\":\"https:\/\/offroadfinnmark.no\/fr\/maison-2-2\/#breadcrumb\"},\"inLanguage\":\"fr-FR\",\"potentialAction\":[{\"@type\":\"ReadAction\",\"target\":[\"https:\/\/offroadfinnmark.no\/fr\/maison-2-2\/\"]}]},{\"@type\":\"ImageObject\",\"inLanguage\":\"fr-FR\",\"@id\":\"https:\/\/offroadfinnmark.no\/fr\/maison-2-2\/#primaryimage\",\"url\":\"http:\/\/offroadfinnmark.no\/wp-content\/uploads\/2018\/03\/logo_offroad_finnmark_stor-01.png\",\"contentUrl\":\"http:\/\/offroadfinnmark.no\/wp-content\/uploads\/2018\/03\/logo_offroad_finnmark_stor-01.png\"},{\"@type\":\"BreadcrumbList\",\"@id\":\"https:\/\/offroadfinnmark.no\/fr\/maison-2-2\/#breadcrumb\",\"itemListElement\":[{\"@type\":\"ListItem\",\"position\":1,\"name\":\"Home\",\"item\":\"https:\/\/offroadfinnmark.no\/fr\/maison-2-2\/\"},{\"@type\":\"ListItem\",\"position\":2,\"name\":\"Maison\"}]},{\"@type\":\"WebSite\",\"@id\":\"https:\/\/offroadfinnmark.no\/#website\",\"url\":\"https:\/\/offroadfinnmark.no\/\",\"name\":\"https:\/\/offroadfinnmark.no\/\",\"description\":\"We make people bike in the arctic\",\"publisher\":{\"@id\":\"https:\/\/offroadfinnmark.no\/#organization\"},\"potentialAction\":[{\"@type\":\"SearchAction\",\"target\":{\"@type\":\"EntryPoint\",\"urlTemplate\":\"https:\/\/offroadfinnmark.no\/?s={search_term_string}\"},\"query-input\":\"required name=search_term_string\"}],\"inLanguage\":\"fr-FR\"},{\"@type\":\"Organization\",\"@id\":\"https:\/\/offroadfinnmark.no\/#organization\",\"name\":\"Offroad Finmark\",\"url\":\"https:\/\/offroadfinnmark.no\/\",\"logo\":{\"@type\":\"ImageObject\",\"inLanguage\":\"fr-FR\",\"@id\":\"https:\/\/offroadfinnmark.no\/#\/schema\/logo\/image\/\",\"url\":\"https:\/\/offroadfinnmark.no\/wp-content\/uploads\/2017\/11\/of_logo_original_web.jpg\",\"contentUrl\":\"https:\/\/offroadfinnmark.no\/wp-content\/uploads\/2017\/11\/of_logo_original_web.jpg\",\"width\":649,\"height\":172,\"caption\":\"Offroad Finmark\"},\"image\":{\"@id\":\"https:\/\/offroadfinnmark.no\/#\/schema\/logo\/image\/\"}}]}<\/script>\n<!-- \/ Yoast SEO plugin. -->","yoast_head_json":{"title":"Maison - Offroad Finnmark","robots":{"index":"index","follow":"follow","max-snippet":"max-snippet:-1","max-image-preview":"max-image-preview:large","max-video-preview":"max-video-preview:-1"},"canonical":"https:\/\/offroadfinnmark.no\/fr\/maison-2-2\/","og_locale":"fr_FR","og_type":"article","og_title":"Maison - Offroad Finnmark","og_description":"C'est une belle exp\u00e9rience et cela dure pour toujours.Principaux partenaires de coop\u00e9ration Offroad Finnmark 2026 Recommencement 00D00H00M00SInscrivez-vous d\u00e8s maintenant augmentation du prix le 24 mars. 23.59.59 voir les participants2026 Liste d'attente Sparebank 1 Nord-Norge OF150kmAcheter un billet pour le banquet Acheter Ch\u00e8ques-cadeaux R\u00e9sultats 2025R\u00e9sultats historiques Semaines de festival \u00e0 venir Le festival de VTT Offroad Finnmark est organis\u00e9 chaque ann\u00e9e ... Read More","og_url":"https:\/\/offroadfinnmark.no\/fr\/maison-2-2\/","og_site_name":"Offroad Finnmark","article_modified_time":"2026-03-17T20:42:52+00:00","og_image":[{"url":"http:\/\/offroadfinnmark.no\/wp-content\/uploads\/2018\/03\/logo_offroad_finnmark_stor-01.png"}],"twitter_card":"summary_large_image","twitter_misc":{"Dur\u00e9e de lecture estim\u00e9e":"15 minutes"},"schema":{"@context":"https:\/\/schema.org","@graph":[{"@type":"WebPage","@id":"https:\/\/offroadfinnmark.no\/fr\/maison-2-2\/","url":"https:\/\/offroadfinnmark.no\/fr\/maison-2-2\/","name":"Maison - Offroad Finnmark","isPartOf":{"@id":"https:\/\/offroadfinnmark.no\/#website"},"primaryImageOfPage":{"@id":"https:\/\/offroadfinnmark.no\/fr\/maison-2-2\/#primaryimage"},"image":{"@id":"https:\/\/offroadfinnmark.no\/fr\/maison-2-2\/#primaryimage"},"thumbnailUrl":"http:\/\/offroadfinnmark.no\/wp-content\/uploads\/2018\/03\/logo_offroad_finnmark_stor-01.png","datePublished":"2017-11-03T12:24:20+00:00","dateModified":"2026-03-17T20:42:52+00:00","breadcrumb":{"@id":"https:\/\/offroadfinnmark.no\/fr\/maison-2-2\/#breadcrumb"},"inLanguage":"fr-FR","potentialAction":[{"@type":"ReadAction","target":["https:\/\/offroadfinnmark.no\/fr\/maison-2-2\/"]}]},{"@type":"ImageObject","inLanguage":"fr-FR","@id":"https:\/\/offroadfinnmark.no\/fr\/maison-2-2\/#primaryimage","url":"http:\/\/offroadfinnmark.no\/wp-content\/uploads\/2018\/03\/logo_offroad_finnmark_stor-01.png","contentUrl":"http:\/\/offroadfinnmark.no\/wp-content\/uploads\/2018\/03\/logo_offroad_finnmark_stor-01.png"},{"@type":"BreadcrumbList","@id":"https:\/\/offroadfinnmark.no\/fr\/maison-2-2\/#breadcrumb","itemListElement":[{"@type":"ListItem","position":1,"name":"Home","item":"https:\/\/offroadfinnmark.no\/fr\/maison-2-2\/"},{"@type":"ListItem","position":2,"name":"Maison"}]},{"@type":"WebSite","@id":"https:\/\/offroadfinnmark.no\/#website","url":"https:\/\/offroadfinnmark.no\/","name":"https:\/\/offroadfinnmark.no\/","description":"We make people bike in the arctic","publisher":{"@id":"https:\/\/offroadfinnmark.no\/#organization"},"potentialAction":[{"@type":"SearchAction","target":{"@type":"EntryPoint","urlTemplate":"https:\/\/offroadfinnmark.no\/?s={search_term_string}"},"query-input":"required name=search_term_string"}],"inLanguage":"fr-FR"},{"@type":"Organization","@id":"https:\/\/offroadfinnmark.no\/#organization","name":"Offroad Finmark","url":"https:\/\/offroadfinnmark.no\/","logo":{"@type":"ImageObject","inLanguage":"fr-FR","@id":"https:\/\/offroadfinnmark.no\/#\/schema\/logo\/image\/","url":"https:\/\/offroadfinnmark.no\/wp-content\/uploads\/2017\/11\/of_logo_original_web.jpg","contentUrl":"https:\/\/offroadfinnmark.no\/wp-content\/uploads\/2017\/11\/of_logo_original_web.jpg","width":649,"height":172,"caption":"Offroad Finmark"},"image":{"@id":"https:\/\/offroadfinnmark.no\/#\/schema\/logo\/image\/"}}]}},"_links":{"self":[{"href":"https:\/\/offroadfinnmark.no\/fr\/wp-json\/wp\/v2\/pages\/7464","targetHints":{"allow":["GET"]}}],"collection":[{"href":"https:\/\/offroadfinnmark.no\/fr\/wp-json\/wp\/v2\/pages"}],"about":[{"href":"https:\/\/offroadfinnmark.no\/fr\/wp-json\/wp\/v2\/types\/page"}],"author":[{"embeddable":true,"href":"https:\/\/offroadfinnmark.no\/fr\/wp-json\/wp\/v2\/users\/2"}],"replies":[{"embeddable":true,"href":"https:\/\/offroadfinnmark.no\/fr\/wp-json\/wp\/v2\/comments?post=7464"}],"version-history":[{"count":22,"href":"https:\/\/offroadfinnmark.no\/fr\/wp-json\/wp\/v2\/pages\/7464\/revisions"}],"predecessor-version":[{"id":8633,"href":"https:\/\/offroadfinnmark.no\/fr\/wp-json\/wp\/v2\/pages\/7464\/revisions\/8633"}],"wp:attachment":[{"href":"https:\/\/offroadfinnmark.no\/fr\/wp-json\/wp\/v2\/media?parent=7464"}],"curies":[{"name":"wp","href":"https:\/\/api.w.org\/{rel}","templated":true}]}}