{"id":7603,"date":"2024-03-01T13:00:07","date_gmt":"2024-03-01T13:00:07","guid":{"rendered":"https:\/\/offroadfinnmark.no\/of300-solo-abenteuer\/"},"modified":"2025-10-02T05:57:58","modified_gmt":"2025-10-02T05:57:58","slug":"of300-solo-abenteuer-2","status":"publish","type":"page","link":"https:\/\/offroadfinnmark.no\/de\/of300-solo-abenteuer-2\/","title":{"rendered":"OF300 Solo"},"content":{"rendered":"<div id=\"cs-content\" class=\"cs-content\"><\/div>\n","protected":false},"excerpt":{"rendered":"<p>Foto: Lisa Lampe Hageberg Eine weitere neue Innovation von Offroad Finnmark SmartDok OF300 km Solo Wird dich f\u00fcr immer ver\u00e4ndern &nbsp;SmartDok OF300 km Solo Alles, was Sie wissen m\u00fcssen Pr\u00e4mien Ausr\u00fcstung Checkpoint-Angebot Strecken und Karten Programm Fahrpaket Vorschriften Unterkunft Pr\u00e4mien Ausr\u00fcstung Angebote an Checkpoints Strecken und Karten Programm Fahrpaket VORSCHRIFTEN Unterkunft Mehr Gewinn in Ihrem Projekt! Arbeiten Sie in einem &#8230; <\/p>\n<div><a href=\"https:\/\/offroadfinnmark.no\/de\/of300-solo-abenteuer-2\/\" class=\"more-link\">Read More<\/a><\/div>\n","protected":false},"author":10,"featured_media":0,"parent":0,"menu_order":0,"comment_status":"closed","ping_status":"closed","template":"","meta":{"_acf_changed":false,"_breakdance_hide_in_design_set":false,"_breakdance_tags":"","footnotes":""},"class_list":["post-7603","page","type-page","status-publish","hentry","no-post-thumbnail"],"acf":[],"yoast_head":"<!-- This site is optimized with the Yoast SEO plugin v22.7 - https:\/\/yoast.com\/wordpress\/plugins\/seo\/ -->\n<title>OF300 Solo - Offroad Finnmark<\/title>\n<meta name=\"robots\" content=\"index, follow, max-snippet:-1, max-image-preview:large, max-video-preview:-1\" \/>\n<link rel=\"canonical\" href=\"https:\/\/offroadfinnmark.no\/de\/of300-solo-abenteuer-2\/\" \/>\n<meta property=\"og:locale\" content=\"de_DE\" \/>\n<meta property=\"og:type\" content=\"article\" \/>\n<meta property=\"og:title\" content=\"OF300 Solo - Offroad Finnmark\" \/>\n<meta property=\"og:description\" content=\"Foto: Lisa Lampe Hageberg Eine weitere neue Innovation von Offroad Finnmark SmartDok OF300 km Solo Wird dich f\u00fcr immer ver\u00e4ndern &nbsp;SmartDok OF300 km Solo Alles, was Sie wissen m\u00fcssen Pr\u00e4mien Ausr\u00fcstung Checkpoint-Angebot Strecken und Karten Programm Fahrpaket Vorschriften Unterkunft Pr\u00e4mien Ausr\u00fcstung Angebote an Checkpoints Strecken und Karten Programm Fahrpaket VORSCHRIFTEN Unterkunft Mehr Gewinn in Ihrem Projekt! Arbeiten Sie in einem ... Read More\" \/>\n<meta property=\"og:url\" content=\"https:\/\/offroadfinnmark.no\/de\/of300-solo-abenteuer-2\/\" \/>\n<meta property=\"og:site_name\" content=\"Offroad Finnmark\" \/>\n<meta property=\"article:modified_time\" content=\"2025-10-02T05:57:58+00:00\" \/>\n<meta property=\"og:image\" content=\"http:\/\/offroadfinnmar.wpengine.com\/wp-content\/uploads\/2017\/12\/price_price-06.png\" \/>\n<meta name=\"twitter:card\" content=\"summary_large_image\" \/>\n<meta name=\"twitter:label1\" content=\"Gesch\u00e4tzte Lesezeit\" \/>\n\t<meta name=\"twitter:data1\" content=\"16\u00a0Minuten\" \/>\n<script type=\"application\/ld+json\" class=\"yoast-schema-graph\">{\"@context\":\"https:\/\/schema.org\",\"@graph\":[{\"@type\":\"WebPage\",\"@id\":\"https:\/\/offroadfinnmark.no\/de\/of300-solo-abenteuer-2\/\",\"url\":\"https:\/\/offroadfinnmark.no\/de\/of300-solo-abenteuer-2\/\",\"name\":\"OF300 Solo - Offroad Finnmark\",\"isPartOf\":{\"@id\":\"https:\/\/offroadfinnmark.no\/#website\"},\"primaryImageOfPage\":{\"@id\":\"https:\/\/offroadfinnmark.no\/de\/of300-solo-abenteuer-2\/#primaryimage\"},\"image\":{\"@id\":\"https:\/\/offroadfinnmark.no\/de\/of300-solo-abenteuer-2\/#primaryimage\"},\"thumbnailUrl\":\"https:\/\/offroadfinnmark.no\/wp-content\/uploads\/2017\/12\/price_price-06.png\",\"datePublished\":\"2024-03-01T13:00:07+00:00\",\"dateModified\":\"2025-10-02T05:57:58+00:00\",\"breadcrumb\":{\"@id\":\"https:\/\/offroadfinnmark.no\/de\/of300-solo-abenteuer-2\/#breadcrumb\"},\"inLanguage\":\"de\",\"potentialAction\":[{\"@type\":\"ReadAction\",\"target\":[\"https:\/\/offroadfinnmark.no\/de\/of300-solo-abenteuer-2\/\"]}]},{\"@type\":\"ImageObject\",\"inLanguage\":\"de\",\"@id\":\"https:\/\/offroadfinnmark.no\/de\/of300-solo-abenteuer-2\/#primaryimage\",\"url\":\"https:\/\/offroadfinnmark.no\/wp-content\/uploads\/2017\/12\/price_price-06.png\",\"contentUrl\":\"https:\/\/offroadfinnmark.no\/wp-content\/uploads\/2017\/12\/price_price-06.png\"},{\"@type\":\"BreadcrumbList\",\"@id\":\"https:\/\/offroadfinnmark.no\/de\/of300-solo-abenteuer-2\/#breadcrumb\",\"itemListElement\":[{\"@type\":\"ListItem\",\"position\":1,\"name\":\"Home\",\"item\":\"https:\/\/offroadfinnmark.no\/de\/home-3-2-2-2\/\"},{\"@type\":\"ListItem\",\"position\":2,\"name\":\"OF300 Solo\"}]},{\"@type\":\"WebSite\",\"@id\":\"https:\/\/offroadfinnmark.no\/#website\",\"url\":\"https:\/\/offroadfinnmark.no\/\",\"name\":\"https:\/\/offroadfinnmark.no\/\",\"description\":\"We make people bike in the arctic\",\"publisher\":{\"@id\":\"https:\/\/offroadfinnmark.no\/#organization\"},\"potentialAction\":[{\"@type\":\"SearchAction\",\"target\":{\"@type\":\"EntryPoint\",\"urlTemplate\":\"https:\/\/offroadfinnmark.no\/?s={search_term_string}\"},\"query-input\":\"required name=search_term_string\"}],\"inLanguage\":\"de\"},{\"@type\":\"Organization\",\"@id\":\"https:\/\/offroadfinnmark.no\/#organization\",\"name\":\"Offroad Finmark\",\"url\":\"https:\/\/offroadfinnmark.no\/\",\"logo\":{\"@type\":\"ImageObject\",\"inLanguage\":\"de\",\"@id\":\"https:\/\/offroadfinnmark.no\/#\/schema\/logo\/image\/\",\"url\":\"https:\/\/offroadfinnmark.no\/wp-content\/uploads\/2017\/11\/of_logo_original_web.jpg\",\"contentUrl\":\"https:\/\/offroadfinnmark.no\/wp-content\/uploads\/2017\/11\/of_logo_original_web.jpg\",\"width\":649,\"height\":172,\"caption\":\"Offroad Finmark\"},\"image\":{\"@id\":\"https:\/\/offroadfinnmark.no\/#\/schema\/logo\/image\/\"}}]}<\/script>\n<!-- \/ Yoast SEO plugin. -->","yoast_head_json":{"title":"OF300 Solo - Offroad Finnmark","robots":{"index":"index","follow":"follow","max-snippet":"max-snippet:-1","max-image-preview":"max-image-preview:large","max-video-preview":"max-video-preview:-1"},"canonical":"https:\/\/offroadfinnmark.no\/de\/of300-solo-abenteuer-2\/","og_locale":"de_DE","og_type":"article","og_title":"OF300 Solo - Offroad Finnmark","og_description":"Foto: Lisa Lampe Hageberg Eine weitere neue Innovation von Offroad Finnmark SmartDok OF300 km Solo Wird dich f\u00fcr immer ver\u00e4ndern &nbsp;SmartDok OF300 km Solo Alles, was Sie wissen m\u00fcssen Pr\u00e4mien Ausr\u00fcstung Checkpoint-Angebot Strecken und Karten Programm Fahrpaket Vorschriften Unterkunft Pr\u00e4mien Ausr\u00fcstung Angebote an Checkpoints Strecken und Karten Programm Fahrpaket VORSCHRIFTEN Unterkunft Mehr Gewinn in Ihrem Projekt! Arbeiten Sie in einem ... Read More","og_url":"https:\/\/offroadfinnmark.no\/de\/of300-solo-abenteuer-2\/","og_site_name":"Offroad Finnmark","article_modified_time":"2025-10-02T05:57:58+00:00","og_image":[{"url":"http:\/\/offroadfinnmar.wpengine.com\/wp-content\/uploads\/2017\/12\/price_price-06.png"}],"twitter_card":"summary_large_image","twitter_misc":{"Gesch\u00e4tzte Lesezeit":"16\u00a0Minuten"},"schema":{"@context":"https:\/\/schema.org","@graph":[{"@type":"WebPage","@id":"https:\/\/offroadfinnmark.no\/de\/of300-solo-abenteuer-2\/","url":"https:\/\/offroadfinnmark.no\/de\/of300-solo-abenteuer-2\/","name":"OF300 Solo - Offroad Finnmark","isPartOf":{"@id":"https:\/\/offroadfinnmark.no\/#website"},"primaryImageOfPage":{"@id":"https:\/\/offroadfinnmark.no\/de\/of300-solo-abenteuer-2\/#primaryimage"},"image":{"@id":"https:\/\/offroadfinnmark.no\/de\/of300-solo-abenteuer-2\/#primaryimage"},"thumbnailUrl":"https:\/\/offroadfinnmark.no\/wp-content\/uploads\/2017\/12\/price_price-06.png","datePublished":"2024-03-01T13:00:07+00:00","dateModified":"2025-10-02T05:57:58+00:00","breadcrumb":{"@id":"https:\/\/offroadfinnmark.no\/de\/of300-solo-abenteuer-2\/#breadcrumb"},"inLanguage":"de","potentialAction":[{"@type":"ReadAction","target":["https:\/\/offroadfinnmark.no\/de\/of300-solo-abenteuer-2\/"]}]},{"@type":"ImageObject","inLanguage":"de","@id":"https:\/\/offroadfinnmark.no\/de\/of300-solo-abenteuer-2\/#primaryimage","url":"https:\/\/offroadfinnmark.no\/wp-content\/uploads\/2017\/12\/price_price-06.png","contentUrl":"https:\/\/offroadfinnmark.no\/wp-content\/uploads\/2017\/12\/price_price-06.png"},{"@type":"BreadcrumbList","@id":"https:\/\/offroadfinnmark.no\/de\/of300-solo-abenteuer-2\/#breadcrumb","itemListElement":[{"@type":"ListItem","position":1,"name":"Home","item":"https:\/\/offroadfinnmark.no\/de\/home-3-2-2-2\/"},{"@type":"ListItem","position":2,"name":"OF300 Solo"}]},{"@type":"WebSite","@id":"https:\/\/offroadfinnmark.no\/#website","url":"https:\/\/offroadfinnmark.no\/","name":"https:\/\/offroadfinnmark.no\/","description":"We make people bike in the arctic","publisher":{"@id":"https:\/\/offroadfinnmark.no\/#organization"},"potentialAction":[{"@type":"SearchAction","target":{"@type":"EntryPoint","urlTemplate":"https:\/\/offroadfinnmark.no\/?s={search_term_string}"},"query-input":"required name=search_term_string"}],"inLanguage":"de"},{"@type":"Organization","@id":"https:\/\/offroadfinnmark.no\/#organization","name":"Offroad Finmark","url":"https:\/\/offroadfinnmark.no\/","logo":{"@type":"ImageObject","inLanguage":"de","@id":"https:\/\/offroadfinnmark.no\/#\/schema\/logo\/image\/","url":"https:\/\/offroadfinnmark.no\/wp-content\/uploads\/2017\/11\/of_logo_original_web.jpg","contentUrl":"https:\/\/offroadfinnmark.no\/wp-content\/uploads\/2017\/11\/of_logo_original_web.jpg","width":649,"height":172,"caption":"Offroad Finmark"},"image":{"@id":"https:\/\/offroadfinnmark.no\/#\/schema\/logo\/image\/"}}]}},"_links":{"self":[{"href":"https:\/\/offroadfinnmark.no\/de\/wp-json\/wp\/v2\/pages\/7603","targetHints":{"allow":["GET"]}}],"collection":[{"href":"https:\/\/offroadfinnmark.no\/de\/wp-json\/wp\/v2\/pages"}],"about":[{"href":"https:\/\/offroadfinnmark.no\/de\/wp-json\/wp\/v2\/types\/page"}],"author":[{"embeddable":true,"href":"https:\/\/offroadfinnmark.no\/de\/wp-json\/wp\/v2\/users\/10"}],"replies":[{"embeddable":true,"href":"https:\/\/offroadfinnmark.no\/de\/wp-json\/wp\/v2\/comments?post=7603"}],"version-history":[{"count":0,"href":"https:\/\/offroadfinnmark.no\/de\/wp-json\/wp\/v2\/pages\/7603\/revisions"}],"wp:attachment":[{"href":"https:\/\/offroadfinnmark.no\/de\/wp-json\/wp\/v2\/media?parent=7603"}],"curies":[{"name":"wp","href":"https:\/\/api.w.org\/{rel}","templated":true}]}}