{"id":5789,"date":"2023-06-05T11:45:24","date_gmt":"2023-06-05T11:45:24","guid":{"rendered":"https:\/\/offroadfinnmark.no\/?page_id=5789"},"modified":"2023-07-06T11:31:50","modified_gmt":"2023-07-06T11:31:50","slug":"offroad-finnmark-artikler","status":"publish","type":"page","link":"https:\/\/offroadfinnmark.no\/de\/offroad-finnmark-artikler\/","title":{"rendered":"Artikel"},"content":{"rendered":"<div id=\"cs-content\" class=\"cs-content\"><\/div>\n","protected":false},"excerpt":{"rendered":"<p>Was gerade in unserer Welt passiertSeptember 14, 2025Offroad Finnmark mit 3,9 Millionen Aufrufen w\u00e4hrend der Rennwoche: &#8211; Ohne das Medienteam w\u00e4re das nicht m\u00f6glich gewesenAugust 22, 2025Die Bankettfilme f\u00fcr: Sparebank 1 Nord-Norge OF150 km, SmartDok OF300 km, Ishavskraft OF700 km &#8211; Die h\u00e4rtesten und l\u00e4ngsten der WeltSeptember 10, 2024Bankettfilm Sparebank 1 Nord-Norge OF150, SmartDok OF300, Ishavskraft OF700, OF700 SoloSeptember 10, &#8230; <\/p>\n<div><a href=\"https:\/\/offroadfinnmark.no\/de\/offroad-finnmark-artikler\/\" class=\"more-link\">Read More<\/a><\/div>\n","protected":false},"author":10,"featured_media":0,"parent":0,"menu_order":0,"comment_status":"closed","ping_status":"closed","template":"","meta":{"_acf_changed":false,"_breakdance_hide_in_design_set":false,"_breakdance_tags":"","footnotes":""},"class_list":["post-5789","page","type-page","status-publish","hentry","no-post-thumbnail"],"acf":[],"yoast_head":"<!-- This site is optimized with the Yoast SEO plugin v22.7 - https:\/\/yoast.com\/wordpress\/plugins\/seo\/ -->\n<title>Offroad Finnmak - Lesen Sie hier das Offroad Finnmark Magazin 2021<\/title>\n<meta name=\"description\" content=\"Liebe Teilnehmer, ehrenamtliche Partner, Zuschauer und Radsportfreunde! Hier k\u00f6nnen Sie das diesj\u00e4hrige Offroad Finmmark Magazin lesen.\" \/>\n<meta name=\"robots\" content=\"index, follow, max-snippet:-1, max-image-preview:large, max-video-preview:-1\" \/>\n<link rel=\"canonical\" href=\"https:\/\/offroadfinnmark.no\/offroad-finnmark-artikler\/\" \/>\n<meta property=\"og:locale\" content=\"de_DE\" \/>\n<meta property=\"og:type\" content=\"article\" \/>\n<meta property=\"og:title\" content=\"Offroad Finnmak - Lesen Sie hier das Offroad Finnmark Magazin 2021\" \/>\n<meta property=\"og:description\" content=\"Liebe Teilnehmer, ehrenamtliche Partner, Zuschauer und Radsportfreunde! Hier k\u00f6nnen Sie das diesj\u00e4hrige Offroad Finmmark Magazin lesen.\" \/>\n<meta property=\"og:url\" content=\"https:\/\/offroadfinnmark.no\/offroad-finnmark-artikler\/\" \/>\n<meta property=\"og:site_name\" content=\"Offroad Finnmark\" \/>\n<meta property=\"article:modified_time\" content=\"2023-07-06T11:31:50+00:00\" \/>\n<meta name=\"twitter:card\" content=\"summary_large_image\" \/>\n<meta name=\"twitter:label1\" content=\"Gesch\u00e4tzte Lesezeit\" \/>\n\t<meta name=\"twitter:data1\" content=\"1\u00a0Minute\" \/>\n<script type=\"application\/ld+json\" class=\"yoast-schema-graph\">{\"@context\":\"https:\/\/schema.org\",\"@graph\":[{\"@type\":\"WebPage\",\"@id\":\"https:\/\/offroadfinnmark.no\/offroad-finnmark-artikler\/\",\"url\":\"https:\/\/offroadfinnmark.no\/offroad-finnmark-artikler\/\",\"name\":\"Offroad Finnmak - Lesen Sie hier das Offroad Finnmark Magazin 2021\",\"isPartOf\":{\"@id\":\"https:\/\/offroadfinnmark.no\/#website\"},\"datePublished\":\"2023-06-05T11:45:24+00:00\",\"dateModified\":\"2023-07-06T11:31:50+00:00\",\"description\":\"Liebe Teilnehmer, ehrenamtliche Partner, Zuschauer und Radsportfreunde! Hier k\u00f6nnen Sie das diesj\u00e4hrige Offroad Finmmark Magazin lesen.\",\"breadcrumb\":{\"@id\":\"https:\/\/offroadfinnmark.no\/offroad-finnmark-artikler\/#breadcrumb\"},\"inLanguage\":\"de\",\"potentialAction\":[{\"@type\":\"ReadAction\",\"target\":[\"https:\/\/offroadfinnmark.no\/offroad-finnmark-artikler\/\"]}]},{\"@type\":\"BreadcrumbList\",\"@id\":\"https:\/\/offroadfinnmark.no\/offroad-finnmark-artikler\/#breadcrumb\",\"itemListElement\":[{\"@type\":\"ListItem\",\"position\":1,\"name\":\"Home\",\"item\":\"https:\/\/offroadfinnmark.no\/de\/home-3-2-2-2\/\"},{\"@type\":\"ListItem\",\"position\":2,\"name\":\"Artikel\"}]},{\"@type\":\"WebSite\",\"@id\":\"https:\/\/offroadfinnmark.no\/#website\",\"url\":\"https:\/\/offroadfinnmark.no\/\",\"name\":\"https:\/\/offroadfinnmark.no\/\",\"description\":\"We make people bike in the arctic\",\"publisher\":{\"@id\":\"https:\/\/offroadfinnmark.no\/#organization\"},\"potentialAction\":[{\"@type\":\"SearchAction\",\"target\":{\"@type\":\"EntryPoint\",\"urlTemplate\":\"https:\/\/offroadfinnmark.no\/?s={search_term_string}\"},\"query-input\":\"required name=search_term_string\"}],\"inLanguage\":\"de\"},{\"@type\":\"Organization\",\"@id\":\"https:\/\/offroadfinnmark.no\/#organization\",\"name\":\"Offroad Finmark\",\"url\":\"https:\/\/offroadfinnmark.no\/\",\"logo\":{\"@type\":\"ImageObject\",\"inLanguage\":\"de\",\"@id\":\"https:\/\/offroadfinnmark.no\/#\/schema\/logo\/image\/\",\"url\":\"https:\/\/offroadfinnmark.no\/wp-content\/uploads\/2017\/11\/of_logo_original_web.jpg\",\"contentUrl\":\"https:\/\/offroadfinnmark.no\/wp-content\/uploads\/2017\/11\/of_logo_original_web.jpg\",\"width\":649,\"height\":172,\"caption\":\"Offroad Finmark\"},\"image\":{\"@id\":\"https:\/\/offroadfinnmark.no\/#\/schema\/logo\/image\/\"}}]}<\/script>\n<!-- \/ Yoast SEO plugin. -->","yoast_head_json":{"title":"Offroad Finnmak - Lesen Sie hier das Offroad Finnmark Magazin 2021","description":"Liebe Teilnehmer, ehrenamtliche Partner, Zuschauer und Radsportfreunde! Hier k\u00f6nnen Sie das diesj\u00e4hrige Offroad Finmmark Magazin lesen.","robots":{"index":"index","follow":"follow","max-snippet":"max-snippet:-1","max-image-preview":"max-image-preview:large","max-video-preview":"max-video-preview:-1"},"canonical":"https:\/\/offroadfinnmark.no\/offroad-finnmark-artikler\/","og_locale":"de_DE","og_type":"article","og_title":"Offroad Finnmak - Lesen Sie hier das Offroad Finnmark Magazin 2021","og_description":"Liebe Teilnehmer, ehrenamtliche Partner, Zuschauer und Radsportfreunde! Hier k\u00f6nnen Sie das diesj\u00e4hrige Offroad Finmmark Magazin lesen.","og_url":"https:\/\/offroadfinnmark.no\/offroad-finnmark-artikler\/","og_site_name":"Offroad Finnmark","article_modified_time":"2023-07-06T11:31:50+00:00","twitter_card":"summary_large_image","twitter_misc":{"Gesch\u00e4tzte Lesezeit":"1\u00a0Minute"},"schema":{"@context":"https:\/\/schema.org","@graph":[{"@type":"WebPage","@id":"https:\/\/offroadfinnmark.no\/offroad-finnmark-artikler\/","url":"https:\/\/offroadfinnmark.no\/offroad-finnmark-artikler\/","name":"Offroad Finnmak - Lesen Sie hier das Offroad Finnmark Magazin 2021","isPartOf":{"@id":"https:\/\/offroadfinnmark.no\/#website"},"datePublished":"2023-06-05T11:45:24+00:00","dateModified":"2023-07-06T11:31:50+00:00","description":"Liebe Teilnehmer, ehrenamtliche Partner, Zuschauer und Radsportfreunde! Hier k\u00f6nnen Sie das diesj\u00e4hrige Offroad Finmmark Magazin lesen.","breadcrumb":{"@id":"https:\/\/offroadfinnmark.no\/offroad-finnmark-artikler\/#breadcrumb"},"inLanguage":"de","potentialAction":[{"@type":"ReadAction","target":["https:\/\/offroadfinnmark.no\/offroad-finnmark-artikler\/"]}]},{"@type":"BreadcrumbList","@id":"https:\/\/offroadfinnmark.no\/offroad-finnmark-artikler\/#breadcrumb","itemListElement":[{"@type":"ListItem","position":1,"name":"Home","item":"https:\/\/offroadfinnmark.no\/de\/home-3-2-2-2\/"},{"@type":"ListItem","position":2,"name":"Artikel"}]},{"@type":"WebSite","@id":"https:\/\/offroadfinnmark.no\/#website","url":"https:\/\/offroadfinnmark.no\/","name":"https:\/\/offroadfinnmark.no\/","description":"We make people bike in the arctic","publisher":{"@id":"https:\/\/offroadfinnmark.no\/#organization"},"potentialAction":[{"@type":"SearchAction","target":{"@type":"EntryPoint","urlTemplate":"https:\/\/offroadfinnmark.no\/?s={search_term_string}"},"query-input":"required name=search_term_string"}],"inLanguage":"de"},{"@type":"Organization","@id":"https:\/\/offroadfinnmark.no\/#organization","name":"Offroad Finmark","url":"https:\/\/offroadfinnmark.no\/","logo":{"@type":"ImageObject","inLanguage":"de","@id":"https:\/\/offroadfinnmark.no\/#\/schema\/logo\/image\/","url":"https:\/\/offroadfinnmark.no\/wp-content\/uploads\/2017\/11\/of_logo_original_web.jpg","contentUrl":"https:\/\/offroadfinnmark.no\/wp-content\/uploads\/2017\/11\/of_logo_original_web.jpg","width":649,"height":172,"caption":"Offroad Finmark"},"image":{"@id":"https:\/\/offroadfinnmark.no\/#\/schema\/logo\/image\/"}}]}},"_links":{"self":[{"href":"https:\/\/offroadfinnmark.no\/de\/wp-json\/wp\/v2\/pages\/5789","targetHints":{"allow":["GET"]}}],"collection":[{"href":"https:\/\/offroadfinnmark.no\/de\/wp-json\/wp\/v2\/pages"}],"about":[{"href":"https:\/\/offroadfinnmark.no\/de\/wp-json\/wp\/v2\/types\/page"}],"author":[{"embeddable":true,"href":"https:\/\/offroadfinnmark.no\/de\/wp-json\/wp\/v2\/users\/10"}],"replies":[{"embeddable":true,"href":"https:\/\/offroadfinnmark.no\/de\/wp-json\/wp\/v2\/comments?post=5789"}],"version-history":[{"count":0,"href":"https:\/\/offroadfinnmark.no\/de\/wp-json\/wp\/v2\/pages\/5789\/revisions"}],"wp:attachment":[{"href":"https:\/\/offroadfinnmark.no\/de\/wp-json\/wp\/v2\/media?parent=5789"}],"curies":[{"name":"wp","href":"https:\/\/api.w.org\/{rel}","templated":true}]}}