{"id":5765,"date":"2023-02-06T14:47:24","date_gmt":"2023-02-06T14:47:24","guid":{"rendered":"https:\/\/offroadfinnmark.no\/?page_id=5765"},"modified":"2023-07-06T10:07:12","modified_gmt":"2023-07-06T10:07:12","slug":"freiwillige","status":"publish","type":"page","link":"https:\/\/offroadfinnmark.no\/de\/freiwillige\/","title":{"rendered":"Nachhaltigkeit"},"content":{"rendered":"<div id=\"cs-content\" class=\"cs-content\"><\/div>\n","protected":false},"excerpt":{"rendered":"<p>Nachhaltigkeit Status eines Umweltleuchtfeuers f\u00fcr Offroad Finnmark Als eine der wenigen Sportveranstaltungen ist Offroad Finnmark jetzt als Environmental Lighthouse zertifiziert. Es verpflichtet zur Organisation eines Sportwettbewerbs in Norwegens und Europas einzigem echten Wildnisgebiet! &#8211; Wir sind gl\u00fccklich und stolz, sagen zu k\u00f6nnen, dass Offroad Finnmark nun als Umweltleuchtturm zertifiziert ist. Dies bedeutet f\u00fcr uns und im Umgang mit unseren aktuellen &#8230; <\/p>\n<div><a href=\"https:\/\/offroadfinnmark.no\/de\/freiwillige\/\" class=\"more-link\">Read More<\/a><\/div>\n","protected":false},"author":10,"featured_media":3413,"parent":0,"menu_order":0,"comment_status":"closed","ping_status":"closed","template":"","meta":{"_acf_changed":false,"_breakdance_hide_in_design_set":false,"_breakdance_tags":"","footnotes":""},"class_list":["post-5765","page","type-page","status-publish","has-post-thumbnail","hentry"],"acf":[],"yoast_head":"<!-- This site is optimized with the Yoast SEO plugin v22.7 - https:\/\/yoast.com\/wordpress\/plugins\/seo\/ -->\n<title>Nachhaltigkeit - Offroad Finnmark<\/title>\n<meta name=\"robots\" content=\"index, follow, max-snippet:-1, max-image-preview:large, max-video-preview:-1\" \/>\n<link rel=\"canonical\" href=\"https:\/\/offroadfinnmark.no\/de\/?page_id=5765\" \/>\n<meta property=\"og:locale\" content=\"de_DE\" \/>\n<meta property=\"og:type\" content=\"article\" \/>\n<meta property=\"og:title\" content=\"Nachhaltigkeit - Offroad Finnmark\" \/>\n<meta property=\"og:description\" content=\"Nachhaltigkeit Status eines Umweltleuchtfeuers f\u00fcr Offroad Finnmark Als eine der wenigen Sportveranstaltungen ist Offroad Finnmark jetzt als Environmental Lighthouse zertifiziert. Es verpflichtet zur Organisation eines Sportwettbewerbs in Norwegens und Europas einzigem echten Wildnisgebiet! - Wir sind gl\u00fccklich und stolz, sagen zu k\u00f6nnen, dass Offroad Finnmark nun als Umweltleuchtturm zertifiziert ist. Dies bedeutet f\u00fcr uns und im Umgang mit unseren aktuellen ... Read More\" \/>\n<meta property=\"og:url\" content=\"https:\/\/offroadfinnmark.no\/de\/?page_id=5765\" \/>\n<meta property=\"og:site_name\" content=\"Offroad Finnmark\" \/>\n<meta property=\"article:modified_time\" content=\"2023-07-06T10:07:12+00:00\" \/>\n<meta property=\"og:image\" content=\"https:\/\/offroadfinnmark.no\/wp-content\/uploads\/2022\/07\/Overlevering.jpg\" \/>\n\t<meta property=\"og:image:width\" content=\"1672\" \/>\n\t<meta property=\"og:image:height\" content=\"941\" \/>\n\t<meta property=\"og:image:type\" content=\"image\/jpeg\" \/>\n<meta name=\"twitter:card\" content=\"summary_large_image\" \/>\n<meta name=\"twitter:label1\" content=\"Gesch\u00e4tzte Lesezeit\" \/>\n\t<meta name=\"twitter:data1\" content=\"2\u00a0Minuten\" \/>\n<script type=\"application\/ld+json\" class=\"yoast-schema-graph\">{\"@context\":\"https:\/\/schema.org\",\"@graph\":[{\"@type\":\"WebPage\",\"@id\":\"https:\/\/offroadfinnmark.no\/de\/?page_id=5765\",\"url\":\"https:\/\/offroadfinnmark.no\/de\/?page_id=5765\",\"name\":\"Nachhaltigkeit - Offroad Finnmark\",\"isPartOf\":{\"@id\":\"https:\/\/offroadfinnmark.no\/#website\"},\"primaryImageOfPage\":{\"@id\":\"https:\/\/offroadfinnmark.no\/de\/?page_id=5765#primaryimage\"},\"image\":{\"@id\":\"https:\/\/offroadfinnmark.no\/de\/?page_id=5765#primaryimage\"},\"thumbnailUrl\":\"https:\/\/offroadfinnmark.no\/wp-content\/uploads\/2022\/07\/Overlevering.jpg\",\"datePublished\":\"2023-02-06T14:47:24+00:00\",\"dateModified\":\"2023-07-06T10:07:12+00:00\",\"breadcrumb\":{\"@id\":\"https:\/\/offroadfinnmark.no\/de\/?page_id=5765#breadcrumb\"},\"inLanguage\":\"de\",\"potentialAction\":[{\"@type\":\"ReadAction\",\"target\":[\"https:\/\/offroadfinnmark.no\/de\/?page_id=5765\"]}]},{\"@type\":\"ImageObject\",\"inLanguage\":\"de\",\"@id\":\"https:\/\/offroadfinnmark.no\/de\/?page_id=5765#primaryimage\",\"url\":\"https:\/\/offroadfinnmark.no\/wp-content\/uploads\/2022\/07\/Overlevering.jpg\",\"contentUrl\":\"https:\/\/offroadfinnmark.no\/wp-content\/uploads\/2022\/07\/Overlevering.jpg\",\"width\":1672,\"height\":941},{\"@type\":\"BreadcrumbList\",\"@id\":\"https:\/\/offroadfinnmark.no\/de\/?page_id=5765#breadcrumb\",\"itemListElement\":[{\"@type\":\"ListItem\",\"position\":1,\"name\":\"Home\",\"item\":\"https:\/\/offroadfinnmark.no\/de\/home-3-2-2-2\/\"},{\"@type\":\"ListItem\",\"position\":2,\"name\":\"Nachhaltigkeit\"}]},{\"@type\":\"WebSite\",\"@id\":\"https:\/\/offroadfinnmark.no\/#website\",\"url\":\"https:\/\/offroadfinnmark.no\/\",\"name\":\"https:\/\/offroadfinnmark.no\/\",\"description\":\"We make people bike in the arctic\",\"publisher\":{\"@id\":\"https:\/\/offroadfinnmark.no\/#organization\"},\"potentialAction\":[{\"@type\":\"SearchAction\",\"target\":{\"@type\":\"EntryPoint\",\"urlTemplate\":\"https:\/\/offroadfinnmark.no\/?s={search_term_string}\"},\"query-input\":\"required name=search_term_string\"}],\"inLanguage\":\"de\"},{\"@type\":\"Organization\",\"@id\":\"https:\/\/offroadfinnmark.no\/#organization\",\"name\":\"Offroad Finmark\",\"url\":\"https:\/\/offroadfinnmark.no\/\",\"logo\":{\"@type\":\"ImageObject\",\"inLanguage\":\"de\",\"@id\":\"https:\/\/offroadfinnmark.no\/#\/schema\/logo\/image\/\",\"url\":\"https:\/\/offroadfinnmark.no\/wp-content\/uploads\/2017\/11\/of_logo_original_web.jpg\",\"contentUrl\":\"https:\/\/offroadfinnmark.no\/wp-content\/uploads\/2017\/11\/of_logo_original_web.jpg\",\"width\":649,\"height\":172,\"caption\":\"Offroad Finmark\"},\"image\":{\"@id\":\"https:\/\/offroadfinnmark.no\/#\/schema\/logo\/image\/\"}}]}<\/script>\n<!-- \/ Yoast SEO plugin. -->","yoast_head_json":{"title":"Nachhaltigkeit - Offroad Finnmark","robots":{"index":"index","follow":"follow","max-snippet":"max-snippet:-1","max-image-preview":"max-image-preview:large","max-video-preview":"max-video-preview:-1"},"canonical":"https:\/\/offroadfinnmark.no\/de\/?page_id=5765","og_locale":"de_DE","og_type":"article","og_title":"Nachhaltigkeit - Offroad Finnmark","og_description":"Nachhaltigkeit Status eines Umweltleuchtfeuers f\u00fcr Offroad Finnmark Als eine der wenigen Sportveranstaltungen ist Offroad Finnmark jetzt als Environmental Lighthouse zertifiziert. Es verpflichtet zur Organisation eines Sportwettbewerbs in Norwegens und Europas einzigem echten Wildnisgebiet! - Wir sind gl\u00fccklich und stolz, sagen zu k\u00f6nnen, dass Offroad Finnmark nun als Umweltleuchtturm zertifiziert ist. Dies bedeutet f\u00fcr uns und im Umgang mit unseren aktuellen ... Read More","og_url":"https:\/\/offroadfinnmark.no\/de\/?page_id=5765","og_site_name":"Offroad Finnmark","article_modified_time":"2023-07-06T10:07:12+00:00","og_image":[{"width":1672,"height":941,"url":"https:\/\/offroadfinnmark.no\/wp-content\/uploads\/2022\/07\/Overlevering.jpg","type":"image\/jpeg"}],"twitter_card":"summary_large_image","twitter_misc":{"Gesch\u00e4tzte Lesezeit":"2\u00a0Minuten"},"schema":{"@context":"https:\/\/schema.org","@graph":[{"@type":"WebPage","@id":"https:\/\/offroadfinnmark.no\/de\/?page_id=5765","url":"https:\/\/offroadfinnmark.no\/de\/?page_id=5765","name":"Nachhaltigkeit - Offroad Finnmark","isPartOf":{"@id":"https:\/\/offroadfinnmark.no\/#website"},"primaryImageOfPage":{"@id":"https:\/\/offroadfinnmark.no\/de\/?page_id=5765#primaryimage"},"image":{"@id":"https:\/\/offroadfinnmark.no\/de\/?page_id=5765#primaryimage"},"thumbnailUrl":"https:\/\/offroadfinnmark.no\/wp-content\/uploads\/2022\/07\/Overlevering.jpg","datePublished":"2023-02-06T14:47:24+00:00","dateModified":"2023-07-06T10:07:12+00:00","breadcrumb":{"@id":"https:\/\/offroadfinnmark.no\/de\/?page_id=5765#breadcrumb"},"inLanguage":"de","potentialAction":[{"@type":"ReadAction","target":["https:\/\/offroadfinnmark.no\/de\/?page_id=5765"]}]},{"@type":"ImageObject","inLanguage":"de","@id":"https:\/\/offroadfinnmark.no\/de\/?page_id=5765#primaryimage","url":"https:\/\/offroadfinnmark.no\/wp-content\/uploads\/2022\/07\/Overlevering.jpg","contentUrl":"https:\/\/offroadfinnmark.no\/wp-content\/uploads\/2022\/07\/Overlevering.jpg","width":1672,"height":941},{"@type":"BreadcrumbList","@id":"https:\/\/offroadfinnmark.no\/de\/?page_id=5765#breadcrumb","itemListElement":[{"@type":"ListItem","position":1,"name":"Home","item":"https:\/\/offroadfinnmark.no\/de\/home-3-2-2-2\/"},{"@type":"ListItem","position":2,"name":"Nachhaltigkeit"}]},{"@type":"WebSite","@id":"https:\/\/offroadfinnmark.no\/#website","url":"https:\/\/offroadfinnmark.no\/","name":"https:\/\/offroadfinnmark.no\/","description":"We make people bike in the arctic","publisher":{"@id":"https:\/\/offroadfinnmark.no\/#organization"},"potentialAction":[{"@type":"SearchAction","target":{"@type":"EntryPoint","urlTemplate":"https:\/\/offroadfinnmark.no\/?s={search_term_string}"},"query-input":"required name=search_term_string"}],"inLanguage":"de"},{"@type":"Organization","@id":"https:\/\/offroadfinnmark.no\/#organization","name":"Offroad Finmark","url":"https:\/\/offroadfinnmark.no\/","logo":{"@type":"ImageObject","inLanguage":"de","@id":"https:\/\/offroadfinnmark.no\/#\/schema\/logo\/image\/","url":"https:\/\/offroadfinnmark.no\/wp-content\/uploads\/2017\/11\/of_logo_original_web.jpg","contentUrl":"https:\/\/offroadfinnmark.no\/wp-content\/uploads\/2017\/11\/of_logo_original_web.jpg","width":649,"height":172,"caption":"Offroad Finmark"},"image":{"@id":"https:\/\/offroadfinnmark.no\/#\/schema\/logo\/image\/"}}]}},"_links":{"self":[{"href":"https:\/\/offroadfinnmark.no\/de\/wp-json\/wp\/v2\/pages\/5765","targetHints":{"allow":["GET"]}}],"collection":[{"href":"https:\/\/offroadfinnmark.no\/de\/wp-json\/wp\/v2\/pages"}],"about":[{"href":"https:\/\/offroadfinnmark.no\/de\/wp-json\/wp\/v2\/types\/page"}],"author":[{"embeddable":true,"href":"https:\/\/offroadfinnmark.no\/de\/wp-json\/wp\/v2\/users\/10"}],"replies":[{"embeddable":true,"href":"https:\/\/offroadfinnmark.no\/de\/wp-json\/wp\/v2\/comments?post=5765"}],"version-history":[{"count":0,"href":"https:\/\/offroadfinnmark.no\/de\/wp-json\/wp\/v2\/pages\/5765\/revisions"}],"wp:featuredmedia":[{"embeddable":true,"href":"https:\/\/offroadfinnmark.no\/de\/wp-json\/wp\/v2\/media\/3413"}],"wp:attachment":[{"href":"https:\/\/offroadfinnmark.no\/de\/wp-json\/wp\/v2\/media?parent=5765"}],"curies":[{"name":"wp","href":"https:\/\/api.w.org\/{rel}","templated":true}]}}