{"id":5686,"date":"2018-01-24T18:04:07","date_gmt":"2018-01-24T18:04:07","guid":{"rendered":"https:\/\/offroadfinnmark.no\/ueber-harald-nilsen-von-barneritt\/"},"modified":"2025-09-14T20:18:54","modified_gmt":"2025-09-14T20:18:54","slug":"ueber-harald-nilsen-von-barneritt","status":"publish","type":"page","link":"https:\/\/offroadfinnmark.no\/de\/ueber-harald-nilsen-von-barneritt\/","title":{"rendered":"OF Kinderfahrgesch\u00e4fte"},"content":{"rendered":"<div id=\"cs-content\" class=\"cs-content\"><\/div>\n","protected":false},"excerpt":{"rendered":"<p>Infotext FeFo Lesen Sie mehr \u00fcber FeFo Offroad-Finnmark-Radsportfestival &#8211; Erlebnisse f\u00fcr alle Das eigene Offroad-Finnmark f\u00fcr Kinder FEFO OF Barneritt \ud83d\udeb4\u200d\u2642\ufe0f FEFO OF Barneritt &#8211; Fahrradspa\u00df f\u00fcr alle Kinder! \ud83d\udeb4\u200d\u2640\ufe0f Zeit und Ort Mittwoch 29 Juli um. 14:00 Offroad Finnmark l\u00e4dt Sie in Zusammenarbeit mit FEFO zur diesj\u00e4hrigen gro\u00dfen Kindertour im Zentrum von Alta ein. Kostenlos und offen f\u00fcr alle &#8230; <\/p>\n<div><a href=\"https:\/\/offroadfinnmark.no\/de\/ueber-harald-nilsen-von-barneritt\/\" class=\"more-link\">Read More<\/a><\/div>\n","protected":false},"author":2,"featured_media":0,"parent":0,"menu_order":0,"comment_status":"closed","ping_status":"closed","template":"","meta":{"_acf_changed":false,"_breakdance_hide_in_design_set":false,"_breakdance_tags":"","footnotes":""},"class_list":["post-5686","page","type-page","status-publish","hentry","no-post-thumbnail"],"acf":[],"yoast_head":"<!-- This site is optimized with the Yoast SEO plugin v22.7 - https:\/\/yoast.com\/wordpress\/plugins\/seo\/ -->\n<title>OF Kinderfahrgesch\u00e4fte - Offroad Finnmark<\/title>\n<meta name=\"robots\" content=\"index, follow, max-snippet:-1, max-image-preview:large, max-video-preview:-1\" \/>\n<link rel=\"canonical\" href=\"https:\/\/offroadfinnmark.no\/de\/ueber-harald-nilsen-von-barneritt\/\" \/>\n<meta property=\"og:locale\" content=\"de_DE\" \/>\n<meta property=\"og:type\" content=\"article\" \/>\n<meta property=\"og:title\" content=\"OF Kinderfahrgesch\u00e4fte - Offroad Finnmark\" \/>\n<meta property=\"og:description\" content=\"Infotext FeFo Lesen Sie mehr \u00fcber FeFo Offroad-Finnmark-Radsportfestival - Erlebnisse f\u00fcr alle Das eigene Offroad-Finnmark f\u00fcr Kinder FEFO OF Barneritt \ud83d\udeb4\u200d\u2642\ufe0f FEFO OF Barneritt - Fahrradspa\u00df f\u00fcr alle Kinder! \ud83d\udeb4\u200d\u2640\ufe0f Zeit und Ort Mittwoch 29 Juli um. 14:00 Offroad Finnmark l\u00e4dt Sie in Zusammenarbeit mit FEFO zur diesj\u00e4hrigen gro\u00dfen Kindertour im Zentrum von Alta ein. Kostenlos und offen f\u00fcr alle ... Read More\" \/>\n<meta property=\"og:url\" content=\"https:\/\/offroadfinnmark.no\/de\/ueber-harald-nilsen-von-barneritt\/\" \/>\n<meta property=\"og:site_name\" content=\"Offroad Finnmark\" \/>\n<meta property=\"article:modified_time\" content=\"2025-09-14T20:18:54+00:00\" \/>\n<meta property=\"og:image\" content=\"http:\/\/offroadfinnmar.wpengine.com\/wp-content\/uploads\/2017\/12\/kalender_kalender.png\" \/>\n<meta name=\"twitter:card\" content=\"summary_large_image\" \/>\n<meta name=\"twitter:label1\" content=\"Gesch\u00e4tzte Lesezeit\" \/>\n\t<meta name=\"twitter:data1\" content=\"3\u00a0Minuten\" \/>\n<script type=\"application\/ld+json\" class=\"yoast-schema-graph\">{\"@context\":\"https:\/\/schema.org\",\"@graph\":[{\"@type\":\"WebPage\",\"@id\":\"https:\/\/offroadfinnmark.no\/de\/ueber-harald-nilsen-von-barneritt\/\",\"url\":\"https:\/\/offroadfinnmark.no\/de\/ueber-harald-nilsen-von-barneritt\/\",\"name\":\"OF Kinderfahrgesch\u00e4fte - Offroad Finnmark\",\"isPartOf\":{\"@id\":\"https:\/\/offroadfinnmark.no\/#website\"},\"primaryImageOfPage\":{\"@id\":\"https:\/\/offroadfinnmark.no\/de\/ueber-harald-nilsen-von-barneritt\/#primaryimage\"},\"image\":{\"@id\":\"https:\/\/offroadfinnmark.no\/de\/ueber-harald-nilsen-von-barneritt\/#primaryimage\"},\"thumbnailUrl\":\"https:\/\/offroadfinnmark.no\/wp-content\/uploads\/2017\/12\/kalender_kalender.png\",\"datePublished\":\"2018-01-24T18:04:07+00:00\",\"dateModified\":\"2025-09-14T20:18:54+00:00\",\"breadcrumb\":{\"@id\":\"https:\/\/offroadfinnmark.no\/de\/ueber-harald-nilsen-von-barneritt\/#breadcrumb\"},\"inLanguage\":\"de\",\"potentialAction\":[{\"@type\":\"ReadAction\",\"target\":[\"https:\/\/offroadfinnmark.no\/de\/ueber-harald-nilsen-von-barneritt\/\"]}]},{\"@type\":\"ImageObject\",\"inLanguage\":\"de\",\"@id\":\"https:\/\/offroadfinnmark.no\/de\/ueber-harald-nilsen-von-barneritt\/#primaryimage\",\"url\":\"https:\/\/offroadfinnmark.no\/wp-content\/uploads\/2017\/12\/kalender_kalender.png\",\"contentUrl\":\"https:\/\/offroadfinnmark.no\/wp-content\/uploads\/2017\/12\/kalender_kalender.png\"},{\"@type\":\"BreadcrumbList\",\"@id\":\"https:\/\/offroadfinnmark.no\/de\/ueber-harald-nilsen-von-barneritt\/#breadcrumb\",\"itemListElement\":[{\"@type\":\"ListItem\",\"position\":1,\"name\":\"Home\",\"item\":\"https:\/\/offroadfinnmark.no\/de\/home-3-2-2-2\/\"},{\"@type\":\"ListItem\",\"position\":2,\"name\":\"OF Kinderfahrgesch\u00e4fte\"}]},{\"@type\":\"WebSite\",\"@id\":\"https:\/\/offroadfinnmark.no\/#website\",\"url\":\"https:\/\/offroadfinnmark.no\/\",\"name\":\"https:\/\/offroadfinnmark.no\/\",\"description\":\"We make people bike in the arctic\",\"publisher\":{\"@id\":\"https:\/\/offroadfinnmark.no\/#organization\"},\"potentialAction\":[{\"@type\":\"SearchAction\",\"target\":{\"@type\":\"EntryPoint\",\"urlTemplate\":\"https:\/\/offroadfinnmark.no\/?s={search_term_string}\"},\"query-input\":\"required name=search_term_string\"}],\"inLanguage\":\"de\"},{\"@type\":\"Organization\",\"@id\":\"https:\/\/offroadfinnmark.no\/#organization\",\"name\":\"Offroad Finmark\",\"url\":\"https:\/\/offroadfinnmark.no\/\",\"logo\":{\"@type\":\"ImageObject\",\"inLanguage\":\"de\",\"@id\":\"https:\/\/offroadfinnmark.no\/#\/schema\/logo\/image\/\",\"url\":\"https:\/\/offroadfinnmark.no\/wp-content\/uploads\/2017\/11\/of_logo_original_web.jpg\",\"contentUrl\":\"https:\/\/offroadfinnmark.no\/wp-content\/uploads\/2017\/11\/of_logo_original_web.jpg\",\"width\":649,\"height\":172,\"caption\":\"Offroad Finmark\"},\"image\":{\"@id\":\"https:\/\/offroadfinnmark.no\/#\/schema\/logo\/image\/\"}}]}<\/script>\n<!-- \/ Yoast SEO plugin. -->","yoast_head_json":{"title":"OF Kinderfahrgesch\u00e4fte - Offroad Finnmark","robots":{"index":"index","follow":"follow","max-snippet":"max-snippet:-1","max-image-preview":"max-image-preview:large","max-video-preview":"max-video-preview:-1"},"canonical":"https:\/\/offroadfinnmark.no\/de\/ueber-harald-nilsen-von-barneritt\/","og_locale":"de_DE","og_type":"article","og_title":"OF Kinderfahrgesch\u00e4fte - Offroad Finnmark","og_description":"Infotext FeFo Lesen Sie mehr \u00fcber FeFo Offroad-Finnmark-Radsportfestival - Erlebnisse f\u00fcr alle Das eigene Offroad-Finnmark f\u00fcr Kinder FEFO OF Barneritt \ud83d\udeb4\u200d\u2642\ufe0f FEFO OF Barneritt - Fahrradspa\u00df f\u00fcr alle Kinder! \ud83d\udeb4\u200d\u2640\ufe0f Zeit und Ort Mittwoch 29 Juli um. 14:00 Offroad Finnmark l\u00e4dt Sie in Zusammenarbeit mit FEFO zur diesj\u00e4hrigen gro\u00dfen Kindertour im Zentrum von Alta ein. Kostenlos und offen f\u00fcr alle ... Read More","og_url":"https:\/\/offroadfinnmark.no\/de\/ueber-harald-nilsen-von-barneritt\/","og_site_name":"Offroad Finnmark","article_modified_time":"2025-09-14T20:18:54+00:00","og_image":[{"url":"http:\/\/offroadfinnmar.wpengine.com\/wp-content\/uploads\/2017\/12\/kalender_kalender.png"}],"twitter_card":"summary_large_image","twitter_misc":{"Gesch\u00e4tzte Lesezeit":"3\u00a0Minuten"},"schema":{"@context":"https:\/\/schema.org","@graph":[{"@type":"WebPage","@id":"https:\/\/offroadfinnmark.no\/de\/ueber-harald-nilsen-von-barneritt\/","url":"https:\/\/offroadfinnmark.no\/de\/ueber-harald-nilsen-von-barneritt\/","name":"OF Kinderfahrgesch\u00e4fte - Offroad Finnmark","isPartOf":{"@id":"https:\/\/offroadfinnmark.no\/#website"},"primaryImageOfPage":{"@id":"https:\/\/offroadfinnmark.no\/de\/ueber-harald-nilsen-von-barneritt\/#primaryimage"},"image":{"@id":"https:\/\/offroadfinnmark.no\/de\/ueber-harald-nilsen-von-barneritt\/#primaryimage"},"thumbnailUrl":"https:\/\/offroadfinnmark.no\/wp-content\/uploads\/2017\/12\/kalender_kalender.png","datePublished":"2018-01-24T18:04:07+00:00","dateModified":"2025-09-14T20:18:54+00:00","breadcrumb":{"@id":"https:\/\/offroadfinnmark.no\/de\/ueber-harald-nilsen-von-barneritt\/#breadcrumb"},"inLanguage":"de","potentialAction":[{"@type":"ReadAction","target":["https:\/\/offroadfinnmark.no\/de\/ueber-harald-nilsen-von-barneritt\/"]}]},{"@type":"ImageObject","inLanguage":"de","@id":"https:\/\/offroadfinnmark.no\/de\/ueber-harald-nilsen-von-barneritt\/#primaryimage","url":"https:\/\/offroadfinnmark.no\/wp-content\/uploads\/2017\/12\/kalender_kalender.png","contentUrl":"https:\/\/offroadfinnmark.no\/wp-content\/uploads\/2017\/12\/kalender_kalender.png"},{"@type":"BreadcrumbList","@id":"https:\/\/offroadfinnmark.no\/de\/ueber-harald-nilsen-von-barneritt\/#breadcrumb","itemListElement":[{"@type":"ListItem","position":1,"name":"Home","item":"https:\/\/offroadfinnmark.no\/de\/home-3-2-2-2\/"},{"@type":"ListItem","position":2,"name":"OF Kinderfahrgesch\u00e4fte"}]},{"@type":"WebSite","@id":"https:\/\/offroadfinnmark.no\/#website","url":"https:\/\/offroadfinnmark.no\/","name":"https:\/\/offroadfinnmark.no\/","description":"We make people bike in the arctic","publisher":{"@id":"https:\/\/offroadfinnmark.no\/#organization"},"potentialAction":[{"@type":"SearchAction","target":{"@type":"EntryPoint","urlTemplate":"https:\/\/offroadfinnmark.no\/?s={search_term_string}"},"query-input":"required name=search_term_string"}],"inLanguage":"de"},{"@type":"Organization","@id":"https:\/\/offroadfinnmark.no\/#organization","name":"Offroad Finmark","url":"https:\/\/offroadfinnmark.no\/","logo":{"@type":"ImageObject","inLanguage":"de","@id":"https:\/\/offroadfinnmark.no\/#\/schema\/logo\/image\/","url":"https:\/\/offroadfinnmark.no\/wp-content\/uploads\/2017\/11\/of_logo_original_web.jpg","contentUrl":"https:\/\/offroadfinnmark.no\/wp-content\/uploads\/2017\/11\/of_logo_original_web.jpg","width":649,"height":172,"caption":"Offroad Finmark"},"image":{"@id":"https:\/\/offroadfinnmark.no\/#\/schema\/logo\/image\/"}}]}},"_links":{"self":[{"href":"https:\/\/offroadfinnmark.no\/de\/wp-json\/wp\/v2\/pages\/5686","targetHints":{"allow":["GET"]}}],"collection":[{"href":"https:\/\/offroadfinnmark.no\/de\/wp-json\/wp\/v2\/pages"}],"about":[{"href":"https:\/\/offroadfinnmark.no\/de\/wp-json\/wp\/v2\/types\/page"}],"author":[{"embeddable":true,"href":"https:\/\/offroadfinnmark.no\/de\/wp-json\/wp\/v2\/users\/2"}],"replies":[{"embeddable":true,"href":"https:\/\/offroadfinnmark.no\/de\/wp-json\/wp\/v2\/comments?post=5686"}],"version-history":[{"count":0,"href":"https:\/\/offroadfinnmark.no\/de\/wp-json\/wp\/v2\/pages\/5686\/revisions"}],"wp:attachment":[{"href":"https:\/\/offroadfinnmark.no\/de\/wp-json\/wp\/v2\/media?parent=5686"}],"curies":[{"name":"wp","href":"https:\/\/api.w.org\/{rel}","templated":true}]}}