{"id":5685,"date":"2017-11-03T12:24:20","date_gmt":"2017-11-03T12:24:20","guid":{"rendered":"https:\/\/offroadfinnmark.no\/heim-2\/"},"modified":"2026-03-23T12:52:59","modified_gmt":"2026-03-23T12:52:59","slug":"home-3-2-2-2","status":"publish","type":"page","link":"https:\/\/offroadfinnmark.no\/de\/","title":{"rendered":"Heim"},"content":{"rendered":"<div id=\"cs-content\" class=\"cs-content\"><\/div>\n","protected":false},"excerpt":{"rendered":"<p>Es ist eine wundersch\u00f6ne Erfahrung und sie h\u00e4lt ewig.Wichtigste Kooperationspartner Offroad Finnmark 2026 Neu anfangen 00D00H00M00SJetzt anmelden Preiserh\u00f6hung 26 M\u00e4rz. 23.59.59 siehe Teilnehmer2026 Warteliste Sparebank 1 Nord-Norge OF150kmBankett-Ticket kaufen Geschenkgutscheine kaufen Ergebnisse 2025Historische Ergebnisse Zuk\u00fcnftige Festivalwochen Das Offroad Finnmark Mountainbike Festival wird j\u00e4hrlich vom letzten Wochenende im Juli bis zum ersten Wochenende im August veranstaltet. 2027: 24 Juli &#8211; 31. &#8230; <\/p>\n<div><a href=\"https:\/\/offroadfinnmark.no\/de\/\" class=\"more-link\">Read More<\/a><\/div>\n","protected":false},"author":2,"featured_media":0,"parent":0,"menu_order":0,"comment_status":"closed","ping_status":"closed","template":"","meta":{"_acf_changed":false,"footnotes":""},"class_list":["post-5685","page","type-page","status-publish","hentry","no-post-thumbnail"],"acf":[],"yoast_head":"<!-- This site is optimized with the Yoast SEO plugin v22.7 - https:\/\/yoast.com\/wordpress\/plugins\/seo\/ -->\n<title>Heim - Offroad Finnmark<\/title>\n<meta name=\"robots\" content=\"index, follow, max-snippet:-1, max-image-preview:large, max-video-preview:-1\" \/>\n<link rel=\"canonical\" href=\"https:\/\/offroadfinnmark.no\/de\/home-3-2-2-2\/\" \/>\n<meta property=\"og:locale\" content=\"de_DE\" \/>\n<meta property=\"og:type\" content=\"article\" \/>\n<meta property=\"og:title\" content=\"Heim - Offroad Finnmark\" \/>\n<meta property=\"og:description\" content=\"Es ist eine wundersch\u00f6ne Erfahrung und sie h\u00e4lt ewig.Wichtigste Kooperationspartner Offroad Finnmark 2026 Neu anfangen 00D00H00M00SJetzt anmelden Preiserh\u00f6hung 26 M\u00e4rz. 23.59.59 siehe Teilnehmer2026 Warteliste Sparebank 1 Nord-Norge OF150kmBankett-Ticket kaufen Geschenkgutscheine kaufen Ergebnisse 2025Historische Ergebnisse Zuk\u00fcnftige Festivalwochen Das Offroad Finnmark Mountainbike Festival wird j\u00e4hrlich vom letzten Wochenende im Juli bis zum ersten Wochenende im August veranstaltet. 2027: 24 Juli - 31. ... Read More\" \/>\n<meta property=\"og:url\" content=\"https:\/\/offroadfinnmark.no\/de\/home-3-2-2-2\/\" \/>\n<meta property=\"og:site_name\" content=\"Offroad Finnmark\" \/>\n<meta property=\"article:modified_time\" content=\"2026-03-23T12:52:59+00:00\" \/>\n<meta property=\"og:image\" content=\"http:\/\/offroadfinnmark.no\/wp-content\/uploads\/2018\/03\/logo_offroad_finnmark_stor-01.png\" \/>\n<meta name=\"twitter:card\" content=\"summary_large_image\" \/>\n<meta name=\"twitter:label1\" content=\"Gesch\u00e4tzte Lesezeit\" \/>\n\t<meta name=\"twitter:data1\" content=\"15\u00a0Minuten\" \/>\n<script type=\"application\/ld+json\" class=\"yoast-schema-graph\">{\"@context\":\"https:\/\/schema.org\",\"@graph\":[{\"@type\":\"WebPage\",\"@id\":\"https:\/\/offroadfinnmark.no\/de\/home-3-2-2-2\/\",\"url\":\"https:\/\/offroadfinnmark.no\/de\/home-3-2-2-2\/\",\"name\":\"Heim - Offroad Finnmark\",\"isPartOf\":{\"@id\":\"https:\/\/offroadfinnmark.no\/#website\"},\"primaryImageOfPage\":{\"@id\":\"https:\/\/offroadfinnmark.no\/de\/home-3-2-2-2\/#primaryimage\"},\"image\":{\"@id\":\"https:\/\/offroadfinnmark.no\/de\/home-3-2-2-2\/#primaryimage\"},\"thumbnailUrl\":\"http:\/\/offroadfinnmark.no\/wp-content\/uploads\/2018\/03\/logo_offroad_finnmark_stor-01.png\",\"datePublished\":\"2017-11-03T12:24:20+00:00\",\"dateModified\":\"2026-03-23T12:52:59+00:00\",\"breadcrumb\":{\"@id\":\"https:\/\/offroadfinnmark.no\/de\/home-3-2-2-2\/#breadcrumb\"},\"inLanguage\":\"de\",\"potentialAction\":[{\"@type\":\"ReadAction\",\"target\":[\"https:\/\/offroadfinnmark.no\/de\/home-3-2-2-2\/\"]}]},{\"@type\":\"ImageObject\",\"inLanguage\":\"de\",\"@id\":\"https:\/\/offroadfinnmark.no\/de\/home-3-2-2-2\/#primaryimage\",\"url\":\"http:\/\/offroadfinnmark.no\/wp-content\/uploads\/2018\/03\/logo_offroad_finnmark_stor-01.png\",\"contentUrl\":\"http:\/\/offroadfinnmark.no\/wp-content\/uploads\/2018\/03\/logo_offroad_finnmark_stor-01.png\"},{\"@type\":\"BreadcrumbList\",\"@id\":\"https:\/\/offroadfinnmark.no\/de\/home-3-2-2-2\/#breadcrumb\",\"itemListElement\":[{\"@type\":\"ListItem\",\"position\":1,\"name\":\"Home\",\"item\":\"https:\/\/offroadfinnmark.no\/de\/home-3-2-2-2\/\"},{\"@type\":\"ListItem\",\"position\":2,\"name\":\"Heim\"}]},{\"@type\":\"WebSite\",\"@id\":\"https:\/\/offroadfinnmark.no\/#website\",\"url\":\"https:\/\/offroadfinnmark.no\/\",\"name\":\"https:\/\/offroadfinnmark.no\/\",\"description\":\"We make people bike in the arctic\",\"publisher\":{\"@id\":\"https:\/\/offroadfinnmark.no\/#organization\"},\"potentialAction\":[{\"@type\":\"SearchAction\",\"target\":{\"@type\":\"EntryPoint\",\"urlTemplate\":\"https:\/\/offroadfinnmark.no\/?s={search_term_string}\"},\"query-input\":\"required name=search_term_string\"}],\"inLanguage\":\"de\"},{\"@type\":\"Organization\",\"@id\":\"https:\/\/offroadfinnmark.no\/#organization\",\"name\":\"Offroad Finmark\",\"url\":\"https:\/\/offroadfinnmark.no\/\",\"logo\":{\"@type\":\"ImageObject\",\"inLanguage\":\"de\",\"@id\":\"https:\/\/offroadfinnmark.no\/#\/schema\/logo\/image\/\",\"url\":\"https:\/\/offroadfinnmark.no\/wp-content\/uploads\/2017\/11\/of_logo_original_web.jpg\",\"contentUrl\":\"https:\/\/offroadfinnmark.no\/wp-content\/uploads\/2017\/11\/of_logo_original_web.jpg\",\"width\":649,\"height\":172,\"caption\":\"Offroad Finmark\"},\"image\":{\"@id\":\"https:\/\/offroadfinnmark.no\/#\/schema\/logo\/image\/\"}}]}<\/script>\n<!-- \/ Yoast SEO plugin. -->","yoast_head_json":{"title":"Heim - Offroad Finnmark","robots":{"index":"index","follow":"follow","max-snippet":"max-snippet:-1","max-image-preview":"max-image-preview:large","max-video-preview":"max-video-preview:-1"},"canonical":"https:\/\/offroadfinnmark.no\/de\/home-3-2-2-2\/","og_locale":"de_DE","og_type":"article","og_title":"Heim - Offroad Finnmark","og_description":"Es ist eine wundersch\u00f6ne Erfahrung und sie h\u00e4lt ewig.Wichtigste Kooperationspartner Offroad Finnmark 2026 Neu anfangen 00D00H00M00SJetzt anmelden Preiserh\u00f6hung 26 M\u00e4rz. 23.59.59 siehe Teilnehmer2026 Warteliste Sparebank 1 Nord-Norge OF150kmBankett-Ticket kaufen Geschenkgutscheine kaufen Ergebnisse 2025Historische Ergebnisse Zuk\u00fcnftige Festivalwochen Das Offroad Finnmark Mountainbike Festival wird j\u00e4hrlich vom letzten Wochenende im Juli bis zum ersten Wochenende im August veranstaltet. 2027: 24 Juli - 31. ... Read More","og_url":"https:\/\/offroadfinnmark.no\/de\/home-3-2-2-2\/","og_site_name":"Offroad Finnmark","article_modified_time":"2026-03-23T12:52:59+00:00","og_image":[{"url":"http:\/\/offroadfinnmark.no\/wp-content\/uploads\/2018\/03\/logo_offroad_finnmark_stor-01.png"}],"twitter_card":"summary_large_image","twitter_misc":{"Gesch\u00e4tzte Lesezeit":"15\u00a0Minuten"},"schema":{"@context":"https:\/\/schema.org","@graph":[{"@type":"WebPage","@id":"https:\/\/offroadfinnmark.no\/de\/home-3-2-2-2\/","url":"https:\/\/offroadfinnmark.no\/de\/home-3-2-2-2\/","name":"Heim - Offroad Finnmark","isPartOf":{"@id":"https:\/\/offroadfinnmark.no\/#website"},"primaryImageOfPage":{"@id":"https:\/\/offroadfinnmark.no\/de\/home-3-2-2-2\/#primaryimage"},"image":{"@id":"https:\/\/offroadfinnmark.no\/de\/home-3-2-2-2\/#primaryimage"},"thumbnailUrl":"http:\/\/offroadfinnmark.no\/wp-content\/uploads\/2018\/03\/logo_offroad_finnmark_stor-01.png","datePublished":"2017-11-03T12:24:20+00:00","dateModified":"2026-03-23T12:52:59+00:00","breadcrumb":{"@id":"https:\/\/offroadfinnmark.no\/de\/home-3-2-2-2\/#breadcrumb"},"inLanguage":"de","potentialAction":[{"@type":"ReadAction","target":["https:\/\/offroadfinnmark.no\/de\/home-3-2-2-2\/"]}]},{"@type":"ImageObject","inLanguage":"de","@id":"https:\/\/offroadfinnmark.no\/de\/home-3-2-2-2\/#primaryimage","url":"http:\/\/offroadfinnmark.no\/wp-content\/uploads\/2018\/03\/logo_offroad_finnmark_stor-01.png","contentUrl":"http:\/\/offroadfinnmark.no\/wp-content\/uploads\/2018\/03\/logo_offroad_finnmark_stor-01.png"},{"@type":"BreadcrumbList","@id":"https:\/\/offroadfinnmark.no\/de\/home-3-2-2-2\/#breadcrumb","itemListElement":[{"@type":"ListItem","position":1,"name":"Home","item":"https:\/\/offroadfinnmark.no\/de\/home-3-2-2-2\/"},{"@type":"ListItem","position":2,"name":"Heim"}]},{"@type":"WebSite","@id":"https:\/\/offroadfinnmark.no\/#website","url":"https:\/\/offroadfinnmark.no\/","name":"https:\/\/offroadfinnmark.no\/","description":"We make people bike in the arctic","publisher":{"@id":"https:\/\/offroadfinnmark.no\/#organization"},"potentialAction":[{"@type":"SearchAction","target":{"@type":"EntryPoint","urlTemplate":"https:\/\/offroadfinnmark.no\/?s={search_term_string}"},"query-input":"required name=search_term_string"}],"inLanguage":"de"},{"@type":"Organization","@id":"https:\/\/offroadfinnmark.no\/#organization","name":"Offroad Finmark","url":"https:\/\/offroadfinnmark.no\/","logo":{"@type":"ImageObject","inLanguage":"de","@id":"https:\/\/offroadfinnmark.no\/#\/schema\/logo\/image\/","url":"https:\/\/offroadfinnmark.no\/wp-content\/uploads\/2017\/11\/of_logo_original_web.jpg","contentUrl":"https:\/\/offroadfinnmark.no\/wp-content\/uploads\/2017\/11\/of_logo_original_web.jpg","width":649,"height":172,"caption":"Offroad Finmark"},"image":{"@id":"https:\/\/offroadfinnmark.no\/#\/schema\/logo\/image\/"}}]}},"_links":{"self":[{"href":"https:\/\/offroadfinnmark.no\/de\/wp-json\/wp\/v2\/pages\/5685","targetHints":{"allow":["GET"]}}],"collection":[{"href":"https:\/\/offroadfinnmark.no\/de\/wp-json\/wp\/v2\/pages"}],"about":[{"href":"https:\/\/offroadfinnmark.no\/de\/wp-json\/wp\/v2\/types\/page"}],"author":[{"embeddable":true,"href":"https:\/\/offroadfinnmark.no\/de\/wp-json\/wp\/v2\/users\/2"}],"replies":[{"embeddable":true,"href":"https:\/\/offroadfinnmark.no\/de\/wp-json\/wp\/v2\/comments?post=5685"}],"version-history":[{"count":31,"href":"https:\/\/offroadfinnmark.no\/de\/wp-json\/wp\/v2\/pages\/5685\/revisions"}],"predecessor-version":[{"id":8864,"href":"https:\/\/offroadfinnmark.no\/de\/wp-json\/wp\/v2\/pages\/5685\/revisions\/8864"}],"wp:attachment":[{"href":"https:\/\/offroadfinnmark.no\/de\/wp-json\/wp\/v2\/media?parent=5685"}],"curies":[{"name":"wp","href":"https:\/\/api.w.org\/{rel}","templated":true}]}}