{"id":5645,"date":"2021-02-09T20:56:22","date_gmt":"2021-02-09T20:56:22","guid":{"rendered":"https:\/\/offroadfinnmark.no\/of700elite\/"},"modified":"2023-06-20T12:49:36","modified_gmt":"2023-06-20T12:49:36","slug":"of700elite","status":"publish","type":"page","link":"https:\/\/offroadfinnmark.no\/de\/of700elite\/","title":{"rendered":"ARCHIV \u2013 OF700Elite"},"content":{"rendered":"<div id=\"cs-content\" class=\"cs-content\"><\/div>\n","protected":false},"excerpt":{"rendered":"<p>Ishavskraft OF700 Elite \u2013 das l\u00e4ngste MTB der Welt Herausfordernd &#8211; anstrengend &#8211; Euphorisch Einschreibung Siehe registriert Arctic Ocean Power OF700 Alles, was Sie wissen m\u00fcssen Pr\u00e4mien Ausr\u00fcstung Angebote an Checkpoints Strecken und Karten Programm Registrierungsgeb\u00fchr VORSCHRIFTEN UNTERKUNFT Pr\u00e4mien Ausr\u00fcstung Checkpoint-Angebot Strecken und Karten Programm Fahrpakete Vorschriften Unterkunft Ishavskraft ist heute Nordnorwegens gr\u00f6\u00dfter Energieversorger. Unsere Identit\u00e4t wird immer von dem &#8230; <\/p>\n<div><a href=\"https:\/\/offroadfinnmark.no\/de\/of700elite\/\" class=\"more-link\">Read More<\/a><\/div>\n","protected":false},"author":11,"featured_media":0,"parent":0,"menu_order":0,"comment_status":"closed","ping_status":"closed","template":"template-blank-5.php","meta":{"_acf_changed":false,"_breakdance_hide_in_design_set":false,"_breakdance_tags":"","footnotes":""},"class_list":["post-5645","page","type-page","status-publish","hentry","no-post-thumbnail"],"acf":[],"yoast_head":"<!-- This site is optimized with the Yoast SEO plugin v22.7 - https:\/\/yoast.com\/wordpress\/plugins\/seo\/ -->\n<title>ARCHIV \u2013 OF700Elite - Offroad Finnmark<\/title>\n<meta name=\"robots\" content=\"index, follow, max-snippet:-1, max-image-preview:large, max-video-preview:-1\" \/>\n<link rel=\"canonical\" href=\"https:\/\/offroadfinnmark.no\/de\/of700elite\/\" \/>\n<meta property=\"og:locale\" content=\"de_DE\" \/>\n<meta property=\"og:type\" content=\"article\" \/>\n<meta property=\"og:title\" content=\"ARCHIV \u2013 OF700Elite - Offroad Finnmark\" \/>\n<meta property=\"og:description\" content=\"Ishavskraft OF700 Elite \u2013 das l\u00e4ngste MTB der Welt Herausfordernd - anstrengend - Euphorisch Einschreibung Siehe registriert Arctic Ocean Power OF700 Alles, was Sie wissen m\u00fcssen Pr\u00e4mien Ausr\u00fcstung Angebote an Checkpoints Strecken und Karten Programm Registrierungsgeb\u00fchr VORSCHRIFTEN UNTERKUNFT Pr\u00e4mien Ausr\u00fcstung Checkpoint-Angebot Strecken und Karten Programm Fahrpakete Vorschriften Unterkunft Ishavskraft ist heute Nordnorwegens gr\u00f6\u00dfter Energieversorger. Unsere Identit\u00e4t wird immer von dem ... Read More\" \/>\n<meta property=\"og:url\" content=\"https:\/\/offroadfinnmark.no\/de\/of700elite\/\" \/>\n<meta property=\"og:site_name\" content=\"Offroad Finnmark\" \/>\n<meta property=\"article:modified_time\" content=\"2023-06-20T12:49:36+00:00\" \/>\n<meta property=\"og:image\" content=\"http:\/\/offroadfinnmar.wpengine.com\/wp-content\/uploads\/2017\/12\/price_price-06.png\" \/>\n<meta name=\"twitter:card\" content=\"summary_large_image\" \/>\n<meta name=\"twitter:label1\" content=\"Gesch\u00e4tzte Lesezeit\" \/>\n\t<meta name=\"twitter:data1\" content=\"3\u00a0Minuten\" \/>\n<script type=\"application\/ld+json\" class=\"yoast-schema-graph\">{\"@context\":\"https:\/\/schema.org\",\"@graph\":[{\"@type\":\"WebPage\",\"@id\":\"https:\/\/offroadfinnmark.no\/de\/of700elite\/\",\"url\":\"https:\/\/offroadfinnmark.no\/de\/of700elite\/\",\"name\":\"ARCHIV \u2013 OF700Elite - Offroad Finnmark\",\"isPartOf\":{\"@id\":\"https:\/\/offroadfinnmark.no\/#website\"},\"primaryImageOfPage\":{\"@id\":\"https:\/\/offroadfinnmark.no\/de\/of700elite\/#primaryimage\"},\"image\":{\"@id\":\"https:\/\/offroadfinnmark.no\/de\/of700elite\/#primaryimage\"},\"thumbnailUrl\":\"https:\/\/offroadfinnmark.no\/wp-content\/uploads\/2017\/12\/price_price-06.png\",\"datePublished\":\"2021-02-09T20:56:22+00:00\",\"dateModified\":\"2023-06-20T12:49:36+00:00\",\"breadcrumb\":{\"@id\":\"https:\/\/offroadfinnmark.no\/de\/of700elite\/#breadcrumb\"},\"inLanguage\":\"de\",\"potentialAction\":[{\"@type\":\"ReadAction\",\"target\":[\"https:\/\/offroadfinnmark.no\/de\/of700elite\/\"]}]},{\"@type\":\"ImageObject\",\"inLanguage\":\"de\",\"@id\":\"https:\/\/offroadfinnmark.no\/de\/of700elite\/#primaryimage\",\"url\":\"https:\/\/offroadfinnmark.no\/wp-content\/uploads\/2017\/12\/price_price-06.png\",\"contentUrl\":\"https:\/\/offroadfinnmark.no\/wp-content\/uploads\/2017\/12\/price_price-06.png\"},{\"@type\":\"BreadcrumbList\",\"@id\":\"https:\/\/offroadfinnmark.no\/de\/of700elite\/#breadcrumb\",\"itemListElement\":[{\"@type\":\"ListItem\",\"position\":1,\"name\":\"Home\",\"item\":\"https:\/\/offroadfinnmark.no\/de\/home-3-2-2-2\/\"},{\"@type\":\"ListItem\",\"position\":2,\"name\":\"ARCHIV \u2013 OF700Elite\"}]},{\"@type\":\"WebSite\",\"@id\":\"https:\/\/offroadfinnmark.no\/#website\",\"url\":\"https:\/\/offroadfinnmark.no\/\",\"name\":\"https:\/\/offroadfinnmark.no\/\",\"description\":\"We make people bike in the arctic\",\"publisher\":{\"@id\":\"https:\/\/offroadfinnmark.no\/#organization\"},\"potentialAction\":[{\"@type\":\"SearchAction\",\"target\":{\"@type\":\"EntryPoint\",\"urlTemplate\":\"https:\/\/offroadfinnmark.no\/?s={search_term_string}\"},\"query-input\":\"required name=search_term_string\"}],\"inLanguage\":\"de\"},{\"@type\":\"Organization\",\"@id\":\"https:\/\/offroadfinnmark.no\/#organization\",\"name\":\"Offroad Finmark\",\"url\":\"https:\/\/offroadfinnmark.no\/\",\"logo\":{\"@type\":\"ImageObject\",\"inLanguage\":\"de\",\"@id\":\"https:\/\/offroadfinnmark.no\/#\/schema\/logo\/image\/\",\"url\":\"https:\/\/offroadfinnmark.no\/wp-content\/uploads\/2017\/11\/of_logo_original_web.jpg\",\"contentUrl\":\"https:\/\/offroadfinnmark.no\/wp-content\/uploads\/2017\/11\/of_logo_original_web.jpg\",\"width\":649,\"height\":172,\"caption\":\"Offroad Finmark\"},\"image\":{\"@id\":\"https:\/\/offroadfinnmark.no\/#\/schema\/logo\/image\/\"}}]}<\/script>\n<!-- \/ Yoast SEO plugin. -->","yoast_head_json":{"title":"ARCHIV \u2013 OF700Elite - Offroad Finnmark","robots":{"index":"index","follow":"follow","max-snippet":"max-snippet:-1","max-image-preview":"max-image-preview:large","max-video-preview":"max-video-preview:-1"},"canonical":"https:\/\/offroadfinnmark.no\/de\/of700elite\/","og_locale":"de_DE","og_type":"article","og_title":"ARCHIV \u2013 OF700Elite - Offroad Finnmark","og_description":"Ishavskraft OF700 Elite \u2013 das l\u00e4ngste MTB der Welt Herausfordernd - anstrengend - Euphorisch Einschreibung Siehe registriert Arctic Ocean Power OF700 Alles, was Sie wissen m\u00fcssen Pr\u00e4mien Ausr\u00fcstung Angebote an Checkpoints Strecken und Karten Programm Registrierungsgeb\u00fchr VORSCHRIFTEN UNTERKUNFT Pr\u00e4mien Ausr\u00fcstung Checkpoint-Angebot Strecken und Karten Programm Fahrpakete Vorschriften Unterkunft Ishavskraft ist heute Nordnorwegens gr\u00f6\u00dfter Energieversorger. Unsere Identit\u00e4t wird immer von dem ... Read More","og_url":"https:\/\/offroadfinnmark.no\/de\/of700elite\/","og_site_name":"Offroad Finnmark","article_modified_time":"2023-06-20T12:49:36+00:00","og_image":[{"url":"http:\/\/offroadfinnmar.wpengine.com\/wp-content\/uploads\/2017\/12\/price_price-06.png"}],"twitter_card":"summary_large_image","twitter_misc":{"Gesch\u00e4tzte Lesezeit":"3\u00a0Minuten"},"schema":{"@context":"https:\/\/schema.org","@graph":[{"@type":"WebPage","@id":"https:\/\/offroadfinnmark.no\/de\/of700elite\/","url":"https:\/\/offroadfinnmark.no\/de\/of700elite\/","name":"ARCHIV \u2013 OF700Elite - Offroad Finnmark","isPartOf":{"@id":"https:\/\/offroadfinnmark.no\/#website"},"primaryImageOfPage":{"@id":"https:\/\/offroadfinnmark.no\/de\/of700elite\/#primaryimage"},"image":{"@id":"https:\/\/offroadfinnmark.no\/de\/of700elite\/#primaryimage"},"thumbnailUrl":"https:\/\/offroadfinnmark.no\/wp-content\/uploads\/2017\/12\/price_price-06.png","datePublished":"2021-02-09T20:56:22+00:00","dateModified":"2023-06-20T12:49:36+00:00","breadcrumb":{"@id":"https:\/\/offroadfinnmark.no\/de\/of700elite\/#breadcrumb"},"inLanguage":"de","potentialAction":[{"@type":"ReadAction","target":["https:\/\/offroadfinnmark.no\/de\/of700elite\/"]}]},{"@type":"ImageObject","inLanguage":"de","@id":"https:\/\/offroadfinnmark.no\/de\/of700elite\/#primaryimage","url":"https:\/\/offroadfinnmark.no\/wp-content\/uploads\/2017\/12\/price_price-06.png","contentUrl":"https:\/\/offroadfinnmark.no\/wp-content\/uploads\/2017\/12\/price_price-06.png"},{"@type":"BreadcrumbList","@id":"https:\/\/offroadfinnmark.no\/de\/of700elite\/#breadcrumb","itemListElement":[{"@type":"ListItem","position":1,"name":"Home","item":"https:\/\/offroadfinnmark.no\/de\/home-3-2-2-2\/"},{"@type":"ListItem","position":2,"name":"ARCHIV \u2013 OF700Elite"}]},{"@type":"WebSite","@id":"https:\/\/offroadfinnmark.no\/#website","url":"https:\/\/offroadfinnmark.no\/","name":"https:\/\/offroadfinnmark.no\/","description":"We make people bike in the arctic","publisher":{"@id":"https:\/\/offroadfinnmark.no\/#organization"},"potentialAction":[{"@type":"SearchAction","target":{"@type":"EntryPoint","urlTemplate":"https:\/\/offroadfinnmark.no\/?s={search_term_string}"},"query-input":"required name=search_term_string"}],"inLanguage":"de"},{"@type":"Organization","@id":"https:\/\/offroadfinnmark.no\/#organization","name":"Offroad Finmark","url":"https:\/\/offroadfinnmark.no\/","logo":{"@type":"ImageObject","inLanguage":"de","@id":"https:\/\/offroadfinnmark.no\/#\/schema\/logo\/image\/","url":"https:\/\/offroadfinnmark.no\/wp-content\/uploads\/2017\/11\/of_logo_original_web.jpg","contentUrl":"https:\/\/offroadfinnmark.no\/wp-content\/uploads\/2017\/11\/of_logo_original_web.jpg","width":649,"height":172,"caption":"Offroad Finmark"},"image":{"@id":"https:\/\/offroadfinnmark.no\/#\/schema\/logo\/image\/"}}]}},"_links":{"self":[{"href":"https:\/\/offroadfinnmark.no\/de\/wp-json\/wp\/v2\/pages\/5645","targetHints":{"allow":["GET"]}}],"collection":[{"href":"https:\/\/offroadfinnmark.no\/de\/wp-json\/wp\/v2\/pages"}],"about":[{"href":"https:\/\/offroadfinnmark.no\/de\/wp-json\/wp\/v2\/types\/page"}],"author":[{"embeddable":true,"href":"https:\/\/offroadfinnmark.no\/de\/wp-json\/wp\/v2\/users\/11"}],"replies":[{"embeddable":true,"href":"https:\/\/offroadfinnmark.no\/de\/wp-json\/wp\/v2\/comments?post=5645"}],"version-history":[{"count":0,"href":"https:\/\/offroadfinnmark.no\/de\/wp-json\/wp\/v2\/pages\/5645\/revisions"}],"wp:attachment":[{"href":"https:\/\/offroadfinnmark.no\/de\/wp-json\/wp\/v2\/media?parent=5645"}],"curies":[{"name":"wp","href":"https:\/\/api.w.org\/{rel}","templated":true}]}}