{"id":5629,"date":"2018-01-24T15:22:27","date_gmt":"2018-01-24T15:22:27","guid":{"rendered":"https:\/\/offroadfinnmark.no\/ueber-dnb-of150\/"},"modified":"2023-06-20T12:49:27","modified_gmt":"2023-06-20T12:49:27","slug":"ueber-dnb-of150","status":"publish","type":"page","link":"https:\/\/offroadfinnmark.no\/de\/ueber-dnb-of150\/","title":{"rendered":"ARCHIV \u2013 \u00dcber DNB Of150"},"content":{"rendered":"<div id=\"cs-content\" class=\"cs-content\"><\/div>\n","protected":false},"excerpt":{"rendered":"<p>Unser Formel-1-Angebot f\u00fcr MTB-Fahrer K\u00fcrzer als der l\u00e4ngste, aber alles andere als einfach Anmelden Eine Solofahrt f\u00fcr alle Ein Hauch von Finnland DNB OF150 gibt Ihnen einen echten Einblick in das, woraus Offroad Finnmark besteht. W\u00e4hrend man beim SmartDok OF300 und Ishavskraft OF700 im Team fahren muss (das 700 hat auch seine eigene Solo-Klasse), ist das DNB OF150 solo. Der &#8230; <\/p>\n<div><a href=\"https:\/\/offroadfinnmark.no\/de\/offroad-finnmarks-anmeldung-fuer-early-bird-coop-finnmark-of-jugend-ifinnmark-folkeritt-und-unternehmer-harald-nilsen-of-barneritt-am-mittwoch-3-november-um-20-00-bis-mittwoch-10\/\" class=\"more-link\">Read More<\/a><\/div>\n","protected":false},"author":2,"featured_media":0,"parent":0,"menu_order":0,"comment_status":"closed","ping_status":"closed","template":"","meta":{"_acf_changed":false,"_breakdance_hide_in_design_set":false,"_breakdance_tags":"","footnotes":""},"class_list":["post-5629","page","type-page","status-publish","hentry","no-post-thumbnail"],"acf":[],"yoast_head":"<!-- This site is optimized with the Yoast SEO plugin v22.7 - https:\/\/yoast.com\/wordpress\/plugins\/seo\/ -->\n<title>ARCHIV \u2013 \u00dcber DNB Of150 - Offroad Finnmark<\/title>\n<meta name=\"robots\" content=\"index, follow, max-snippet:-1, max-image-preview:large, max-video-preview:-1\" \/>\n<link rel=\"canonical\" href=\"https:\/\/offroadfinnmark.no\/de\/ueber-dnb-of150\/\" \/>\n<meta property=\"og:locale\" content=\"de_DE\" \/>\n<meta property=\"og:type\" content=\"article\" \/>\n<meta property=\"og:title\" content=\"ARCHIV \u2013 \u00dcber DNB Of150 - Offroad Finnmark\" \/>\n<meta property=\"og:description\" content=\"Unser Formel-1-Angebot f\u00fcr MTB-Fahrer K\u00fcrzer als der l\u00e4ngste, aber alles andere als einfach Anmelden Eine Solofahrt f\u00fcr alle Ein Hauch von Finnland DNB OF150 gibt Ihnen einen echten Einblick in das, woraus Offroad Finnmark besteht. W\u00e4hrend man beim SmartDok OF300 und Ishavskraft OF700 im Team fahren muss (das 700 hat auch seine eigene Solo-Klasse), ist das DNB OF150 solo. Der ... Read More\" \/>\n<meta property=\"og:url\" content=\"https:\/\/offroadfinnmark.no\/de\/ueber-dnb-of150\/\" \/>\n<meta property=\"og:site_name\" content=\"Offroad Finnmark\" \/>\n<meta property=\"article:modified_time\" content=\"2023-06-20T12:49:27+00:00\" \/>\n<meta name=\"twitter:card\" content=\"summary_large_image\" \/>\n<meta name=\"twitter:label1\" content=\"Gesch\u00e4tzte Lesezeit\" \/>\n\t<meta name=\"twitter:data1\" content=\"4\u00a0Minuten\" \/>\n<script type=\"application\/ld+json\" class=\"yoast-schema-graph\">{\"@context\":\"https:\/\/schema.org\",\"@graph\":[{\"@type\":\"WebPage\",\"@id\":\"https:\/\/offroadfinnmark.no\/de\/ueber-dnb-of150\/\",\"url\":\"https:\/\/offroadfinnmark.no\/de\/ueber-dnb-of150\/\",\"name\":\"ARCHIV \u2013 \u00dcber DNB Of150 - Offroad Finnmark\",\"isPartOf\":{\"@id\":\"https:\/\/offroadfinnmark.no\/#website\"},\"datePublished\":\"2018-01-24T15:22:27+00:00\",\"dateModified\":\"2023-06-20T12:49:27+00:00\",\"breadcrumb\":{\"@id\":\"https:\/\/offroadfinnmark.no\/de\/ueber-dnb-of150\/#breadcrumb\"},\"inLanguage\":\"de\",\"potentialAction\":[{\"@type\":\"ReadAction\",\"target\":[\"https:\/\/offroadfinnmark.no\/de\/ueber-dnb-of150\/\"]}]},{\"@type\":\"BreadcrumbList\",\"@id\":\"https:\/\/offroadfinnmark.no\/de\/ueber-dnb-of150\/#breadcrumb\",\"itemListElement\":[{\"@type\":\"ListItem\",\"position\":1,\"name\":\"Home\",\"item\":\"https:\/\/offroadfinnmark.no\/de\/home-3-2-2-2\/\"},{\"@type\":\"ListItem\",\"position\":2,\"name\":\"ARCHIV \u2013 \u00dcber DNB Of150\"}]},{\"@type\":\"WebSite\",\"@id\":\"https:\/\/offroadfinnmark.no\/#website\",\"url\":\"https:\/\/offroadfinnmark.no\/\",\"name\":\"https:\/\/offroadfinnmark.no\/\",\"description\":\"We make people bike in the arctic\",\"publisher\":{\"@id\":\"https:\/\/offroadfinnmark.no\/#organization\"},\"potentialAction\":[{\"@type\":\"SearchAction\",\"target\":{\"@type\":\"EntryPoint\",\"urlTemplate\":\"https:\/\/offroadfinnmark.no\/?s={search_term_string}\"},\"query-input\":\"required name=search_term_string\"}],\"inLanguage\":\"de\"},{\"@type\":\"Organization\",\"@id\":\"https:\/\/offroadfinnmark.no\/#organization\",\"name\":\"Offroad Finmark\",\"url\":\"https:\/\/offroadfinnmark.no\/\",\"logo\":{\"@type\":\"ImageObject\",\"inLanguage\":\"de\",\"@id\":\"https:\/\/offroadfinnmark.no\/#\/schema\/logo\/image\/\",\"url\":\"https:\/\/offroadfinnmark.no\/wp-content\/uploads\/2017\/11\/of_logo_original_web.jpg\",\"contentUrl\":\"https:\/\/offroadfinnmark.no\/wp-content\/uploads\/2017\/11\/of_logo_original_web.jpg\",\"width\":649,\"height\":172,\"caption\":\"Offroad Finmark\"},\"image\":{\"@id\":\"https:\/\/offroadfinnmark.no\/#\/schema\/logo\/image\/\"}}]}<\/script>\n<!-- \/ Yoast SEO plugin. -->","yoast_head_json":{"title":"ARCHIV \u2013 \u00dcber DNB Of150 - Offroad Finnmark","robots":{"index":"index","follow":"follow","max-snippet":"max-snippet:-1","max-image-preview":"max-image-preview:large","max-video-preview":"max-video-preview:-1"},"canonical":"https:\/\/offroadfinnmark.no\/de\/ueber-dnb-of150\/","og_locale":"de_DE","og_type":"article","og_title":"ARCHIV \u2013 \u00dcber DNB Of150 - Offroad Finnmark","og_description":"Unser Formel-1-Angebot f\u00fcr MTB-Fahrer K\u00fcrzer als der l\u00e4ngste, aber alles andere als einfach Anmelden Eine Solofahrt f\u00fcr alle Ein Hauch von Finnland DNB OF150 gibt Ihnen einen echten Einblick in das, woraus Offroad Finnmark besteht. W\u00e4hrend man beim SmartDok OF300 und Ishavskraft OF700 im Team fahren muss (das 700 hat auch seine eigene Solo-Klasse), ist das DNB OF150 solo. Der ... Read More","og_url":"https:\/\/offroadfinnmark.no\/de\/ueber-dnb-of150\/","og_site_name":"Offroad Finnmark","article_modified_time":"2023-06-20T12:49:27+00:00","twitter_card":"summary_large_image","twitter_misc":{"Gesch\u00e4tzte Lesezeit":"4\u00a0Minuten"},"schema":{"@context":"https:\/\/schema.org","@graph":[{"@type":"WebPage","@id":"https:\/\/offroadfinnmark.no\/de\/ueber-dnb-of150\/","url":"https:\/\/offroadfinnmark.no\/de\/ueber-dnb-of150\/","name":"ARCHIV \u2013 \u00dcber DNB Of150 - Offroad Finnmark","isPartOf":{"@id":"https:\/\/offroadfinnmark.no\/#website"},"datePublished":"2018-01-24T15:22:27+00:00","dateModified":"2023-06-20T12:49:27+00:00","breadcrumb":{"@id":"https:\/\/offroadfinnmark.no\/de\/ueber-dnb-of150\/#breadcrumb"},"inLanguage":"de","potentialAction":[{"@type":"ReadAction","target":["https:\/\/offroadfinnmark.no\/de\/ueber-dnb-of150\/"]}]},{"@type":"BreadcrumbList","@id":"https:\/\/offroadfinnmark.no\/de\/ueber-dnb-of150\/#breadcrumb","itemListElement":[{"@type":"ListItem","position":1,"name":"Home","item":"https:\/\/offroadfinnmark.no\/de\/home-3-2-2-2\/"},{"@type":"ListItem","position":2,"name":"ARCHIV \u2013 \u00dcber DNB Of150"}]},{"@type":"WebSite","@id":"https:\/\/offroadfinnmark.no\/#website","url":"https:\/\/offroadfinnmark.no\/","name":"https:\/\/offroadfinnmark.no\/","description":"We make people bike in the arctic","publisher":{"@id":"https:\/\/offroadfinnmark.no\/#organization"},"potentialAction":[{"@type":"SearchAction","target":{"@type":"EntryPoint","urlTemplate":"https:\/\/offroadfinnmark.no\/?s={search_term_string}"},"query-input":"required name=search_term_string"}],"inLanguage":"de"},{"@type":"Organization","@id":"https:\/\/offroadfinnmark.no\/#organization","name":"Offroad Finmark","url":"https:\/\/offroadfinnmark.no\/","logo":{"@type":"ImageObject","inLanguage":"de","@id":"https:\/\/offroadfinnmark.no\/#\/schema\/logo\/image\/","url":"https:\/\/offroadfinnmark.no\/wp-content\/uploads\/2017\/11\/of_logo_original_web.jpg","contentUrl":"https:\/\/offroadfinnmark.no\/wp-content\/uploads\/2017\/11\/of_logo_original_web.jpg","width":649,"height":172,"caption":"Offroad Finmark"},"image":{"@id":"https:\/\/offroadfinnmark.no\/#\/schema\/logo\/image\/"}}]}},"_links":{"self":[{"href":"https:\/\/offroadfinnmark.no\/de\/wp-json\/wp\/v2\/pages\/5629","targetHints":{"allow":["GET"]}}],"collection":[{"href":"https:\/\/offroadfinnmark.no\/de\/wp-json\/wp\/v2\/pages"}],"about":[{"href":"https:\/\/offroadfinnmark.no\/de\/wp-json\/wp\/v2\/types\/page"}],"author":[{"embeddable":true,"href":"https:\/\/offroadfinnmark.no\/de\/wp-json\/wp\/v2\/users\/2"}],"replies":[{"embeddable":true,"href":"https:\/\/offroadfinnmark.no\/de\/wp-json\/wp\/v2\/comments?post=5629"}],"version-history":[{"count":0,"href":"https:\/\/offroadfinnmark.no\/de\/wp-json\/wp\/v2\/pages\/5629\/revisions"}],"wp:attachment":[{"href":"https:\/\/offroadfinnmark.no\/de\/wp-json\/wp\/v2\/media?parent=5629"}],"curies":[{"name":"wp","href":"https:\/\/api.w.org\/{rel}","templated":true}]}}