{"id":5605,"date":"2018-01-02T13:09:59","date_gmt":"2018-01-02T13:09:59","guid":{"rendered":"https:\/\/offroadfinnmark.no\/of300\/"},"modified":"2023-06-20T12:49:50","modified_gmt":"2023-06-20T12:49:50","slug":"of300","status":"publish","type":"page","link":"https:\/\/offroadfinnmark.no\/de\/of300\/","title":{"rendered":"ARCHIV &#8211; OF300"},"content":{"rendered":"<div id=\"cs-content\" class=\"cs-content\"><\/div>\n","protected":false},"excerpt":{"rendered":"<p>SmartDok OF300 hinterl\u00e4sst bleibende Spuren Wird dich f\u00fcr immer ver\u00e4ndern Live-Tracking Einschreibung Siehe registriert SmartDoc OF300 Alles, was Sie wissen m\u00fcssen Pr\u00e4mien Ausr\u00fcstung Checkpoint-Angebot Strecken und Karten Programm Fahrpaket Vorschriften Unterkunft Pr\u00e4mien Ausr\u00fcstung Angebote an Checkpoints Strecken und Karten Programm Fahrpaket VORSCHRIFTEN Unterkunft Mehr Gewinn in Ihrem Projekt! Arbeiten Sie in einem kleinen Zimmereibetrieb oder in einem Unternehmen mit zwei &#8230; <\/p>\n<div><a href=\"https:\/\/offroadfinnmark.no\/de\/of300\/\" class=\"more-link\">Read More<\/a><\/div>\n","protected":false},"author":2,"featured_media":0,"parent":0,"menu_order":0,"comment_status":"closed","ping_status":"closed","template":"","meta":{"_acf_changed":false,"_breakdance_hide_in_design_set":false,"_breakdance_tags":"","footnotes":""},"class_list":["post-5605","page","type-page","status-publish","hentry","no-post-thumbnail"],"acf":[],"yoast_head":"<!-- This site is optimized with the Yoast SEO plugin v22.7 - https:\/\/yoast.com\/wordpress\/plugins\/seo\/ -->\n<title>ARCHIV - OF300 - Offroad Finnmark<\/title>\n<meta name=\"robots\" content=\"index, follow, max-snippet:-1, max-image-preview:large, max-video-preview:-1\" \/>\n<link rel=\"canonical\" href=\"https:\/\/offroadfinnmark.no\/de\/of300\/\" \/>\n<meta property=\"og:locale\" content=\"de_DE\" \/>\n<meta property=\"og:type\" content=\"article\" \/>\n<meta property=\"og:title\" content=\"ARCHIV - OF300 - Offroad Finnmark\" \/>\n<meta property=\"og:description\" content=\"SmartDok OF300 hinterl\u00e4sst bleibende Spuren Wird dich f\u00fcr immer ver\u00e4ndern Live-Tracking Einschreibung Siehe registriert SmartDoc OF300 Alles, was Sie wissen m\u00fcssen Pr\u00e4mien Ausr\u00fcstung Checkpoint-Angebot Strecken und Karten Programm Fahrpaket Vorschriften Unterkunft Pr\u00e4mien Ausr\u00fcstung Angebote an Checkpoints Strecken und Karten Programm Fahrpaket VORSCHRIFTEN Unterkunft Mehr Gewinn in Ihrem Projekt! Arbeiten Sie in einem kleinen Zimmereibetrieb oder in einem Unternehmen mit zwei ... Read More\" \/>\n<meta property=\"og:url\" content=\"https:\/\/offroadfinnmark.no\/de\/of300\/\" \/>\n<meta property=\"og:site_name\" content=\"Offroad Finnmark\" \/>\n<meta property=\"article:modified_time\" content=\"2023-06-20T12:49:50+00:00\" \/>\n<meta property=\"og:image\" content=\"http:\/\/offroadfinnmar.wpengine.com\/wp-content\/uploads\/2017\/12\/price_price-06.png\" \/>\n<meta name=\"twitter:card\" content=\"summary_large_image\" \/>\n<meta name=\"twitter:label1\" content=\"Gesch\u00e4tzte Lesezeit\" \/>\n\t<meta name=\"twitter:data1\" content=\"3\u00a0Minuten\" \/>\n<script type=\"application\/ld+json\" class=\"yoast-schema-graph\">{\"@context\":\"https:\/\/schema.org\",\"@graph\":[{\"@type\":\"WebPage\",\"@id\":\"https:\/\/offroadfinnmark.no\/de\/of300\/\",\"url\":\"https:\/\/offroadfinnmark.no\/de\/of300\/\",\"name\":\"ARCHIV - OF300 - Offroad Finnmark\",\"isPartOf\":{\"@id\":\"https:\/\/offroadfinnmark.no\/#website\"},\"primaryImageOfPage\":{\"@id\":\"https:\/\/offroadfinnmark.no\/de\/of300\/#primaryimage\"},\"image\":{\"@id\":\"https:\/\/offroadfinnmark.no\/de\/of300\/#primaryimage\"},\"thumbnailUrl\":\"https:\/\/offroadfinnmark.no\/wp-content\/uploads\/2017\/12\/price_price-06.png\",\"datePublished\":\"2018-01-02T13:09:59+00:00\",\"dateModified\":\"2023-06-20T12:49:50+00:00\",\"breadcrumb\":{\"@id\":\"https:\/\/offroadfinnmark.no\/de\/of300\/#breadcrumb\"},\"inLanguage\":\"de\",\"potentialAction\":[{\"@type\":\"ReadAction\",\"target\":[\"https:\/\/offroadfinnmark.no\/de\/of300\/\"]}]},{\"@type\":\"ImageObject\",\"inLanguage\":\"de\",\"@id\":\"https:\/\/offroadfinnmark.no\/de\/of300\/#primaryimage\",\"url\":\"https:\/\/offroadfinnmark.no\/wp-content\/uploads\/2017\/12\/price_price-06.png\",\"contentUrl\":\"https:\/\/offroadfinnmark.no\/wp-content\/uploads\/2017\/12\/price_price-06.png\"},{\"@type\":\"BreadcrumbList\",\"@id\":\"https:\/\/offroadfinnmark.no\/de\/of300\/#breadcrumb\",\"itemListElement\":[{\"@type\":\"ListItem\",\"position\":1,\"name\":\"Home\",\"item\":\"https:\/\/offroadfinnmark.no\/de\/home-3-2-2-2\/\"},{\"@type\":\"ListItem\",\"position\":2,\"name\":\"ARCHIV &#8211; OF300\"}]},{\"@type\":\"WebSite\",\"@id\":\"https:\/\/offroadfinnmark.no\/#website\",\"url\":\"https:\/\/offroadfinnmark.no\/\",\"name\":\"https:\/\/offroadfinnmark.no\/\",\"description\":\"We make people bike in the arctic\",\"publisher\":{\"@id\":\"https:\/\/offroadfinnmark.no\/#organization\"},\"potentialAction\":[{\"@type\":\"SearchAction\",\"target\":{\"@type\":\"EntryPoint\",\"urlTemplate\":\"https:\/\/offroadfinnmark.no\/?s={search_term_string}\"},\"query-input\":\"required name=search_term_string\"}],\"inLanguage\":\"de\"},{\"@type\":\"Organization\",\"@id\":\"https:\/\/offroadfinnmark.no\/#organization\",\"name\":\"Offroad Finmark\",\"url\":\"https:\/\/offroadfinnmark.no\/\",\"logo\":{\"@type\":\"ImageObject\",\"inLanguage\":\"de\",\"@id\":\"https:\/\/offroadfinnmark.no\/#\/schema\/logo\/image\/\",\"url\":\"https:\/\/offroadfinnmark.no\/wp-content\/uploads\/2017\/11\/of_logo_original_web.jpg\",\"contentUrl\":\"https:\/\/offroadfinnmark.no\/wp-content\/uploads\/2017\/11\/of_logo_original_web.jpg\",\"width\":649,\"height\":172,\"caption\":\"Offroad Finmark\"},\"image\":{\"@id\":\"https:\/\/offroadfinnmark.no\/#\/schema\/logo\/image\/\"}}]}<\/script>\n<!-- \/ Yoast SEO plugin. -->","yoast_head_json":{"title":"ARCHIV - OF300 - Offroad Finnmark","robots":{"index":"index","follow":"follow","max-snippet":"max-snippet:-1","max-image-preview":"max-image-preview:large","max-video-preview":"max-video-preview:-1"},"canonical":"https:\/\/offroadfinnmark.no\/de\/of300\/","og_locale":"de_DE","og_type":"article","og_title":"ARCHIV - OF300 - Offroad Finnmark","og_description":"SmartDok OF300 hinterl\u00e4sst bleibende Spuren Wird dich f\u00fcr immer ver\u00e4ndern Live-Tracking Einschreibung Siehe registriert SmartDoc OF300 Alles, was Sie wissen m\u00fcssen Pr\u00e4mien Ausr\u00fcstung Checkpoint-Angebot Strecken und Karten Programm Fahrpaket Vorschriften Unterkunft Pr\u00e4mien Ausr\u00fcstung Angebote an Checkpoints Strecken und Karten Programm Fahrpaket VORSCHRIFTEN Unterkunft Mehr Gewinn in Ihrem Projekt! Arbeiten Sie in einem kleinen Zimmereibetrieb oder in einem Unternehmen mit zwei ... Read More","og_url":"https:\/\/offroadfinnmark.no\/de\/of300\/","og_site_name":"Offroad Finnmark","article_modified_time":"2023-06-20T12:49:50+00:00","og_image":[{"url":"http:\/\/offroadfinnmar.wpengine.com\/wp-content\/uploads\/2017\/12\/price_price-06.png"}],"twitter_card":"summary_large_image","twitter_misc":{"Gesch\u00e4tzte Lesezeit":"3\u00a0Minuten"},"schema":{"@context":"https:\/\/schema.org","@graph":[{"@type":"WebPage","@id":"https:\/\/offroadfinnmark.no\/de\/of300\/","url":"https:\/\/offroadfinnmark.no\/de\/of300\/","name":"ARCHIV - OF300 - Offroad Finnmark","isPartOf":{"@id":"https:\/\/offroadfinnmark.no\/#website"},"primaryImageOfPage":{"@id":"https:\/\/offroadfinnmark.no\/de\/of300\/#primaryimage"},"image":{"@id":"https:\/\/offroadfinnmark.no\/de\/of300\/#primaryimage"},"thumbnailUrl":"https:\/\/offroadfinnmark.no\/wp-content\/uploads\/2017\/12\/price_price-06.png","datePublished":"2018-01-02T13:09:59+00:00","dateModified":"2023-06-20T12:49:50+00:00","breadcrumb":{"@id":"https:\/\/offroadfinnmark.no\/de\/of300\/#breadcrumb"},"inLanguage":"de","potentialAction":[{"@type":"ReadAction","target":["https:\/\/offroadfinnmark.no\/de\/of300\/"]}]},{"@type":"ImageObject","inLanguage":"de","@id":"https:\/\/offroadfinnmark.no\/de\/of300\/#primaryimage","url":"https:\/\/offroadfinnmark.no\/wp-content\/uploads\/2017\/12\/price_price-06.png","contentUrl":"https:\/\/offroadfinnmark.no\/wp-content\/uploads\/2017\/12\/price_price-06.png"},{"@type":"BreadcrumbList","@id":"https:\/\/offroadfinnmark.no\/de\/of300\/#breadcrumb","itemListElement":[{"@type":"ListItem","position":1,"name":"Home","item":"https:\/\/offroadfinnmark.no\/de\/home-3-2-2-2\/"},{"@type":"ListItem","position":2,"name":"ARCHIV &#8211; OF300"}]},{"@type":"WebSite","@id":"https:\/\/offroadfinnmark.no\/#website","url":"https:\/\/offroadfinnmark.no\/","name":"https:\/\/offroadfinnmark.no\/","description":"We make people bike in the arctic","publisher":{"@id":"https:\/\/offroadfinnmark.no\/#organization"},"potentialAction":[{"@type":"SearchAction","target":{"@type":"EntryPoint","urlTemplate":"https:\/\/offroadfinnmark.no\/?s={search_term_string}"},"query-input":"required name=search_term_string"}],"inLanguage":"de"},{"@type":"Organization","@id":"https:\/\/offroadfinnmark.no\/#organization","name":"Offroad Finmark","url":"https:\/\/offroadfinnmark.no\/","logo":{"@type":"ImageObject","inLanguage":"de","@id":"https:\/\/offroadfinnmark.no\/#\/schema\/logo\/image\/","url":"https:\/\/offroadfinnmark.no\/wp-content\/uploads\/2017\/11\/of_logo_original_web.jpg","contentUrl":"https:\/\/offroadfinnmark.no\/wp-content\/uploads\/2017\/11\/of_logo_original_web.jpg","width":649,"height":172,"caption":"Offroad Finmark"},"image":{"@id":"https:\/\/offroadfinnmark.no\/#\/schema\/logo\/image\/"}}]}},"_links":{"self":[{"href":"https:\/\/offroadfinnmark.no\/de\/wp-json\/wp\/v2\/pages\/5605","targetHints":{"allow":["GET"]}}],"collection":[{"href":"https:\/\/offroadfinnmark.no\/de\/wp-json\/wp\/v2\/pages"}],"about":[{"href":"https:\/\/offroadfinnmark.no\/de\/wp-json\/wp\/v2\/types\/page"}],"author":[{"embeddable":true,"href":"https:\/\/offroadfinnmark.no\/de\/wp-json\/wp\/v2\/users\/2"}],"replies":[{"embeddable":true,"href":"https:\/\/offroadfinnmark.no\/de\/wp-json\/wp\/v2\/comments?post=5605"}],"version-history":[{"count":0,"href":"https:\/\/offroadfinnmark.no\/de\/wp-json\/wp\/v2\/pages\/5605\/revisions"}],"wp:attachment":[{"href":"https:\/\/offroadfinnmark.no\/de\/wp-json\/wp\/v2\/media?parent=5605"}],"curies":[{"name":"wp","href":"https:\/\/api.w.org\/{rel}","templated":true}]}}